{"id":44,"date":"2014-02-04T12:44:56","date_gmt":"2014-02-04T10:44:56","guid":{"rendered":"http:\/\/wp.ffzg.unizg.hr\/apra\/?page_id=44"},"modified":"2025-04-24T10:38:40","modified_gmt":"2025-04-24T08:38:40","slug":"magistarski-radovi","status":"publish","type":"page","link":"https:\/\/arheo.ffzg.unizg.hr\/provincijalna\/?page_id=44","title":{"rendered":"Magistarski radovi"},"content":{"rendered":"<p>Vera Bitrakova, <i><a href=\"http:\/\/koha.ffzg.unizg.hr\/cgi-bin\/koha\/opac-detail.pl?biblionumber=265129\">Starokr\u0161\u0107anski crkveni objekti u ohridskom regionu<\/a>, <\/i>magistarski rad, mentor ?, 19[??].<\/p>\n<p>Enver Imamovi\u0107, <a href=\"http:\/\/koha.ffzg.unizg.hr\/cgi-bin\/koha\/opac-detail.pl?biblionumber=265168\"><i>Anti\u010dko rudarstvo i zanatstvo Bosne<\/i><\/a>,<i> <\/i>magistarski rad, mentor ?, 1970.<\/p>\n<p>Remzija Alagi\u0107-Ko\u0161\u010devi\u0107, <a href=\"http:\/\/koha.ffzg.unizg.hr\/cgi-bin\/koha\/opac-detail.pl?biblionumber=265126\"><i>Anti\u010dke fibule s podru\u010dja Siska i problem doma\u0107ih radionica<\/i><\/a>,<i> <\/i>magistarski rad, mentor ?, 1975.<i><\/i><\/p>\n<p>Exhlale Dobruna, <i><a href=\"http:\/\/koha.ffzg.unizg.hr\/cgi-bin\/koha\/opac-detail.pl?biblionumber=265147\">Anti\u010dki sepulkralni spomenici ju\u017ene Iliride (tipologija i razvoj)<\/a>, <\/i>magistarski rad, mentor ?, 1975.<i><\/i><\/p>\n<p>Emilio Marin, <i>Rimska sakralna arhitektura na isto\u010dnoj obali Jadrana, <\/i>magistarski rad, mentor Marin Zaninovi\u0107, 1977.<\/p>\n<p>Marija Buzov, <i><a href=\"http:\/\/koha.ffzg.unizg.hr\/cgi-bin\/koha\/opac-detail.pl?biblionumber=265133\">Anti\u010dki i ranokr\u0161\u0107anski mozaici s natpisom na isto\u010dnom Jadranu (u Istri i Dalmaciji)<\/a>, <\/i>magistarski rad, mentor ?, 1980.<i><\/i><\/p>\n<p>Zlatko Virc, <i><a href=\"http:\/\/koha.ffzg.unizg.hr\/cgi-bin\/koha\/opac-detail.pl?biblionumber=265390\">Gra\u0111evna aktivnost i munificijencije na podru\u010dju ju\u017ene Panonije<\/a>, <\/i>magistarski rad, mentor ?, 1981.<\/p>\n<p>Jasna Jeli\u010di\u0107<i>, <\/i><i><a href=\"http:\/\/koha.ffzg.unizg.hr\/cgi-bin\/koha\/opac-detail.pl?biblionumber=265226\">Narteks u ranokr\u0161\u0107anskoj arhitekturi na podru\u010dju isto\u010dnog Jadrana<\/a>, <\/i>magistarski rad, mentor ?, 1981.<\/p>\n<p>Mithad Kozli\u010di\u0107<i>,<\/i><i><a href=\"http:\/\/koha.ffzg.unizg.hr\/cgi-bin\/koha\/opac-detail.pl?biblionumber=265234\"> Historijska geografija isto\u010dne obale Jadrana u svjetlu kartografskih istra\u017eivanja Ptolomejeve Geografije<\/a>, <\/i>magistarski rad, mentor Mate Sui\u0107, 1984.<\/p>\n<p>Marina Mili\u0107evi\u0107, <i><a href=\"http:\/\/koha.ffzg.unizg.hr\/cgi-bin\/koha\/opac-detail.pl?biblionumber=265277\">Rimski kalendar s posebnim obzirom na njegovu epigrafsku, izvornu, gra\u0111u<\/a>,<\/i> magistarski rad, mentor Duje Rendi\u0107 Mio\u010devi\u0107, 1984.<i><\/i><\/p>\n<p>Robert Matija\u0161i\u0107, <a href=\"http:\/\/koha.ffzg.unizg.hr\/cgi-bin\/koha\/opac-detail.pl?biblionumber=265265\"><i>Ageri anti\u010dkih kolonija Pola i Parentium i njihova naseljenost od I. do III. stolje\u0107a<\/i><\/a><i>, <\/i>magistarski rad, mentor Duje Rendi\u0107 Mio\u010devi\u0107, 1985.<\/p>\n<p>Marija Kolega, <i><a href=\"http:\/\/koha.ffzg.unizg.hr\/cgi-bin\/koha\/opac-detail.pl?biblionumber=265227\">Rimska portretna plastika u Arheolo\u0161kom muzeju u Zadru<\/a>, <\/i>magistarski rad, mentor ?, 1986.<\/p>\n<p>Naser Ferri, <i><a href=\"http:\/\/koha.ffzg.unizg.hr\/cgi-bin\/koha\/opac-detail.pl?biblionumber=265158\">Dru\u0161tveno-ekonomski status oslobo\u0111enika u Gornjoj Meziji<\/a>, <\/i>magistarski rad, mentor Marin Zaninovi\u0107, 1986.<\/p>\n<p>Snje\u017eana Vasilj, <i><a href=\"http:\/\/koha.ffzg.unizg.hr\/cgi-bin\/koha\/opac-detail.pl?biblionumber=265383\">Helenisti\u010dki elementi na podru\u010dju Daorsa<\/a>, <\/i>magistarski rad, mentor Marin Zaninovi\u0107, 1986.<\/p>\n<p>Alka Domi\u0107 Kuni\u0107, <i><a href=\"http:\/\/koha.ffzg.unizg.hr\/cgi-bin\/koha\/opac-detail.pl?biblionumber=265152\">Iliri u rimskim vojni\u010dkim diplomama i natpisima<\/a>, <\/i>magistarski rad, mentor Marin Zaninovi\u0107, 1987.<\/p>\n<p>\u017deljko Mileti\u0107, <a href=\"http:\/\/koha.ffzg.unizg.hr\/cgi-bin\/koha\/opac-detail.pl?biblionumber=265275\"><i>Topografija salonitanskih nekropola<\/i><\/a>, magistarski rad, mentor Marin Zaninovi\u0107, 1989.<\/p>\n<p>Jadranka Nerali\u0107, <a href=\"http:\/\/biblio.irb.hr\/prikazi-rad?&amp;lang=en&amp;rad=234660\" target=\"_blank\" rel=\"noopener\"><i>Epigrafika u djelima pisaca hrvatske povijesti<\/i><\/a><i>, <\/i>magistarski rad, mentor Marin Zaninovi\u0107, 1989.<\/p>\n<p>Mirza Hasan \u0106eman, <i><a href=\"http:\/\/koha.ffzg.unizg.hr\/cgi-bin\/koha\/opac-detail.pl?biblionumber=246010\">Rimska vojni\u010dka topografija i epigrafija podru\u010dja izme\u0111u rijeka Krke i Neretve<\/a>, <\/i>magistarski rad, mentor Marin Zaninovi\u0107, 1989.<\/p>\n<p>\u010cedomir Popovi\u0107, <i><a href=\"http:\/\/koha.ffzg.unizg.hr\/cgi-bin\/koha\/opac-detail.pl?biblionumber=265310\">Anti\u010dka naselja uz komunikaciju Epidaurum\u2013Narona<\/a>,<\/i> magistarski rad, mentor ?, 1989.<\/p>\n<p>Leonida Kova\u010d, <i><a href=\"http:\/\/koha.ffzg.unizg.hr\/cgi-bin\/koha\/opac-detail.pl?biblionumber=224712\">Nezakcijski kult: simboli\u010dke forme i njihove transformacije od 6. st. pr.n.e. do 6. st.n.e.<\/a>, <\/i>magistarski rad, mentor Marin Zaninovi\u0107, 1990.<\/p>\n<p>Mirja Jarak, <i><a href=\"http:\/\/koha.ffzg.unizg.hr\/cgi-bin\/koha\/opac-detail.pl?biblionumber=224705\">Ranokr\u0161\u0107anske op\u0107ine u urbanim sredi\u0161tima jugoslavenskog dijela Panonije<\/a>, <\/i>magistarski rad, mentor Marin Zaninovi\u0107, 1990.<\/p>\n<p>Ante \u0160kegro, <i><a href=\"http:\/\/koha.ffzg.unizg.hr\/cgi-bin\/koha\/opac-detail.pl?biblionumber=224821\">Anti\u010dka ekonomika u Bosni i Hercegovini (na osnovi epigrafskih izvora)<\/a>,<\/i> magistarski rad, mentor Marin Zaninovi\u0107, 1990.<\/p>\n<p>Danko Zeli\u0107, <i><a href=\"http:\/\/koha.ffzg.unizg.hr\/cgi-bin\/koha\/opac-detail.pl?biblionumber=265413\">Prostorna organizacija otoka Krka u antici<\/a>, <\/i>magistarski rad, mentor Igor Fiskovi\u0107, 1992.<\/p>\n<p>Ivanka Ribarevi\u0107, <i><a href=\"http:\/\/koha.ffzg.unizg.hr\/cgi-bin\/koha\/opac-detail.pl?biblionumber=265329\">Tipolo\u0161ka klasifikacija ranokr\u0161\u0107anskih bazilika u Hercegovini<\/a>, <\/i>magistarski rad, mentor ?, 1992.<\/p>\n<p>Tajana Sekelj, <i><a href=\"http:\/\/koha.ffzg.unizg.hr\/cgi-bin\/koha\/opac-detail.pl?biblionumber=224800\">Srednjovjekovna nalazi\u0161ta sjeverne Hrvatske: stanje istra\u017eivanja i statistika srednjovjekovnih lokaliteta kontinentalnog dijela Republike Hrvatske do 1991. godine<\/a>, <\/i>magistarski rad, mentor Marin Zaninovi\u0107, 1992.<\/p>\n<p>Sr\u0111ana Schoenauer, <i><a href=\"http:\/\/koha.ffzg.unizg.hr\/cgi-bin\/koha\/opac-detail.pl?biblionumber=265435\">Analiza odjevnih predmeta i nakita na anti\u010dkim spomenicima u Dalmaciji<\/a>, <\/i>magistarski rad, mentor Nenad Cambi, 1993.<\/p>\n<p>Branko Matuli\u0107, <a href=\"http:\/\/koha.ffzg.unizg.hr\/cgi-bin\/koha\/opac-detail.pl?biblionumber=265270\"><i>Salonitanska radionica mozaika<\/i><\/a>, magistarski rad, mentor Marin Zaninovi\u0107, 1994.<\/p>\n<p>Miroslav Glavi\u010di\u0107, <i><a href=\"http:\/\/koha.ffzg.unizg.hr\/cgi-bin\/koha\/opac-detail.pl?biblionumber=265177\">Anti\u010dka Senija. Spomenici i topografija<\/a>,<\/i> magistarska radnja, mentor Marin Zaninovi\u0107, 1994.<\/p>\n<p>Dra\u017een Mar\u0161i\u0107, <i><a href=\"http:\/\/koha.ffzg.unizg.hr\/cgi-bin\/koha\/opac-detail.pl?biblionumber=265263\">Anti\u010dki Epetij<\/a>, <\/i>magistarski rad, mentor Nenad Cambi, 1995.<\/p>\n<p>Hermine Goericke-Luki\u0107, <a href=\"http:\/\/koha.ffzg.unizg.hr\/cgi-bin\/koha\/opac-detail.pl?biblionumber=265175\"><i>Isto\u010dna nekropola rimske Murse<\/i><\/a>, magistarski rad, mentor Marin Zaninovi\u0107, 1996.<\/p>\n<p>Tomislav \u0160eparovi\u0107, <i><a href=\"http:\/\/koha.ffzg.unizg.hr\/cgi-bin\/koha\/opac-detail.pl?biblionumber=265439\">Dekurioni i gradska vije\u0107a u rimskoj provinciji Dalmaciji<\/a>, <\/i>magistarski rad, mentor Marin Zaninovi\u0107, 1996.<\/p>\n<p>Kornelija A. Giunio, <i><a href=\"http:\/\/koha.ffzg.unizg.hr\/cgi-bin\/koha\/opac-detail.pl?biblionumber=265167\">Tipologija rimskih hramova carskog doba i njihov odraz na isto\u010dnoj obali Jadrana<\/a>, <\/i>magistarski rad, mentor Nenad Cambi, 1997.<\/p>\n<p>Goranka Lipovac Vrkljan, <i><a href=\"http:\/\/koha.ffzg.unizg.hr\/cgi-bin\/koha\/opac-detail.pl?biblionumber=265258\">Arheolo\u0161ke potvrde mitrai\u010dke religije na prostoru rimske provincije Dalmacije: pitanje kontinuiteta<\/a>, <\/i>magistarski rad, mentor Petar Selem, 1997.<\/p>\n<p>Goran Jakovljevi\u0107, <i><a href=\"http:\/\/koha.ffzg.unizg.hr\/cgi-bin\/koha\/opac-detail.pl?biblionumber=265222\">Ra\u010da i \u017eupna crkva Uznesenja Bla\u017eene Djevice Marije u Novoj Ra\u010di u svjetlu povijesnih i arheolo\u0161kih istra\u017eivanja<\/a>, <\/i>magistarski rad, mentor Marin Zaninovi\u0107, 1998.<\/p>\n<p>Sanja Iv\u010devi\u0107, <i><a href=\"http:\/\/koha.ffzg.unizg.hr\/cgi-bin\/koha\/opac-detail.pl?biblionumber=265170\">Anti\u010dke fibule iz Salone<\/a>,<\/i> magistarski rad, mentor Marin Zaninovi\u0107, 1998.<\/p>\n<p>\u017deljko Krn\u010devi\u0107, <i><a href=\"http:\/\/koha.ffzg.unizg.hr\/cgi-bin\/koha\/opac-detail.pl?biblionumber=265256\">Srednjovjekovna arheolo\u0161ka topografija na podru\u010dju \u017dupanije \u0161ibenske<\/a>, <\/i>magistarski rad, mentor Marin Zaninovi\u0107, 1998.<\/p>\n<p>Vladimir Posavec, <a href=\"http:\/\/koha.ffzg.unizg.hr\/cgi-bin\/koha\/opac-detail.pl?biblionumber=265316\"><i>Dalmacija u vrijeme Marcelina i Julija Nepota<\/i><\/a><i>,<\/i> magistarski rad, mentor Bruna Kunti\u0107-Makvi\u0107, 1998.<\/p>\n<p>Mladen Tomorad, <a href=\"http:\/\/koha.ffzg.unizg.hr\/cgi-bin\/koha\/opac-detail.pl?biblionumber=265454\"><i>Egipatske starine u hrvatskim povijesnim znanostima<\/i><\/a><i>,<\/i> magistarski rad, mentor Petar Selem, 1998.<\/p>\n<p>Zrinka Buljevi\u0107, <a href=\"http:\/\/koha.ffzg.unizg.hr\/cgi-bin\/koha\/opac-detail.pl?biblionumber=265131\"><i>Rimski stakleni balzamariji iz Salone. Stara zbirka Arheolo\u0161kog muzeja<\/i><\/a>, magistarska radnja, mentor Mirjana Sanader, 1999.<\/p>\n<p>Magda Zori\u0107, <i>Rano kr\u0161\u0107anstvo na \u0161irem podru\u010dju grada \u0160ibenika, <\/i>magistarski rad, mentor Nenad Cambi, 2001.<\/p>\n<p>Bartul \u0160iljeg,<i><a href=\"http:\/\/koha.ffzg.unizg.hr\/cgi-bin\/koha\/opac-detail.pl?biblionumber=224823\"> Vojna arhitektura Justinijanovog doba na sjevernom Hrvatskom primorju<\/a>,<\/i> magistarski rad, mentor \u017deljko Tomi\u010di\u0107, 2001.<\/p>\n<p>Sanja Bo\u017eek, <i><a href=\"http:\/\/koha.ffzg.unizg.hr\/cgi-bin\/koha\/opac-detail.pl?biblionumber=224635\">Srednjovjekovna groblja na Makarskom primorju<\/a>, <\/i>magistarski rad, mentor Marin Zaninovi\u0107, 2001.<\/p>\n<p>Sini\u0161a Bili\u0107 Dujmu\u0161i\u0107, <i>Ratne operacije u provinciji Ilirik 49.-47.g.pr. Krista<\/i>, magistarski rad, mentor Slobodan \u010ca\u010de, 2001.<\/p>\n<p>Luka Beki\u0107, <i><a href=\"http:\/\/koha.ffzg.unizg.hr\/cgi-bin\/koha\/opac-detail.pl?biblionumber=265127\">Ilirski i rimski Andetrij<\/a>, <\/i>magistarski rad, mentor Mirjana Sanader, 2002.<\/p>\n<p>Ana Kili\u0107-Mati\u0107, <i><a href=\"http:\/\/koha.ffzg.unizg.hr\/cgi-bin\/koha\/opac-detail.pl?biblionumber=282126\">Rimske villae rusticae na isto\u010dnoj jadranskoj obali<\/a>, <\/i>magistarski rad, mentor Nenad Cambi, 2002.<\/p>\n<p>Zoran Wiewegh, <i><a href=\"http:\/\/koha.ffzg.unizg.hr\/cgi-bin\/koha\/opac-detail.pl?biblionumber=265408\">Jugoisto\u010dna nekropola Siscije<\/a>, <\/i>magistarski rad, mentor Zoran Gregl, 2003.<\/p>\n<p>Ljubica Perini\u0107, <i>Vojni\u010dki kultovi na podru\u010dju Hrvatske (rimska provincija Dalmacija i ju\u017ena Panonija),<\/i> magistarski rad, mentor Branka Migotti, 2003.<\/p>\n<p>Martina<i> <\/i><em>Ble\u010di\u0107<\/em><i>, <\/i><em>Autohtona kultura rije\u010dke regije<\/em> <i>do<\/i> <em>rimskodobne peregrinske Tarsatike<\/em>, magistarski rad, mentor ?, 2003.<\/p>\n<p>Domagoj Ton\u010dini\u0107, <a href=\"http:\/\/koha.ffzg.unizg.hr\/cgi-bin\/koha\/opac-detail.pl?biblionumber=265456\"><i>Spomenici VII. legije na podru\u010dju rimske provincije Dalmacije<\/i><\/a>, magistarski rad, mentor Mirjana Sanader, 2004.<\/p>\n<p>Salmedin Mesihovi\u0107, <i><a href=\"http:\/\/koha.ffzg.unizg.hr\/cgi-bin\/koha\/opac-detail.pl?biblionumber=265273\">Problem kulturne i etni\u010dke zajednice Autarijata<\/a>, <\/i>magistarski rad, mentor Aleksandar Stip\u010devi\u0107, 2004.<\/p>\n<p>Adnan Busulad\u017ei\u0107, <i><a href=\"http:\/\/koha.ffzg.unizg.hr\/cgi-bin\/koha\/opac-detail.pl?biblionumber=265132\">Anti\u010dke svjetiljke iz zbirke Zemaljskog muzeja Bosne i Hercegovine<\/a>, <\/i>magistarski rad, mentor Marin Zaninovi\u0107, 2004.<\/p>\n<p>Ton\u010di Borovac, <i>Starokr\u0161\u0107anske freske i \u017ebuke u prostoru od Zadra do Dubrovnika \u2013 poznavanje i o\u010duvanje, <\/i>magistarski rad, mentor Nenad Cambi, 2004.<\/p>\n<p>Ivana O\u017eani\u0107, <a href=\"http:\/\/koha.ffzg.unizg.hr\/cgi-bin\/koha\/opac-detail.pl?biblionumber=265307\"><i>Tipologija rimske keramike iz Vinkovaca<\/i><\/a>, magistarski rad, mentor Ivana Iskra Jano\u0161i\u0107, 2004.<\/p>\n<p>Dubravka Zaninovi\u0107, <i><a href=\"http:\/\/koha.ffzg.unizg.hr\/cgi-bin\/koha\/opac-detail.pl?biblionumber=265410\">Rimske svjetiljke iz Siska: iz fundusa Gradskog muzeja Sisak<\/a>, <\/i>magistarski rad, mentor Marin Zaninovi\u0107, 2005.<\/p>\n<p>Kristina Jelin\u010di\u0107, <i>Topografija rusti\u010dnih vila na otoku Bra\u010du,<\/i> magistarski rad, mentor Robert Matija\u0161i\u0107, 2005.<\/p>\n<p>Kristina D\u017ein, <i><a href=\"http:\/\/koha.ffzg.unizg.hr\/cgi-bin\/koha\/opac-detail.pl?biblionumber=281139\">Rimska opekarsko-kerami\u010darska sredi\u0161ta u Istri<\/a>, <\/i>magistarski rad, mentor Mirjana Sanader, 2005.<\/p>\n<p>Nikolina Uroda, <i><a href=\"http:\/\/koha.ffzg.unizg.hr\/cgi-bin\/koha\/opac-detail.pl?biblionumber=265378\">Biograd i njegova okolica u antici na temelju neobjavljenog arheolo\u0161kog materijala<\/a>, <\/i>magistarski rad, mentor Nenad Cambi, 2005.<\/p>\n<p>Tino Lelekovi\u0107, <i>Reljefna<\/i> <i>terra sigillata s podru\u010dja grada Vinkovaca, <\/i>magistarski rad, mentor Janka Isteni\u010d, 2007.<\/p>\n<p>Radoslav Dodig, <i>Ljubu\u0161ki kraj u anti\u010dko doba, <\/i>magistarski rad, mentor Nenad Cambi, 2006.<\/p>\n<p>Boris \u010cargo, <i><a href=\"http:\/\/koha.ffzg.unizg.hr\/cgi-bin\/koha\/opac-detail.pl?biblionumber=265143\">Martvilo &#8211; zapadna nekropola Isse<\/a>, <\/i>magistarski rad, mentor Nenad Cambi, 2009.<\/p>\n<p>Katarina Gugo Rum\u0161tajn, <em>Ostaci anti\u010dke i srednjovjekovne arhitekture na kninskom podru\u010dju<\/em>, magistarski rad, mentor ?, ?<\/p>\n","protected":false},"excerpt":{"rendered":"<p>Vera Bitrakova, Starokr\u0161\u0107anski crkveni objekti u ohridskom regionu, magistarski rad, mentor ?, 19[??]. Enver Imamovi\u0107, Anti\u010dko rudarstvo i zanatstvo Bosne, magistarski rad, mentor ?, 1970. &hellip;<\/p>\n","protected":false},"author":3,"featured_media":0,"parent":40,"menu_order":0,"comment_status":"closed","ping_status":"closed","template":"","meta":{"footnotes":""},"class_list":["post-44","page","type-page","status-publish","hentry"],"_links":{"self":[{"href":"https:\/\/arheo.ffzg.unizg.hr\/provincijalna\/index.php?rest_route=\/wp\/v2\/pages\/44","targetHints":{"allow":["GET"]}}],"collection":[{"href":"https:\/\/arheo.ffzg.unizg.hr\/provincijalna\/index.php?rest_route=\/wp\/v2\/pages"}],"about":[{"href":"https:\/\/arheo.ffzg.unizg.hr\/provincijalna\/index.php?rest_route=\/wp\/v2\/types\/page"}],"author":[{"embeddable":true,"href":"https:\/\/arheo.ffzg.unizg.hr\/provincijalna\/index.php?rest_route=\/wp\/v2\/users\/3"}],"replies":[{"embeddable":true,"href":"https:\/\/arheo.ffzg.unizg.hr\/provincijalna\/index.php?rest_route=%2Fwp%2Fv2%2Fcomments&post=44"}],"version-history":[{"count":2,"href":"https:\/\/arheo.ffzg.unizg.hr\/provincijalna\/index.php?rest_route=\/wp\/v2\/pages\/44\/revisions"}],"predecessor-version":[{"id":2925,"href":"https:\/\/arheo.ffzg.unizg.hr\/provincijalna\/index.php?rest_route=\/wp\/v2\/pages\/44\/revisions\/2925"}],"up":[{"embeddable":true,"href":"https:\/\/arheo.ffzg.unizg.hr\/provincijalna\/index.php?rest_route=\/wp\/v2\/pages\/40"}],"wp:attachment":[{"href":"https:\/\/arheo.ffzg.unizg.hr\/provincijalna\/index.php?rest_route=%2Fwp%2Fv2%2Fmedia&parent=44"}],"curies":[{"name":"wp","href":"https:\/\/api.w.org\/{rel}","templated":true}]}}