{"id":36,"date":"2014-02-04T12:43:33","date_gmt":"2014-02-04T10:43:33","guid":{"rendered":"http:\/\/wp.ffzg.unizg.hr\/apra\/?page_id=36"},"modified":"2024-02-22T10:32:45","modified_gmt":"2024-02-22T08:32:45","slug":"tilurium","status":"publish","type":"page","link":"https:\/\/arheo.ffzg.unizg.hr\/provincijalna\/?page_id=36","title":{"rendered":"Tilurium"},"content":{"rendered":"<p style=\"text-align: justify;\"><a href=\"https:\/\/hr.wikipedia.org\/wiki\/Tilurij\">Rimski vojni logor &#8211; Tilurij<\/a> nalazi se na mjestu dana\u0161njega sela Gardun, udaljenoga nekoliko kilometara od grada Trilja. Rimljani su bili podigli logor na mjestu nekada\u0161nje ilirske gradine, na sjeveroisto\u010dnom dijelu visoravni koja se uzdi\u017ee iznad desne obale rijeke Cetine (Hyppus). Kod dana\u0161nje crkve sv. Petra, dominantne i strate\u0161ke to\u010dke isto\u010dno od logora, gdje apsolutna visina dose\u017ee 429 m, pru\u017ea se pogled na rijeku Cetinu i prijelaze preko nje kao i na sva okolna polja i visoravni. Naravno da se s toga mjesta dalo nadgledati i prometnice, \u0161to je bilo va\u017eno jer je preko Cetine vodila cesta Salona &#8211; Argentaria, da bi se upravo tu, na Cetini, na mjestu dana\u0161njega grada Trilja, koji se u anti\u010dkim itinererima spominje kao Pons Tiluri, ra\u010dvala u dva pravca. Jedan je pravac i\u0161ao preko Delminija, na sjeveroistok prema Argentariji, a drugi preko Narone prema Skadru i Dirahiju, na jugoistoku.<\/p>\n<div id=\"attachment_411\" style=\"width: 284px\" class=\"wp-caption aligncenter\"><a href=\"https:\/\/arheo.ffzg.unizg.hr\/provincijalna\/wp-content\/uploads\/2014\/02\/gardun-2010-57.jpg\"><img loading=\"lazy\" decoding=\"async\" aria-describedby=\"caption-attachment-411\" class=\" wp-image-411\" src=\"https:\/\/arheo.ffzg.unizg.hr\/provincijalna\/wp-content\/uploads\/2014\/02\/gardun-2010-57-300x199.jpg\" alt=\"gardun 2010 (57)\" width=\"274\" height=\"180\" \/><\/a><p id=\"caption-attachment-411\" class=\"wp-caption-text\">Pogled sa obale rijeke Cetine na ilirsku gradinu i dana\u0161nju crkvicu Sv. Petra (gore lijevo)<\/p><\/div>\n<p style=\"text-align: justify;\">Prostor logora se prema sjeveru, na mjestu gdje se nalazi lokalitet Me\u0111ine, stepenasto penje do visine od 440 m, dok se na jugu prema lokalitetu Podvornice teren spu\u0161ta na 377 m. Prema zapadu podru\u010dje dana\u0161njeg sela Gardun grani\u010di s teritorijem sela Vojni\u0107. Na ulazu u samu vojni\u0107ku dolinu nalaze se i danas ostaci ilirskog bedema zvanog Prizida. Taj je bedem, \u010dija je \u0161irina iznosila oko 2 m a visina oko 4 m, sagra\u0111en tehnikom suhozida. Veliki kameni blokovi slagali su se bez upotrebe \u017ebuke s vanjske i unutra\u0161nje strane, a me\u0111uprostor se ispunjavao usitnjenim kamenjem. Danas je od nekada\u0161njeg bedema sa\u010duvana ta unutra\u0161nja ispuna koja se, zbog toga \u0161to su vanjski kameni oblozi odneseni, ra\u0161irila i spustila. Bedem je zatvarao prilaz s visoravni Poda, a pru\u017eao se od krajnjega juga \u010cemernice, tj. brda Bra\u010dice do lokaliteta &#8220;Kusi\u0107a gomile&#8221; koji se nalazi isto\u010dno od sela Bu\u0107ani. Ti su bedemi, iako jo\u0161 uvijek ne znamo vrijeme njihove izgradnje, igrali sigurno veliku ulogu u za\u0161titi prilaza ilirskoj gradini koja se neko\u0107 nalazila na podru\u010dju Tilurija. Na mjestu te strate\u0161ki izvanredno dobro smje\u0161tene gradine podigli su Rimljani vojni logor, koji je zajedno s onim u Burnumu, kao i kastelom na Gra\u010dinama (Bigeste) te s nekoliko manjih kastela \u010dinio obrambenu crtu, neku vrstu limesa prema, u tom vremenu, jo\u0161 nesigurnoj unutra\u0161njosti provincije, \u010dime je bilo presje\u010deno podru\u010dje ratobornih Delmata.<\/p>\n<p style=\"text-align: justify;\">Iako je u znanstvenoj literaturi zna\u010daj ovog legionarskog logora odavno uo\u010den, nakon njegove ubikacije koju je uspje\u0161no rije\u0161io S. Gunja\u010da, znanost se samo jednom temeljito pozabavila pitanjem Tilurija. Radi se o \u010dlanku M. Zaninovi\u0107a koji vrlo iscrpno analizira vojni zna\u010daj tog logora u antici. Osim \u0161to iznosi mi\u0161ljenje da je nekada\u0161nja ilirska utvrda Tilurium za vrijeme Oktavijanove vojne ekspedicije 34 &#8211; 33. pr. Kr. zaslu\u017eila Plinijev atribut, izre\u010den u re\u010denici: Burnum, Andetrium, Tribulium, nobilitata proeliis castella (N.H. III, 142), Zaninovi\u0107 podr\u017eava op\u0107e mi\u0161ljenje da je do gradnje logora do\u0161lo nakon gu\u0161enja Batonova ustanka 9. godine, ne polemiziraju\u0107i s mi\u0161ljenjem O. Cuntzea o dolasku rimskih trupa na Gardun najkasnije 15. pr. Kr.<\/p>\n<p style=\"text-align: justify;\">Rasprave o vremenu gradnje logora Burnum i Tilurij, te o stalnom stacioniranju rimskih legionarskih trupa u Iliriku koji iz toga proizlaze, poti\u010du prije svega dvije \u010dinjenice. Prva koja govori da je do kona\u010dne okupacije Ilirika do\u0161lo nakon dugogodi\u0161njeg rimskog truda obilje\u017eenog brojnim pohodima i krvavim bitkama, pobjedama ali i porazima. I druga, to \u0161to je od 226. pr. Kr. kada je zabilje\u017eeno da je rimska vojska prvi put intervenirala u Iliriku, pa do gu\u0161enja Batonova ustanka 9. godine, dakle u vi\u0161e od dvjestotrideset godina, tom provincijom pro\u0161la brojna rimska vojska. Vojska koja ni u kojem slu\u010daju nije mogla djelovati bez stalne i dobro organizirane logisti\u010dke podr\u0161ke. Svoj je sud o tom problemu najjasnije iznio Wilkes. On naime, \u010dvrsto zastupa stajali\u0161te da rimske trupe prije stacioniranja u Burnumu i Tiluriju, a to se dogodilo, po njemu, nakon 9. g. nisu imale svoja stalna i planirana boravi\u0161ta u Iliriku, te da je njihov boravak u toj provinciji bio uvjetovan ad hoc operacijama nakon \u010dega bi ga trupe napu\u0161tale. Sve su se ove rekonstrukcije nekada\u0161njih doga\u0111anja u svezi s rimskim logorom Tilurij i s boravkom rimskih trupa u Iliriku bazirali samo na jednoj znanstvenoj disciplini, naime na Staroj povijesti i pisanim izvorima iz rimskog vremena. Stoga arheolo\u0161ka istra\u017eivanja zapo\u010deta 1997. godine na podru\u010dju toga nekada\u0161njeg legionarskog logora mogu donijeti rezultate koji bi u kombinaciji s dosada\u0161njim spoznajama mogli pru\u017eiti temelje za stvaranje novih zaklju\u010daka ali naravno i za potvrdu dosada\u0161njih teza.<\/p>\n<p style=\"text-align: justify;\">I upravo je ta, prethodno opisana situacija, bila jedan od najva\u017enijih razloga koji su me potakli na arheolo\u0161ka istra\u017eivanja u Gardunu. Pred istra\u017eiva\u010da se postavilo vi\u0161e ciljeva, od kojih su mi se najzna\u010dajnijima i najbitnijima \u010dinili:<\/p>\n<ul>\n<li style=\"text-align: justify;\">kona\u010dno utvr\u0111ivanje polo\u017eaja i parametara nekada\u0161njeg rimskog legijskog logora<\/li>\n<li style=\"text-align: justify;\">utvr\u0111ivanje kronologije gradnje kao i njene stratigrafije.<\/li>\n<li style=\"text-align: justify;\">od izvanredne va\u017enosti je bilo i jest: kona\u010dno prekinuti odljev arheolo\u0161kog materijala s tog lokaliteta, te budu\u0107im nalazima utvrditi kontekst koji nema ni jedan gardunski spomenik koji se \u010duva u muzejima.<\/li>\n<\/ul>\n<p style=\"text-align: justify;\">Na podru\u010dju koje zauzima oko 12 hektara na kojem se nekada nalazio rimski vojni logor ostalo je malo toga sa\u010duvanoga. Jedini arhitektonski ostaci, djelomi\u010dno prepoznatljivi, su vrlo kratke dionice nekada\u0161njeg bedema na sjevernom i zapadnom dijelu logora. U samom su se selu Gardun mnoge ku\u0107e gradile od kamena koji je u antici slu\u017eio drugim objektima. Osim toga u zidovima ku\u0107a ugra\u0111eni su dijelovi razli\u010ditih spomenika od kojih se poneki \u010duvaju i po dvori\u0161tima.<\/p>\n<p style=\"text-align: center;\"><a href=\"http:\/\/koha.ffzg.unizg.hr\/cgi-bin\/koha\/opac-detail.pl?biblionumber=68537\" target=\"_blank\" rel=\"noopener noreferrer\">TILURIUM I.<\/a><\/p>\n<p style=\"text-align: center;\"><img loading=\"lazy\" decoding=\"async\" class=\"alignnone wp-image-885\" src=\"https:\/\/arheo.ffzg.unizg.hr\/provincijalna\/wp-content\/uploads\/2014\/11\/TILURIUM-I-220x300.jpg\" alt=\"TILURIUM I\" width=\"220\" height=\"300\" srcset=\"https:\/\/arheo.ffzg.unizg.hr\/provincijalna\/wp-content\/uploads\/2014\/11\/TILURIUM-I-220x300.jpg 220w, https:\/\/arheo.ffzg.unizg.hr\/provincijalna\/wp-content\/uploads\/2014\/11\/TILURIUM-I-754x1024.jpg 754w, https:\/\/arheo.ffzg.unizg.hr\/provincijalna\/wp-content\/uploads\/2014\/11\/TILURIUM-I.jpg 1520w\" sizes=\"auto, (max-width: 220px) 100vw, 220px\" \/><\/p>\n<p style=\"text-align: center;\"><a href=\"http:\/\/koha.ffzg.unizg.hr\/cgi-bin\/koha\/opac-detail.pl?biblionumber=260186\" target=\"_blank\" rel=\"noopener noreferrer\">TILURIUM II. sv. 1 (analiza i katalog)<\/a> i <a href=\"http:\/\/koha.ffzg.unizg.hr\/cgi-bin\/koha\/opac-detail.pl?biblionumber=260187\" target=\"_blank\" rel=\"noopener noreferrer\">sv. 2 (table)<\/a><\/p>\n<p style=\"text-align: center;\"><img loading=\"lazy\" decoding=\"async\" class=\"alignnone size-medium wp-image-886\" src=\"https:\/\/arheo.ffzg.unizg.hr\/provincijalna\/wp-content\/uploads\/2014\/11\/TILURIUM-II.-223x300.jpg\" alt=\"TILURIUM II.\" width=\"223\" height=\"300\" srcset=\"https:\/\/arheo.ffzg.unizg.hr\/provincijalna\/wp-content\/uploads\/2014\/11\/TILURIUM-II.-223x300.jpg 223w, https:\/\/arheo.ffzg.unizg.hr\/provincijalna\/wp-content\/uploads\/2014\/11\/TILURIUM-II.-763x1024.jpg 763w, https:\/\/arheo.ffzg.unizg.hr\/provincijalna\/wp-content\/uploads\/2014\/11\/TILURIUM-II..jpg 1526w\" sizes=\"auto, (max-width: 223px) 100vw, 223px\" \/><\/p>\n<p style=\"text-align: center;\"><a href=\"https:\/\/koha.ffzg.hr\/cgi-bin\/koha\/opac-detail.pl?biblionumber=335024&amp;query_desc=kw%2Cwrdl%3A%20tilurium%20III\">TILURIUM III.<\/a><\/p>\n<p style=\"text-align: center;\"><a href=\"https:\/\/arheo.ffzg.unizg.hr\/provincijalna\/wp-content\/uploads\/2014\/11\/Tilurij-III.jpg\"><img loading=\"lazy\" decoding=\"async\" class=\"alignnone size-medium wp-image-992\" src=\"https:\/\/arheo.ffzg.unizg.hr\/provincijalna\/wp-content\/uploads\/2014\/11\/Tilurij-III-221x300.jpg\" alt=\"Tilurij III\" width=\"221\" height=\"300\" srcset=\"https:\/\/arheo.ffzg.unizg.hr\/provincijalna\/wp-content\/uploads\/2014\/11\/Tilurij-III-221x300.jpg 221w, https:\/\/arheo.ffzg.unizg.hr\/provincijalna\/wp-content\/uploads\/2014\/11\/Tilurij-III.jpg 701w\" sizes=\"auto, (max-width: 221px) 100vw, 221px\" \/><\/a><\/p>\n<p style=\"text-align: center;\"><a href=\"https:\/\/koha.ffzg.hr\/cgi-bin\/koha\/opac-detail.pl?biblionumber=379354&amp;query_desc=kw%2Cwrdl%3A%20tilurium%20IV\">TILURIUM IV.<\/a><\/p>\n<p style=\"text-align: center;\"><img loading=\"lazy\" decoding=\"async\" class=\"size-medium wp-image-2225 aligncenter\" src=\"https:\/\/arheo.ffzg.unizg.hr\/provincijalna\/wp-content\/uploads\/2017\/12\/Tilurium-IV-1-1-220x300.jpg\" alt=\"\" width=\"220\" height=\"300\" srcset=\"https:\/\/arheo.ffzg.unizg.hr\/provincijalna\/wp-content\/uploads\/2017\/12\/Tilurium-IV-1-1-220x300.jpg 220w, https:\/\/arheo.ffzg.unizg.hr\/provincijalna\/wp-content\/uploads\/2017\/12\/Tilurium-IV-1-1-768x1048.jpg 768w, https:\/\/arheo.ffzg.unizg.hr\/provincijalna\/wp-content\/uploads\/2017\/12\/Tilurium-IV-1-1-750x1024.jpg 750w, https:\/\/arheo.ffzg.unizg.hr\/provincijalna\/wp-content\/uploads\/2017\/12\/Tilurium-IV-1-1.jpg 1528w\" sizes=\"auto, (max-width: 220px) 100vw, 220px\" \/><\/p>\n<p style=\"text-align: center;\"><a href=\"https:\/\/koha.ffzg.hr\/cgi-bin\/koha\/opac-detail.pl?biblionumber=413228&amp;query_desc=kw%2Cwrdl%3A%20TILURIUM%20V\">TILURIUM V<\/a>.<\/p>\n<p style=\"text-align: center;\"><img loading=\"lazy\" decoding=\"async\" class=\"size-medium wp-image-2692 aligncenter\" src=\"https:\/\/arheo.ffzg.unizg.hr\/provincijalna\/wp-content\/uploads\/2024\/02\/Tilurium-V-naslovna-222x300.jpg\" alt=\"\" width=\"222\" height=\"300\" srcset=\"https:\/\/arheo.ffzg.unizg.hr\/provincijalna\/wp-content\/uploads\/2024\/02\/Tilurium-V-naslovna-222x300.jpg 222w, https:\/\/arheo.ffzg.unizg.hr\/provincijalna\/wp-content\/uploads\/2024\/02\/Tilurium-V-naslovna.jpg 607w\" sizes=\"auto, (max-width: 222px) 100vw, 222px\" \/><\/p>\n<p style=\"text-align: center;\">\n<p style=\"text-align: center;\"><strong><a href=\"https:\/\/arheo.ffzg.unizg.hr\/provincijalna\/wp-content\/uploads\/2014\/02\/BIBLIOGRAFIJA.pdf\">BIBLIOGRAFIJA<\/a><\/strong><\/p>\n<p style=\"text-align: center;\"><a title=\"Galerija fotografija\" href=\"https:\/\/arheo.ffzg.unizg.hr\/provincijalna\/?page_id=1549\" target=\"_blank\" rel=\"noopener noreferrer\"><strong>GALERIJA FOTOGRAFIJA<\/strong><\/a><\/p>\n<p style=\"text-align: center;\"><strong><a href=\"https:\/\/hr-hr.facebook.com\/Arheolo%C5%A1ki-lokalitet-Tilurij-Gardun-593932817428261\/\">AKTUALNOSTI<\/a><\/strong><\/p>\n","protected":false},"excerpt":{"rendered":"<p>Rimski vojni logor &#8211; Tilurij nalazi se na mjestu dana\u0161njega sela Gardun, udaljenoga nekoliko kilometara od grada Trilja. Rimljani su bili podigli logor na mjestu &hellip;<\/p>\n","protected":false},"author":3,"featured_media":108,"parent":17,"menu_order":0,"comment_status":"closed","ping_status":"closed","template":"","meta":{"footnotes":""},"class_list":["post-36","page","type-page","status-publish","has-post-thumbnail","hentry"],"_links":{"self":[{"href":"https:\/\/arheo.ffzg.unizg.hr\/provincijalna\/index.php?rest_route=\/wp\/v2\/pages\/36","targetHints":{"allow":["GET"]}}],"collection":[{"href":"https:\/\/arheo.ffzg.unizg.hr\/provincijalna\/index.php?rest_route=\/wp\/v2\/pages"}],"about":[{"href":"https:\/\/arheo.ffzg.unizg.hr\/provincijalna\/index.php?rest_route=\/wp\/v2\/types\/page"}],"author":[{"embeddable":true,"href":"https:\/\/arheo.ffzg.unizg.hr\/provincijalna\/index.php?rest_route=\/wp\/v2\/users\/3"}],"replies":[{"embeddable":true,"href":"https:\/\/arheo.ffzg.unizg.hr\/provincijalna\/index.php?rest_route=%2Fwp%2Fv2%2Fcomments&post=36"}],"version-history":[{"count":16,"href":"https:\/\/arheo.ffzg.unizg.hr\/provincijalna\/index.php?rest_route=\/wp\/v2\/pages\/36\/revisions"}],"predecessor-version":[{"id":2694,"href":"https:\/\/arheo.ffzg.unizg.hr\/provincijalna\/index.php?rest_route=\/wp\/v2\/pages\/36\/revisions\/2694"}],"up":[{"embeddable":true,"href":"https:\/\/arheo.ffzg.unizg.hr\/provincijalna\/index.php?rest_route=\/wp\/v2\/pages\/17"}],"wp:featuredmedia":[{"embeddable":true,"href":"https:\/\/arheo.ffzg.unizg.hr\/provincijalna\/index.php?rest_route=\/wp\/v2\/media\/108"}],"wp:attachment":[{"href":"https:\/\/arheo.ffzg.unizg.hr\/provincijalna\/index.php?rest_route=%2Fwp%2Fv2%2Fmedia&parent=36"}],"curies":[{"name":"wp","href":"https:\/\/api.w.org\/{rel}","templated":true}]}}