{"id":34,"date":"2014-02-04T12:43:08","date_gmt":"2014-02-04T10:43:08","guid":{"rendered":"http:\/\/wp.ffzg.unizg.hr\/apra\/?page_id=34"},"modified":"2024-02-22T14:04:37","modified_gmt":"2024-02-22T12:04:37","slug":"nastava","status":"publish","type":"page","link":"https:\/\/arheo.ffzg.unizg.hr\/provincijalna\/?page_id=34","title":{"rendered":"Nastava"},"content":{"rendered":"<h2>POPIS PREDMETA IZ ANTI\u010cKE PROVINCIJALNE ARHEOLOGIJE NA PREDDIPLOMSKOM STUDIJU<\/h2>\n<p style=\"text-align: justify;\">Ovdje se nalazi popis predmeta preddiplomskog studija prema semestrima koji su upisani u ISVU sustav. Svake godine se u sklopu svakog pojedinog predmeta tematski predaju razli\u010diti kolegiji koji nose druga\u010dije nazive od samog predmeta. Me\u0111utim, u indeks se upisuje naziv predmeta, a ne kolegija. Prilikom upisivanja proseminara upisuje se samo naziv nastave, npr. proseminar iz provincijalne arheologije itd.<\/p>\n<h2>3. SEMESTAR<\/h2>\n<p>Izborni kolegij:<\/p>\n<ol>\n<li><a href=\"https:\/\/theta.ffzg.hr\/ECTS\/Predmet\/Index\/33522\">Rimski pokretni nalazi anti\u010dkog Ilirika<\/a><\/li>\n<\/ol>\n<h2>4. SEMESTAR<\/h2>\n<p>Izborni kolegiji:<\/p>\n<ol>\n<li><a href=\"https:\/\/theta.ffzg.hr\/ECTS\/Predmet\/Index\/33487\">Nekropole, grobovi i pogrebni obi\u010daji na podru\u010dju anti\u010dkog Ilirika<\/a><\/li>\n<li>O rimskoj hrani i pi\u0107u u svjetlu kerami\u010dkih nalaza s hrvatskog kopna i jadranskog podmorja<\/li>\n<\/ol>\n<h2>5. SEMESTAR<\/h2>\n<ol>\n<li><a href=\"https:\/\/theta.ffzg.hr\/ECTS\/Predmet\/Index\/1942\" target=\"_blank\" rel=\"noopener noreferrer\">Iliri, Grci i Rimljani u Iliriku<\/a><\/li>\n<li><a href=\"https:\/\/theta.ffzg.hr\/ECTS\/Predmet\/Index\/33914\" target=\"_blank\" rel=\"noopener noreferrer\">Uvod u rimsku provincijsku arheologiju + Proseminar\u00a0<\/a><\/li>\n<li><a href=\"https:\/\/theta.ffzg.hr\/ECTS\/Predmet\/Index\/6235\">Svakodnevni \u017eivot u rimskim provincijama<\/a><\/li>\n<\/ol>\n<p>Izborni kolegij:<\/p>\n<ol>\n<li><a href=\"https:\/\/theta.ffzg.hr\/ECTS\/Predmet\/Index\/258\">Autohtoni, rimski i orijentalni kultovi na podru\u010dju Hrvatske<\/a><\/li>\n<\/ol>\n<h3 class=\"header\"><strong>\u00a06. SEMESTAR<br \/>\n<\/strong><\/h3>\n<p>Izborni kolegij:<\/p>\n<ol>\n<li><a href=\"https:\/\/arheo.ffzg.unizg.hr\/provincijalna\/wp-content\/uploads\/2014\/02\/Syll_Ars-amatoria.pdf\">Ars amatoria. Seksualnost u antici u svjetlu arheolo\u0161kog materijala<\/a><\/li>\n<\/ol>\n<h2>POPIS PREDMETA IZ RANOKR\u0160\u0106ANSKE ARHEOLOGIJE NA PREDDIPLOMSKOM STUDIJU<\/h2>\n<p style=\"text-align: justify;\">Ovdje se nalazi popis predmeta preddiplomskog studija prema semestrima koji su upisani u ISVU sustav. Svake godine se u sklopu svakog pojedinog predmeta tematski predaju razli\u010diti kolegiji koji nose druga\u010dije nazive od samog predmeta. Me\u0111utim, u indeks se upisuje naziv predmeta, a ne kolegija. Prilikom upisivanja proseminara upisuje se samo naziv nastave, npr. proseminar iz ranokr\u0161\u0107anske arheologije itd.<\/p>\n<h2>6. SEMESTAR<\/h2>\n<ol>\n<li><a href=\"https:\/\/theta.ffzg.hr\/ECTS\/Predmet\/Index\/4025\" target=\"_blank\" rel=\"noopener noreferrer\">Osnove ranokr\u0161\u0107anske arheologije + Proseminar<\/a><\/li>\n<li><a href=\"https:\/\/theta.ffzg.hr\/ECTS\/Predmet\/Index\/6790\" target=\"_blank\" rel=\"noopener noreferrer\">Terenski rad &#8211; terenska nastava\u00a0<\/a>(lokalitet rimskog legijskog logora Tilurij; kasnoanti\u010dki lokalitet Veli\u0107 \/ Jabuka)<\/li>\n<\/ol>\n<p>Izborni kolegiji:<\/p>\n<ol>\n<li><a href=\"https:\/\/theta.ffzg.hr\/ECTS\/Predmet\/Index\/2767\" target=\"_blank\" rel=\"noopener noreferrer\">Kroatien in der Antike<\/a><\/li>\n<li><a href=\"https:\/\/arheo.ffzg.unizg.hr\/provincijalna\/wp-content\/uploads\/2015\/10\/Syll_Das-r\u00f6mische-Heer-in-Kroatien-103229-DT-pregledao.pdf\" target=\"_blank\" rel=\"noopener noreferrer\">Das r\u00f6mische Heer in Kroatien<\/a><\/li>\n<li><a href=\"https:\/\/arheo.ffzg.unizg.hr\/provincijalna\/wp-content\/uploads\/2018\/11\/Syllabus_Ars-amatoria-5-1.pdf\">Ars amatoria. Seksualnost u antici u svjetlu arheolo\u0161kog materijala<\/a><\/li>\n<\/ol>\n<h2>POPIS PREDMETA IZ ANTI\u010cKE PROVINCIJALNE ARHEOLOGIJE NA DIPLOMSKOM STUDIJU<\/h2>\n<p style=\"text-align: justify;\">Ovdje se nalazi popis predmeta diplomskog studija prema semestrima koji su upisani u ISVU sustav. Svake godine se u sklopu svakog pojedinog predmeta tematski predaju razli\u010diti kolegiji koji nose druga\u010dije nazive od samog predmeta. Me\u0111utim, u indeks se upisuje naziv predmeta, a ne kolegija. Prilikom upisivanja seminara upisuje se samo naziv nastave, npr. Seminar iz provincijalne arheologije itd.<\/p>\n<h2>2. SEMESTAR<\/h2>\n<ol>\n<li><a href=\"https:\/\/theta.ffzg.hr\/ECTS\/Predmet\/Index\/5285\" target=\"_blank\" rel=\"noopener noreferrer\">Rim i njegove provincije<\/a><\/li>\n<li><a href=\"https:\/\/theta.ffzg.hr\/ECTS\/Predmet\/Index\/33890\">Seminar iz rimske provincijske arheologije 1<\/a><\/li>\n<li><a href=\"https:\/\/theta.ffzg.hr\/ECTS\/Predmet\/Index\/6781\" target=\"_blank\" rel=\"noopener noreferrer\">Terenska nastava<\/a>\u00a0(lokalitet rimskog legijskog logora Tilurij; kasnoanti\u010dki lokalitet Veli\u0107 \/ Jabuka)<\/li>\n<\/ol>\n<h2>3. SEMESTAR<\/h2>\n<ol>\n<li><a href=\"https:\/\/theta.ffzg.hr\/ECTS\/Predmet\/Index\/33885\">Rimska provincijska arheologija 1<\/a><\/li>\n<li><a href=\"https:\/\/theta.ffzg.hr\/ECTS\/Predmet\/Index\/33886\">Rimska provincijska arheologija 2<\/a><\/li>\n<li><a href=\"https:\/\/theta.ffzg.hr\/ECTS\/Predmet\/Index\/33887\" target=\"_blank\" rel=\"noopener noreferrer\">Rimska provincijalna keramika<\/a><\/li>\n<\/ol>\n<h2>4. SEMESTAR<\/h2>\n<ol>\n<li><a href=\"https:\/\/theta.ffzg.hr\/ECTS\/Predmet\/Index\/652\">Diplomski rad na studiju Arheologije<\/a> (30 ECTS)<\/li>\n<\/ol>\n<h2>POPIS PREDMETA IZ RANOKR\u0160\u0106ANSKE ARHEOLOGIJE NA DIPLOMSKOM STUDIJU<\/h2>\n<p style=\"text-align: justify;\">Ovdje se nalazi popis predmeta diplomskog studija prema semestrima koji su upisani u ISVU sustav. Svake godine se u sklopu svakog pojedinog predmeta tematski predaju razli\u010diti kolegiji koji nose druga\u010dije nazive od samog predmeta. Me\u0111utim, u indeks se upisuje naziv predmeta, a ne kolegija. Prilikom upisivanja seminara upisuje se samo naziv nastave, npr. seminar iz ranokr\u0161\u0107anske arheologije, seminar iz kasnoanti\u010dke arheologije itd.<\/p>\n<h2>2. SEMESTAR<\/h2>\n<ol>\n<li><a href=\"https:\/\/theta.ffzg.hr\/ECTS\/Predmet\/Index\/2193\">Izabrane teme iz ranokr\u0161\u0107anske arheologije 1<\/a><\/li>\n<\/ol>\n<h2>3. SEMESTAR<\/h2>\n<ol>\n<li><a href=\"https:\/\/theta.ffzg.hr\/ECTS\/Predmet\/Index\/5225\" target=\"_blank\" rel=\"noopener noreferrer\">Ranokr\u0161\u0107anska arheologija<\/a><\/li>\n<li><a href=\"https:\/\/theta.ffzg.hr\/ECTS\/Predmet\/Index\/2194\">Izabrane teme iz ranokr\u0161\u0107anske arheologije 2<\/a><\/li>\n<li><a href=\"https:\/\/theta.ffzg.hr\/ECTS\/Predmet\/Index\/5517\">Seminar iz kasnoanti\u010dke arheologije<\/a><\/li>\n<\/ol>\n<h2>4. SEMESTAR<\/h2>\n<ol>\n<li><a href=\"https:\/\/theta.ffzg.hr\/ECTS\/Predmet\/Index\/652\">Diplomski rad na studiju arheologije<\/a> (30 ECTS)<\/li>\n<\/ol>\n","protected":false},"excerpt":{"rendered":"<p>POPIS PREDMETA IZ ANTI\u010cKE PROVINCIJALNE ARHEOLOGIJE NA PREDDIPLOMSKOM STUDIJU Ovdje se nalazi popis predmeta preddiplomskog studija prema semestrima koji su upisani u ISVU sustav. Svake &hellip;<\/p>\n","protected":false},"author":3,"featured_media":111,"parent":0,"menu_order":0,"comment_status":"closed","ping_status":"closed","template":"","meta":{"footnotes":""},"class_list":["post-34","page","type-page","status-publish","has-post-thumbnail","hentry"],"_links":{"self":[{"href":"https:\/\/arheo.ffzg.unizg.hr\/provincijalna\/index.php?rest_route=\/wp\/v2\/pages\/34","targetHints":{"allow":["GET"]}}],"collection":[{"href":"https:\/\/arheo.ffzg.unizg.hr\/provincijalna\/index.php?rest_route=\/wp\/v2\/pages"}],"about":[{"href":"https:\/\/arheo.ffzg.unizg.hr\/provincijalna\/index.php?rest_route=\/wp\/v2\/types\/page"}],"author":[{"embeddable":true,"href":"https:\/\/arheo.ffzg.unizg.hr\/provincijalna\/index.php?rest_route=\/wp\/v2\/users\/3"}],"replies":[{"embeddable":true,"href":"https:\/\/arheo.ffzg.unizg.hr\/provincijalna\/index.php?rest_route=%2Fwp%2Fv2%2Fcomments&post=34"}],"version-history":[{"count":75,"href":"https:\/\/arheo.ffzg.unizg.hr\/provincijalna\/index.php?rest_route=\/wp\/v2\/pages\/34\/revisions"}],"predecessor-version":[{"id":2712,"href":"https:\/\/arheo.ffzg.unizg.hr\/provincijalna\/index.php?rest_route=\/wp\/v2\/pages\/34\/revisions\/2712"}],"wp:featuredmedia":[{"embeddable":true,"href":"https:\/\/arheo.ffzg.unizg.hr\/provincijalna\/index.php?rest_route=\/wp\/v2\/media\/111"}],"wp:attachment":[{"href":"https:\/\/arheo.ffzg.unizg.hr\/provincijalna\/index.php?rest_route=%2Fwp%2Fv2%2Fmedia&parent=34"}],"curies":[{"name":"wp","href":"https:\/\/api.w.org\/{rel}","templated":true}]}}