{"id":310,"date":"2014-02-17T21:05:35","date_gmt":"2014-02-17T19:05:35","guid":{"rendered":"http:\/\/wp.ffzg.unizg.hr\/apra\/?page_id=310"},"modified":"2019-03-22T21:37:49","modified_gmt":"2019-03-22T19:37:49","slug":"skupovi","status":"publish","type":"page","link":"https:\/\/arheo.ffzg.unizg.hr\/provincijalna\/?page_id=310","title":{"rendered":"Znanstveni skupovi"},"content":{"rendered":"<p>&nbsp;<\/p>\n<p style=\"text-align: center;\"><a href=\"http:\/\/idsca.ffzg.hr\/\">International Doctoral Student Conference on Archaeology<\/a><\/p>\n<p style=\"text-align: center;\">Zagreb, 26. April 2018.<\/p>\n<p>&nbsp;<\/p>\n<p style=\"text-align: center;\"><a href=\"http:\/\/hrrana.ffzg.unizg.hr\/\">I. skup hrvatske ranokr\u0161\u0107anske arheologije (HRRANA)<\/a><\/p>\n<p style=\"text-align: center;\">Zagreb, 15.-17.03.2018.<\/p>\n<p>&nbsp;<\/p>\n<p style=\"text-align: center;\"><a title=\"Stolje\u0107e hrabrih. Arheologija rimskog osvajanja i otpora starosjedilaca u Iliriku za vrijeme Augusta i njegovih nasljednika\" href=\"https:\/\/arheo.ffzg.unizg.hr\/provincijalna\/?page_id=1873\" target=\"_blank\" rel=\"noopener\">4th International Conference on the Roman Danubian Provinces<br \/>\nTraian and the Danubian Provinces<\/a><br \/>\nZagreb, 15-17 November 2017.<\/p>\n<p>&nbsp;<\/p>\n<p style=\"text-align: center;\"><a title=\"Stolje\u0107e hrabrih. Arheologija rimskog osvajanja i otpora starosjedilaca u Iliriku za vrijeme Augusta i njegovih nasljednika\" href=\"https:\/\/arheo.ffzg.unizg.hr\/provincijalna\/?page_id=1182\" target=\"_blank\" rel=\"noopener\">Stolje\u0107e hrabrih. Arheologija rimskog osvajanja i otpora starosjedilaca u Iliriku<br \/>\nza vrijeme Augusta i njegovih nasljednika<br \/>\nThe Century of the brave: Archaeology of the Roman conquest and indigenous resistance in Illyricum<br \/>\nduring the time of Augustus and his heirs<\/a><br \/>\nZagreb, 22-26 September 2014.<\/p>\n<p>&nbsp;<\/p>\n<p style=\"text-align: center;\"><a title=\"XVII ROman Military Equipment Conference ZAGREB 2010\" href=\"https:\/\/arheo.ffzg.unizg.hr\/provincijalna\/?page_id=1282\" target=\"_blank\" rel=\"noopener\">XVII ROman Military Equipment Conference ZAGREB 2010<br \/>\nRimska vojna oprema u pogrebnom kontekstu<br \/>\nWeapons and Military Equipment in a Funerary Context<br \/>\nMilitaria als Grabbeilage<\/a><br \/>\nZagreb, 24-27 May 2010<\/p>\n<p>&nbsp;<\/p>\n<p style=\"text-align: center;\"><a title=\"Rimska vojska u procesu romaniziranja provincije Dalmacije\" href=\"https:\/\/arheo.ffzg.unizg.hr\/provincijalna\/?page_id=1136\" target=\"_blank\" rel=\"noopener\">Rimska vojska u procesu romaniziranja provincije Dalmacije<br \/>\nRoman army in the Romanisation process of the province of Dalmatia<\/a><br \/>\nSinj, 13. listopada 2006.<\/p>\n<p>&nbsp;<\/p>\n<p style=\"text-align: center;\"><a href=\"https:\/\/arheo.ffzg.unizg.hr\/provincijalna\/?page_id=1094\">VIII. me\u0111unarodni kolokvij o problemima rimskog provincijalnog umjetni\u010dkog stvarala\u0161tva<br \/>\nVIII. Internationales Colloquium \u00fcber Probleme des provinzialr\u00f6mischen Kunstschaffens<br \/>\n8th International Colloquium on Problems of Roman Provincial Art<br \/>\nVIII\u00e8me Colloque international sur les probl\u00e8mes de l\u2019art provincial romain<\/a><br \/>\nZagreb, 5. \u2013 8. 05. 2003.<\/p>\n","protected":false},"excerpt":{"rendered":"<p>&nbsp; International Doctoral Student Conference on Archaeology Zagreb, 26. April 2018. &nbsp; I. skup hrvatske ranokr\u0161\u0107anske arheologije (HRRANA) Zagreb, 15.-17.03.2018. &nbsp; 4th International Conference on &hellip;<\/p>\n","protected":false},"author":2,"featured_media":0,"parent":0,"menu_order":0,"comment_status":"closed","ping_status":"closed","template":"","meta":{"footnotes":""},"class_list":["post-310","page","type-page","status-publish","hentry"],"_links":{"self":[{"href":"https:\/\/arheo.ffzg.unizg.hr\/provincijalna\/index.php?rest_route=\/wp\/v2\/pages\/310","targetHints":{"allow":["GET"]}}],"collection":[{"href":"https:\/\/arheo.ffzg.unizg.hr\/provincijalna\/index.php?rest_route=\/wp\/v2\/pages"}],"about":[{"href":"https:\/\/arheo.ffzg.unizg.hr\/provincijalna\/index.php?rest_route=\/wp\/v2\/types\/page"}],"author":[{"embeddable":true,"href":"https:\/\/arheo.ffzg.unizg.hr\/provincijalna\/index.php?rest_route=\/wp\/v2\/users\/2"}],"replies":[{"embeddable":true,"href":"https:\/\/arheo.ffzg.unizg.hr\/provincijalna\/index.php?rest_route=%2Fwp%2Fv2%2Fcomments&post=310"}],"version-history":[{"count":50,"href":"https:\/\/arheo.ffzg.unizg.hr\/provincijalna\/index.php?rest_route=\/wp\/v2\/pages\/310\/revisions"}],"predecessor-version":[{"id":2451,"href":"https:\/\/arheo.ffzg.unizg.hr\/provincijalna\/index.php?rest_route=\/wp\/v2\/pages\/310\/revisions\/2451"}],"wp:attachment":[{"href":"https:\/\/arheo.ffzg.unizg.hr\/provincijalna\/index.php?rest_route=%2Fwp%2Fv2%2Fmedia&parent=310"}],"curies":[{"name":"wp","href":"https:\/\/api.w.org\/{rel}","templated":true}]}}