{"id":2784,"date":"2024-11-29T15:29:45","date_gmt":"2024-11-29T13:29:45","guid":{"rendered":"https:\/\/arheo.ffzg.unizg.hr\/provincijalna\/?page_id=2784"},"modified":"2024-11-29T15:29:45","modified_gmt":"2024-11-29T13:29:45","slug":"tihitransform-hrzz","status":"publish","type":"page","link":"https:\/\/arheo.ffzg.unizg.hr\/provincijalna\/?page_id=2784","title":{"rendered":"TiHiTransForm (HRZZ)"},"content":{"rendered":"\n<p><strong><a href=\"https:\/\/tihitransform.ffzg.unizg.hr\/\">Izme\u0111u rata i mira. Transformacija kulturnog krajolika me\u0111urije\u010dja Krke i Cetine od protohistorije do kasne antike<\/a><\/strong><\/p>\n\n\n\n<p><strong>Voditelj: <\/strong>Domagoj Ton\u010dini\u0107<\/p>\n\n\n\n<p><strong>Zamjenica voditelja: <\/strong>Iva Kai\u0107<\/p>\n\n\n\n<p><strong>Suradnici: <\/strong>Jo\u0161ko Zaninovi\u0107, Mirjana Sanader, Ina Miloglav, Vinka Matijevi\u0107, Mirna Cvetko, Miroslav Vukovi\u0107, Zrinka Buljevi\u0107, Sanja Iv\u010devi\u0107, Emil Podrug, Domagoj Bu\u017eani\u0107<\/p>\n\n\n\n<p><strong>Ustanova:<\/strong>&nbsp;Sveu\u010dili\u0161te u Zagrebu, Filozofski fakultet, Odsjek za arheologiju<\/p>\n\n\n\n<p><strong>Naziv projekta:<\/strong>&nbsp;<a href=\"https:\/\/tihitransform.ffzg.unizg.hr\/\">Izme\u0111u rata i mira. Transformacija kulturnog krajolika me\u0111urije\u010dja Krke i Cetine od protohistorije do kasne antike (TiHiTransForm)<\/a><\/p>\n\n\n\n<p><strong>Trajanje projekta:<\/strong>&nbsp;prosinac 2023. \u2013 prosinac 2027<\/p>\n\n\n\n<p><strong>Sa\u017eetak:<\/strong><\/p>\n\n\n\n<p>Glavni cilj projekta TiHiTransForm je utvrditi kako su i u kojoj mjeri potrebe za obranom i nadzorom prostora kroz nekoliko klju\u010dnih povijesnih procesa od protohistorije do kasne antike utjecale na transformaciju kulturnog krajolika me\u0111urije\u010dja Krke i Cetine. Namjera projekta je istra\u017eiti odabrana potencijalna arheolo\u0161ka nalazi\u0161ta koja nisu bila predmetom istra\u017eivanja prethodnog projekta AdriaRom (HRZZ-IP-2018-01-4934, voditelj: izv. prof. dr. sc. D. Ton\u010dini\u0107). Ciljani prostor istra\u017eivanja projekta TiHiTransForm stoga \u0107e obuhvatiti ono podru\u010dje koje je u okviru projekta AdriaRom snimljeno LiDAR-om, a to je prostor izme\u0111u Krke i Cetine. Hipoteza projekta TiHiTransForm je da su potrebe obrane i nadzora utjecale na transformaciju kulturnog krajolika me\u0111urije\u010dja Krke i Cetine u razdoblju od protohistorije do kasne antike. S obzirom na cilj i hipotezu, formirana su sljede\u0107a istra\u017eiva\u010dka pitanja:&nbsp; IP1.) Koja je funkcija gradinskih polo\u017eaja nakon uspostave rimske vlasti i tijekom kasne antike?; IP2.) Kako je podizanje rimskih vojnih logora na delmatskom limesu utjecalo na formiranje civilnih naselja (canabae, vici)?; IP3.) Kako gospodarske aktivnosti rimske vojske utje\u010du na transformaciju kulturnog krajolika?; IP4.) Kako je odlazak rimske vojske utjecao na daljnji razvoj urbanih i ruralnih naselja civilnog karaktera, a s time i na nadzor nad prometom ljudi i roba?; IP5.) Kakav je odnos kasnoanti\u010dkih naselja i vila rustika s ranokr\u0161\u0107anskim sakralnim gra\u0111evinama?; IP6.) Koja je funkcija polo\u017eaja nekada\u0161njih rimskih vojnih logora na delmatskom limesu tijekom kasne antike? Trenuta\u010dno stanje u temi istra\u017eivanja projekta TiHiTransForm, u kombinaciji s rezultatima dobivenim u okviru projekta AdriaRom, pokazuju da se implementacijom inovativne metodologije mo\u017ee odgovoriti na glavni cilj i hipotezu projekta TiHiTransForm.<\/p>\n","protected":false},"excerpt":{"rendered":"<p>Izme\u0111u rata i mira. Transformacija kulturnog krajolika me\u0111urije\u010dja Krke i Cetine od protohistorije do kasne antike Voditelj: Domagoj Ton\u010dini\u0107 Zamjenica voditelja: Iva Kai\u0107 Suradnici: Jo\u0161ko &hellip;<\/p>\n","protected":false},"author":2,"featured_media":0,"parent":2384,"menu_order":0,"comment_status":"closed","ping_status":"closed","template":"","meta":{"footnotes":""},"class_list":["post-2784","page","type-page","status-publish","hentry"],"_links":{"self":[{"href":"https:\/\/arheo.ffzg.unizg.hr\/provincijalna\/index.php?rest_route=\/wp\/v2\/pages\/2784","targetHints":{"allow":["GET"]}}],"collection":[{"href":"https:\/\/arheo.ffzg.unizg.hr\/provincijalna\/index.php?rest_route=\/wp\/v2\/pages"}],"about":[{"href":"https:\/\/arheo.ffzg.unizg.hr\/provincijalna\/index.php?rest_route=\/wp\/v2\/types\/page"}],"author":[{"embeddable":true,"href":"https:\/\/arheo.ffzg.unizg.hr\/provincijalna\/index.php?rest_route=\/wp\/v2\/users\/2"}],"replies":[{"embeddable":true,"href":"https:\/\/arheo.ffzg.unizg.hr\/provincijalna\/index.php?rest_route=%2Fwp%2Fv2%2Fcomments&post=2784"}],"version-history":[{"count":1,"href":"https:\/\/arheo.ffzg.unizg.hr\/provincijalna\/index.php?rest_route=\/wp\/v2\/pages\/2784\/revisions"}],"predecessor-version":[{"id":2785,"href":"https:\/\/arheo.ffzg.unizg.hr\/provincijalna\/index.php?rest_route=\/wp\/v2\/pages\/2784\/revisions\/2785"}],"up":[{"embeddable":true,"href":"https:\/\/arheo.ffzg.unizg.hr\/provincijalna\/index.php?rest_route=\/wp\/v2\/pages\/2384"}],"wp:attachment":[{"href":"https:\/\/arheo.ffzg.unizg.hr\/provincijalna\/index.php?rest_route=%2Fwp%2Fv2%2Fmedia&parent=2784"}],"curies":[{"name":"wp","href":"https:\/\/api.w.org\/{rel}","templated":true}]}}