{"id":273,"date":"2014-02-17T18:50:05","date_gmt":"2014-02-17T16:50:05","guid":{"rendered":"http:\/\/wp.ffzg.unizg.hr\/apra\/?page_id=273"},"modified":"2017-03-29T12:12:21","modified_gmt":"2017-03-29T10:12:21","slug":"starogrcka-koroplastika","status":"publish","type":"page","link":"https:\/\/arheo.ffzg.unizg.hr\/provincijalna\/?page_id=273","title":{"rendered":"Starogr\u010dka koroplastika"},"content":{"rendered":"<p>Na Brijunima se \u010duva zbirka od 64 starogr\u010dke figurice od terakote. Do 1990. god. nedostupna javnosti, ona je tijekom ratnih zbivanja bila pohranjena u trezorima jedne banke. Nakon povrata zbirke na Brijune 1995. god., dopu\u0161tena je njezina znanstvena obrada. Eksponati su bili podvrgnuti stilskoj i tipolo\u0161koj, ali isto tako i kemijskoj analizi, tj. postupku termoluminiscencije.<\/p>\n<div id=\"attachment_255\" style=\"width: 292px\" class=\"wp-caption aligncenter\"><a href=\"https:\/\/arheo.ffzg.unizg.hr\/provincijalna\/wp-content\/uploads\/2014\/02\/Dr-Chr-Goedicke-1996-RATHGEN-FORSCHUNGSLABOR-BERLIN.jpg\"><img loading=\"lazy\" decoding=\"async\" aria-describedby=\"caption-attachment-255\" class=\"size-medium wp-image-255\" src=\"https:\/\/arheo.ffzg.unizg.hr\/provincijalna\/wp-content\/uploads\/2014\/02\/Dr-Chr-Goedicke-1996-RATHGEN-FORSCHUNGSLABOR-BERLIN-282x300.jpg\" alt=\"Dr Chr Goedicke 1996 RATHGEN FORSCHUNGSLABOR BERLIN\" width=\"282\" height=\"300\" srcset=\"https:\/\/arheo.ffzg.unizg.hr\/provincijalna\/wp-content\/uploads\/2014\/02\/Dr-Chr-Goedicke-1996-RATHGEN-FORSCHUNGSLABOR-BERLIN-282x300.jpg 282w, https:\/\/arheo.ffzg.unizg.hr\/provincijalna\/wp-content\/uploads\/2014\/02\/Dr-Chr-Goedicke-1996-RATHGEN-FORSCHUNGSLABOR-BERLIN-962x1024.jpg 962w, https:\/\/arheo.ffzg.unizg.hr\/provincijalna\/wp-content\/uploads\/2014\/02\/Dr-Chr-Goedicke-1996-RATHGEN-FORSCHUNGSLABOR-BERLIN.jpg 989w\" sizes=\"auto, (max-width: 282px) 100vw, 282px\" \/><\/a><p id=\"caption-attachment-255\" class=\"wp-caption-text\">Uzimanje uzoraka za termoluminiscenciju terakotnih figurina iz zbirke na Brijunima, 1996. god.<\/p><\/div>\n<p>&nbsp;<\/p>\n<div id=\"attachment_252\" style=\"width: 310px\" class=\"wp-caption aligncenter\"><a href=\"https:\/\/arheo.ffzg.unizg.hr\/provincijalna\/wp-content\/uploads\/2014\/02\/Brijuni-terakote-1.jpg\"><img loading=\"lazy\" decoding=\"async\" aria-describedby=\"caption-attachment-252\" class=\" wp-image-252\" src=\"https:\/\/arheo.ffzg.unizg.hr\/provincijalna\/wp-content\/uploads\/2014\/02\/Brijuni-terakote-1-300x199.jpg\" alt=\"Brijuni terakote 1\" width=\"300\" height=\"199\" srcset=\"https:\/\/arheo.ffzg.unizg.hr\/provincijalna\/wp-content\/uploads\/2014\/02\/Brijuni-terakote-1-300x199.jpg 300w, https:\/\/arheo.ffzg.unizg.hr\/provincijalna\/wp-content\/uploads\/2014\/02\/Brijuni-terakote-1.jpg 742w\" sizes=\"auto, (max-width: 300px) 100vw, 300px\" \/><\/a><p id=\"caption-attachment-252\" class=\"wp-caption-text\">Terakote pohranjene u zbirci na Brijunima<\/p><\/div>\n<p>&nbsp;<\/p>\n<div id=\"attachment_251\" style=\"width: 149px\" class=\"wp-caption aligncenter\"><a href=\"https:\/\/arheo.ffzg.unizg.hr\/provincijalna\/wp-content\/uploads\/2014\/02\/Brijuni-terakote-0-br19.jpg\"><img loading=\"lazy\" decoding=\"async\" aria-describedby=\"caption-attachment-251\" class=\"size-medium wp-image-251\" src=\"https:\/\/arheo.ffzg.unizg.hr\/provincijalna\/wp-content\/uploads\/2014\/02\/Brijuni-terakote-0-br19-139x300.jpg\" alt=\"Brijuni terakote 0 br19\" width=\"139\" height=\"300\" srcset=\"https:\/\/arheo.ffzg.unizg.hr\/provincijalna\/wp-content\/uploads\/2014\/02\/Brijuni-terakote-0-br19-139x300.jpg 139w, https:\/\/arheo.ffzg.unizg.hr\/provincijalna\/wp-content\/uploads\/2014\/02\/Brijuni-terakote-0-br19-476x1024.jpg 476w, https:\/\/arheo.ffzg.unizg.hr\/provincijalna\/wp-content\/uploads\/2014\/02\/Brijuni-terakote-0-br19.jpg 562w\" sizes=\"auto, (max-width: 139px) 100vw, 139px\" \/><\/a><p id=\"caption-attachment-251\" class=\"wp-caption-text\">\u017dena koja stoji, terakota iz zbirke na Brijunima, inv. br. 19, vis. 22,9 cm<\/p><\/div>\n<p><strong>Literatura:<\/strong> M. Sanader, Zbirka starogr\u010dke koroplastike na Brijunima, <em>Opuscula Archaeologica<\/em> 21 (1997), str. 37 &#8211; 66.<\/p>\n","protected":false},"excerpt":{"rendered":"<p>Na Brijunima se \u010duva zbirka od 64 starogr\u010dke figurice od terakote. Do 1990. god. nedostupna javnosti, ona je tijekom ratnih zbivanja bila pohranjena u trezorima &hellip;<\/p>\n","protected":false},"author":2,"featured_media":0,"parent":15,"menu_order":0,"comment_status":"closed","ping_status":"closed","template":"","meta":{"footnotes":""},"class_list":["post-273","page","type-page","status-publish","hentry"],"_links":{"self":[{"href":"https:\/\/arheo.ffzg.unizg.hr\/provincijalna\/index.php?rest_route=\/wp\/v2\/pages\/273","targetHints":{"allow":["GET"]}}],"collection":[{"href":"https:\/\/arheo.ffzg.unizg.hr\/provincijalna\/index.php?rest_route=\/wp\/v2\/pages"}],"about":[{"href":"https:\/\/arheo.ffzg.unizg.hr\/provincijalna\/index.php?rest_route=\/wp\/v2\/types\/page"}],"author":[{"embeddable":true,"href":"https:\/\/arheo.ffzg.unizg.hr\/provincijalna\/index.php?rest_route=\/wp\/v2\/users\/2"}],"replies":[{"embeddable":true,"href":"https:\/\/arheo.ffzg.unizg.hr\/provincijalna\/index.php?rest_route=%2Fwp%2Fv2%2Fcomments&post=273"}],"version-history":[{"count":5,"href":"https:\/\/arheo.ffzg.unizg.hr\/provincijalna\/index.php?rest_route=\/wp\/v2\/pages\/273\/revisions"}],"predecessor-version":[{"id":2045,"href":"https:\/\/arheo.ffzg.unizg.hr\/provincijalna\/index.php?rest_route=\/wp\/v2\/pages\/273\/revisions\/2045"}],"up":[{"embeddable":true,"href":"https:\/\/arheo.ffzg.unizg.hr\/provincijalna\/index.php?rest_route=\/wp\/v2\/pages\/15"}],"wp:attachment":[{"href":"https:\/\/arheo.ffzg.unizg.hr\/provincijalna\/index.php?rest_route=%2Fwp%2Fv2%2Fmedia&parent=273"}],"curies":[{"name":"wp","href":"https:\/\/api.w.org\/{rel}","templated":true}]}}