{"id":2329,"date":"2018-11-26T23:52:36","date_gmt":"2018-11-26T21:52:36","guid":{"rendered":"https:\/\/arheo.ffzg.unizg.hr\/provincijalna\/?page_id=2329"},"modified":"2024-12-10T23:28:28","modified_gmt":"2024-12-10T21:28:28","slug":"adriarom-hrzz","status":"publish","type":"page","link":"https:\/\/arheo.ffzg.unizg.hr\/provincijalna\/?page_id=2329","title":{"rendered":"AdriaRom (HRZZ)"},"content":{"rendered":"<p><a href=\"https:\/\/adriarom.ffzg.unizg.hr\/\" target=\"_blank\" rel=\"noopener\"><strong>Razumijevanje rimskih granica: primjer isto\u010dnog Jadrana<\/strong><\/a><\/p>\n<p style=\"margin: 0cm; margin-bottom: .0001pt; text-align: justify;\"><strong>Voditeljica:<\/strong> Mirjana Sanader<\/p>\n<p style=\"margin: 0cm; margin-bottom: .0001pt; text-align: justify;\"><strong>Zamjenik voditeljice: <\/strong>Domagoj Ton\u010dini\u0107<\/p>\n<p style=\"margin: 0cm; margin-bottom: .0001pt; text-align: justify;\"><strong>Ustanova:<\/strong> Sveu\u010dili\u0161te u Zagrebu, Filozofski fakultet, Odsjek za arheologiju<\/p>\n<p style=\"margin: 0cm; margin-bottom: .0001pt; text-align: justify;\"><strong>Naziv projekta:<\/strong> <a href=\"https:\/\/adriarom.ffzg.unizg.hr\/\" target=\"_blank\" rel=\"noopener\"><em>Razumijevanje rimskih granica: primjer isto\u010dnog Jadrana<\/em> (<em>AdriaRom<\/em>)<\/a><\/p>\n<p style=\"margin: 0cm; margin-bottom: .0001pt; text-align: justify;\"><strong>Trajanje projekta:<\/strong> listopad 2018.- listopad 2022.<\/p>\n<p style=\"text-align: justify;\"><strong>Sa\u017eetak:<\/strong><\/p>\n<p style=\"text-align: justify;\">Nakon uspjeha u Prvom punskom ratu, Rimljani su se zainteresirali za podru\u010dje Gr\u010dke i Makedonije te su stoga po\u010deli tra\u017eiti odgovaraju\u0107e prometne pravce prema tim teritorijima. Uz morski, jedini kopneni put vodio je du\u017e isto\u010dne jadranske obale nastanjene narodima koje su Rimljani nazivali Ilirima. Rimsko osvajanje tog podru\u010dja trajalo je od Prvog ilirskog rata 229. god. pr. Kr. do 9. god. po. Kr. Kako bi osigurali osvojeni teritorij izme\u0111u kolonija Jadera i Salone, gdje su se ve\u0107 smjestili prvi rimski imigranti, Rimljani su sagradili dva legijska logora i nekoliko kastela. U znanstvenoj literaturi taj je obrambeni sustav lakonski nazivan Delmatski limes, \u0161to je uzrokovalo trajnu znanstvenu raspravu. Me\u0111utim, zbog nedostatka arheolo\u0161kih istra\u017eivanja koja bi podr\u017eala raspravu, jo\u0161 treba dovr\u0161iti sveobuhvatni pregled konteksta i zna\u010denja gore spomenute izgradnje. Namjera AdriaRom projekta jest istra\u017eivanje linije logora i kastela na tzv. Delmatskom limesu kako bi se pokazalo je li ta linija bila granica ili ne. Slijedom toga projekt bi poku\u0161ao pokazati koliku je ulogu ta granica imala u za\u0161titi rimskih imigranata i njihovih ekonomskih interesa. Pritom \u0107e projekt AdriaRom koristiti metodolo\u0161ki pristup temeljen na kombinaciji triju metoda: primjeni nedestruktivnih arheolo\u0161kih istra\u017eivanja, ciljanih arheolo\u0161kih iskopavanja i analizi arheolo\u0161kih nalaza. Naime, ako su navedene gra\u0111evne konstrukcije uistinu bile u funkciji obrane pograni\u010dne zone, to bi impliciralo da je tzv. Delmatski lime bio jedan od najranijih rimskodobnih obrambenih sustava. Ishodi predlo\u017eenog projekta AdriaRom omogu\u0107it \u0107e bolje razumijevanje i potaknuti daljnje rasprave o razvoju rimskih granica, sigurnosnim i imigracijskim politikama u pograni\u010dnim zonama du\u017e isto\u010dne obale Jadrana, kao i u rimskom svijetu op\u0107enito.<\/p>\n<p>&nbsp;<\/p>\n<p><a href=\"https:\/\/arheo.ffzg.unizg.hr\/provincijalna\/wp-content\/uploads\/2014\/11\/HRZZlogojpg.jpg\"><img loading=\"lazy\" decoding=\"async\" class=\"wp-image-1077 aligncenter\" src=\"https:\/\/arheo.ffzg.unizg.hr\/provincijalna\/wp-content\/uploads\/2014\/11\/HRZZlogojpg-300x150.jpg\" alt=\"HRZZlogojpg\" width=\"220\" height=\"110\" srcset=\"https:\/\/arheo.ffzg.unizg.hr\/provincijalna\/wp-content\/uploads\/2014\/11\/HRZZlogojpg-300x150.jpg 300w, https:\/\/arheo.ffzg.unizg.hr\/provincijalna\/wp-content\/uploads\/2014\/11\/HRZZlogojpg.jpg 400w\" sizes=\"auto, (max-width: 220px) 100vw, 220px\" \/><\/a><\/p>\n<p style=\"text-align: center;\">Project funded by <a href=\"http:\/\/www.hrzz.hr\/default.aspx?id=47\" target=\"_blank\" rel=\"noopener\">Croatian Science Foundation<\/a><\/p>\n<p style=\"text-align: center;\">(HRZZ-IP-2018-01-4934)<\/p>\n","protected":false},"excerpt":{"rendered":"<p>Razumijevanje rimskih granica: primjer isto\u010dnog Jadrana Voditeljica: Mirjana Sanader Zamjenik voditeljice: Domagoj Ton\u010dini\u0107 Ustanova: Sveu\u010dili\u0161te u Zagrebu, Filozofski fakultet, Odsjek za arheologiju Naziv projekta: Razumijevanje &hellip;<\/p>\n","protected":false},"author":2,"featured_media":0,"parent":2384,"menu_order":0,"comment_status":"closed","ping_status":"closed","template":"","meta":{"footnotes":""},"class_list":["post-2329","page","type-page","status-publish","hentry"],"_links":{"self":[{"href":"https:\/\/arheo.ffzg.unizg.hr\/provincijalna\/index.php?rest_route=\/wp\/v2\/pages\/2329","targetHints":{"allow":["GET"]}}],"collection":[{"href":"https:\/\/arheo.ffzg.unizg.hr\/provincijalna\/index.php?rest_route=\/wp\/v2\/pages"}],"about":[{"href":"https:\/\/arheo.ffzg.unizg.hr\/provincijalna\/index.php?rest_route=\/wp\/v2\/types\/page"}],"author":[{"embeddable":true,"href":"https:\/\/arheo.ffzg.unizg.hr\/provincijalna\/index.php?rest_route=\/wp\/v2\/users\/2"}],"replies":[{"embeddable":true,"href":"https:\/\/arheo.ffzg.unizg.hr\/provincijalna\/index.php?rest_route=%2Fwp%2Fv2%2Fcomments&post=2329"}],"version-history":[{"count":9,"href":"https:\/\/arheo.ffzg.unizg.hr\/provincijalna\/index.php?rest_route=\/wp\/v2\/pages\/2329\/revisions"}],"predecessor-version":[{"id":2828,"href":"https:\/\/arheo.ffzg.unizg.hr\/provincijalna\/index.php?rest_route=\/wp\/v2\/pages\/2329\/revisions\/2828"}],"up":[{"embeddable":true,"href":"https:\/\/arheo.ffzg.unizg.hr\/provincijalna\/index.php?rest_route=\/wp\/v2\/pages\/2384"}],"wp:attachment":[{"href":"https:\/\/arheo.ffzg.unizg.hr\/provincijalna\/index.php?rest_route=%2Fwp%2Fv2%2Fmedia&parent=2329"}],"curies":[{"name":"wp","href":"https:\/\/api.w.org\/{rel}","templated":true}]}}