{"id":23,"date":"2014-02-04T12:07:28","date_gmt":"2014-02-04T10:07:28","guid":{"rendered":"http:\/\/wp.ffzg.unizg.hr\/apra\/?page_id=23"},"modified":"2021-07-29T21:24:18","modified_gmt":"2021-07-29T19:24:18","slug":"mirjana-sanader","status":"publish","type":"page","link":"https:\/\/arheo.ffzg.unizg.hr\/provincijalna\/?page_id=23","title":{"rendered":"Mirjana Sanader"},"content":{"rendered":"\n<div class=\"wp-block-group\"><div class=\"wp-block-group__inner-container is-layout-flow wp-block-group-is-layout-flow\">\n<p style=\"text-align: justify;\">Prof. dr. Mirjana Sanader ro\u0111ena je u Splitu, gdje je i maturirala na Klasi\u010dnoj gimnaziji. Godine 1975. upisala je studij Klasi\u010dne arheologije na <i>Institut f\u00fcr klassische Arch\u00e4ologie der Universit\u00e4t Leopold Franzes <\/i>u Innsbrucku (Austrija), na kojemu je 1983. g. promovirana obraniv\u0161i doktorsku tezu <i>Kerberos in der Antike<\/i>. Godine 1993. zapo\u010dinje akademsku karijeru na <i>Katedri za anti\u010dku provincijalnu i ranokr\u0161\u0107ansku arheologiju Odsjeka za arheologiju Filozofskoga fakulteta Sveu\u010dili\u0161ta <\/i><em>u Zagrebu<\/em>. Godine 1996.\u00a0 napredovala je u zvanje docenta, a 1999. g. postaje izvanredni profesor. Godine 2000. postaje predstojnica Katedre za anti\u010dku provincijalnu i ranokr\u0161\u0107ansku arheologiju, a od 2002. g. je redoviti profesor. Od 2002. do 2005. godine obna\u0161ala je du\u017enost pro\u010delnice Odsjeka za arheologiju. Zvanje redovitog profesora u trajnom zvanju stekla je 2008. godine. Od velja\u010de 2014. god. do umirovljenja predstojnica je <a href=\"http:\/\/wp.ffzg.unizg.hr\/azoza\/\" target=\"_blank\" rel=\"noopener noreferrer\">Arheolo\u0161kog zavoda Odsjeka za arheologiju Filozofskog fakulteta u Zagrebu<\/a>.<\/p>\n<p style=\"text-align: justify;\">Od 1996. do 2005. god. je djelovala kao urednica znanstvenog \u010dasopisa <i>Opuscula Archaeologica<\/i> (ISSN 0473-0992). Od 2003. godine do umirovljenja bila je glavna urednica serije <i>Dissertationes et Monographiae<\/i> Arheolo\u0161kog Zavoda Odsjeka za arheologiju Filozofskog fakulteta u Zagrebu.<\/p>\n<p style=\"text-align: justify;\">Godine 1996. vodila je me\u0111unarodni znanstveni projekt <i>Starogr\u010dka<\/i> <i>koroplastika<\/i> proveden u suradnji sa znanstvenim laboratorijem Dr\u017eavnih muzeja iz Berlina &#8211; <a href=\"http:\/\/ww2.smb.museum\/fw\/rf\/\" target=\"_blank\" rel=\"noopener noreferrer\"><i>Rathgen Forschungslabor \u2013 Staatliche Museen Berlin<\/i><\/a>.<\/p>\n<p style=\"text-align: justify;\">Od 1997. do 2013. god. vodila je znanstveno-istra\u017eiva\u010dke projekte <a href=\"http:\/\/zprojekti.mzos.hr\/zProjektiOld\/arh_dets.asp?trazi=Mirjana+Sanader&amp;gdje=3&amp;ID=1071\"><em>Rimski vojni logori u Hrvatskoj \u2013 Tilurij<\/em> (0130660)<\/a>, <a href=\"http:\/\/zprojekti.mzos.hr\/zprojektiold\/result_det.asp?trazi=tilurij&amp;gdje=1&amp;Submit=Pretrazi&amp;ID=0130460\"><em>Rimski vojni logori u Hrvatskoj \u2013 Tilurij<\/em> (0130460)<\/a> i <a href=\"http:\/\/zprojekti.mzos.hr\/public\/c-prikaz_det.asp?psid=6%2D02&amp;ID=1470\"><em>Rimski vojni logori u Hrvatskoj<\/em> (130-0000000-0777)<\/a>.<\/p>\n<p style=\"text-align: justify;\">Od 2014. do 2019. god. vodila je znanstveno-istra\u017eiva\u010dki projekt<a href=\"https:\/\/arheo.ffzg.unizg.hr\/provincijalna\/?page_id=897\" target=\"_blank\" rel=\"noopener noreferrer\"> \u201e<em>Between the Danube and the Mediterranean. Exploring the role of Roman military in the mobility of people and goods in Croatia during the Roman Era<\/em>\u201d<\/a> financiran od Hrvatske zaklade za znanost.<\/p>\n<p>Od 2016. do 2017. god. bila je suradnica na projektu Hrvatske zaklade za znanost <em>Pojmovnik anti\u010dke arheologije \u2013 stru\u010dna terminologija iz arheologije anti\u010dkoga razdoblja \u2013 POANTA<\/em> (Struna-2016-05-05), voditelja izv. prof. dr. sc. Domagoja Ton\u010dini\u0107a.<\/p>\n<p>Od 2017. god. suradnica je na znanstveno-istra\u017eiva\u010dkom projektu Hrvatske zaklade za znanost <em>Izme\u0111u istoka i zapada \u2013 dolina rijeke Cetine kao komunikacijska poveznica tijekom prapovijesti i antike<\/em>, voditeljice dr. sc. Helene Tomas, izv. prof.<\/p>\n<p>Od 2018. god. do umirovljenja bila je voditeljica znanstveno-istra\u017eiva\u010dkog projekta <em><a href=\"http:\/\/www.hrzz.hr\/default.aspx?id=78&amp;pid=7594&amp;rok=2018-01\">Razumijevanje rimskih granica: primjer isto\u010dnog Jadrana (AdriaRom)<\/a><\/em> kojeg financira Hrvatska zaklada za znanost (projekt br. 4934).<\/p>\n<p>Sudjelovala je u osmi\u0161ljavanju, prijavi i koordinaciji aktivnosti <em><a href=\"https:\/\/www.facebook.com\/EUNightCRO\/posts\/307858309996376?__xts__%5b0%5d=68.ARCtNzBBQGNXCbrvIgR2FX3NZG9krZg_n00YkTnXnOclX0iglNqvx6nRZkGXYNysoBoQ9SMgoUMClDXGTCduGvu9cvPGq1VXh66Pu5xLmau_3G4fzhMiSt1E-As-Lv7uCdUMJ9_ORAh9cqz8pcuc6H9iPv5UcK28jejchmrrX3qQT_XBPSTKkR38ZIX-AFPhEZEpWtP9saIhlghxMctRNNJyZvMmCrM6pdttL7zVDDSt5E4GgKBBarOI1YqK0UlNmg27cEc0tUaU7Kuu75XfmkefxVujncK7Lqp_kiZMlbGnXtpUKctvuBcF85wYkhPrHzTA9LpexAu6Hs5idPevvYAiatdkD8pH_0AdJgh8bdlq-EiEZqg-PDFv28Q7VgeScL6hcP5Rz8r_3Jd5s4Wgb8Y_nqSxtXW8q63CyUqQOCTygKklgBXloD303zK3EzzFPHklva8ppYQzYNce-g&amp;__tn__=-R\">Jump into the past with Tilurianus Crectus, Dinosaurs or saucers? Dig with archaeologists, ArchaeoLab i Archaeologists on the big screen and beyond<\/a><\/em> Filozofskog fakulteta Sveu\u010dili\u0161ta u Zagrebu, koje su dio projekta popularizacije znanosti <em><a href=\"https:\/\/cordis.europa.eu\/project\/rcn\/218677\/factsheet\/en\">Techno-Past Techno-Future: European Researchers&#8217; Night<\/a><\/em>, kojeg vodi Ministarstvo znanosti i obrazovanja Republike Hrvatske u okviru <a href=\"https:\/\/ec.europa.eu\/research\/mariecurieactions\/resources\/document-libraries\/european-researchers-night-2018-2019-call-results_en\">European Researcher&#8217;s Night (Marie Sk\u0142odowska-Curie Actions) 2018-2019<\/a>.<\/p>\n<p style=\"text-align: justify;\">Katedra za anti\u010dku provincijalnu i ranokr\u0161\u0107ansku arheologiju od 1997. g. do danas vodi sustavna arheolo\u0161ka iskopavanja rimskog vojnog logora <a href=\"https:\/\/arheo.ffzg.unizg.hr\/provincijalna\/?page_id=36\" target=\"_blank\" rel=\"noopener noreferrer\"><i>Tilurium <\/i><\/a>na lokalitetu Gardun kod Trilja.<\/p>\n<p style=\"text-align: justify;\">Od po\u010detka akademske karijere prof. dr. Mirjana Sanader odr\u017eava znanstvenu internacionalnu komunikaciju. Bila je pozvana na 23 internacionalna skupa, kolokvija i radionice na kojima je odr\u017eala predavanja koja su i objavljena. Godine 2006. bila je <em>Patron of the UNESCO \u2013 Upper German-Raetian Limes Charter Presentation Ceremony u Aalen, Germany<\/em>. Organizirala je tri me\u0111unarodna kongresa: <b>1.<\/b> <i>VIII. me\u0111unarodni kolokvij o problemima rimskog provincijalnog umjetni\u010dkog stvarala\u0161tva (VIIIth International Colloquium on Roman Provincial Art),<\/i> odr\u017ean u Zagrebu od 5. do 8. svibnja 2003<b>. 2.;<\/b> <i>XVII. kongres o rimskoj vojnoj opremi (XVIIth ROMEC \u2013 Roman Military Equipment Conference),<\/i> odr\u017ean u Zagrebu od 24. do 27. svibnja 2010. <strong>3.<\/strong> <a href=\"http:\/\/wp.ffzg.unizg.hr\/azoza\/files\/2014\/07\/Programme-Augustus-in-Illyricum.pdf\" target=\"_blank\" rel=\"noopener noreferrer\"><em>The Century of the Brave. Archaeology of the Roman Conquest and indigenous resistance in Illyricum during the time of Augustus and his heirs, International Conference<\/em><\/a>,\u00a0 odr\u017ean u Zagrebu od 22. do 26. rujna 2014.<\/p>\n<p style=\"text-align: justify;\">Sudjelovala je i sudjeluje u radu razli\u010ditih znanstvenih tijela. Od 1997. do 2000. god. bila je \u010dlan <em>Croatian Commission for UNESCO<\/em><i>,<\/i> Committee for Social and Human Sciences. Godine 2003. bila je \u010dlan <i>Scientific<\/i><i> <\/i><i>Committee of<\/i> <i>The <\/i><i>XIXth International Congress Of Roman Frontier Studies. <\/i>Od 2003. god. do danas\u00a0 \u010dlan je<i> <\/i><i>Programme<\/i><i> <\/i><i>Committee of<\/i><i> International Colloquium on Roman Provincial Art, <\/i>a od<i> <\/i>2005. do danas je \u010dlan <i>Bratislava group<\/i>. <i>International<\/i><i> <\/i><i>Working Group<\/i><i> <\/i><i>for<\/i><i> <\/i><i>Limes<\/i>. Od 2010. god. do danas \u010dlan je <i>Working Group<\/i> <i>Corpus Limitis Imperii Romani.<\/i><\/p>\n<p style=\"text-align: justify;\">\u010clanica je <i>Hrvatskog arheolo\u0161kog dru\u0161tva<\/i> kao \u0161to je \u010dlan i vi\u0161e me\u0111unarodnih stru\u010dnih udruga: od 1993. god. ICOMOS-a, od 1999. god. \u010dlan je <i>Association Internationale d\u2019 \u00c9pigraphie Grecque et Latine, o<\/i>d 2005. god. \u010dlan je <i>Arbeitsgemeinschaft christliche Arch\u00e4ologie, <\/i>a od 2011. god. \u010dlan je <i>Verein zur V\u00f6rderung der christliche arch\u00e4ologie. <\/i>Godine 2008. postala je dopisni \u010dlan <i>Deutsches Arch\u00e4eologisches<\/i> <i>Institut,<\/i> a od 2008. god. je i <i>Expert Member of ICAHM. <\/i><\/p>\n<p style=\"text-align: justify;\">Samostalno je objavila 15 knjiga i napisala 27 poglavlja u skupnim knjigama, te uredila 3 zbornika. Osim toga, napisala je 263 znanstvena, stru\u010dna i pregledna rada, recenzije i prikaze.<\/p>\n<p><a href=\"https:\/\/arheo.ffzg.unizg.hr\/provincijalna\/wp-content\/uploads\/2014\/11\/Mirjana-Sanader-CV-06.11.pdf\" target=\"_blank\" rel=\"noopener noreferrer\">Mirjana Sanader &#8211; CV<\/a><\/p>\n<p><a href=\"https:\/\/arheo.ffzg.unizg.hr\/provincijalna\/?page_id=127\">Radovi (potpuna bibliografija)<\/a><\/p>\n<p><a href=\"http:\/\/bib.irb.hr\/lista-radova?autor=173355\">CROSBI<\/a><\/p>\n<h2>Izabrana bibliografija<\/h2>\n<table style=\"height: 4073px;\" border=\"0\" width=\"506\" cellpadding=\"10\">\n<tbody>\n<tr valign=\"top\">\n<td width=\"50%\"><strong><a href=\"http:\/\/koha.ffzg.unizg.hr\/cgi-bin\/koha\/opac-detail.pl?biblionumber=203788\" target=\"_blank\" rel=\"noopener noreferrer\">Kerber u anti\u010dkoj umjetnosti, <\/a><\/strong>Split 1986.\n<p>\u00a0<\/p>\n<p><img loading=\"lazy\" decoding=\"async\" class=\"aligncenter\" src=\"http:\/\/antikvarijat-studio.hr\/upload\/catalog\/product\/682\/1742-05-19_557a99d36159d.jpg\" alt=\"http:\/\/antikvarijat-studio.hr\/upload\/catalog\/product\/682\/1742-05-19_557a99d36159d.jpg\" width=\"136\" height=\"215\" \/><\/p>\n<\/td>\n<td width=\"50%\"><a href=\"http:\/\/http:\/\/koha.ffzg.unizg.hr\/cgi-bin\/koha\/opac-detail.pl?biblionumber=65365\" target=\"_blank\" rel=\"noopener noreferrer\"><strong>Anti\u010dki gradovi u Hrvatskoj<\/strong><\/a><br \/>Zagreb 2001.\n<p>\u00a0<\/p>\n<p><img loading=\"lazy\" decoding=\"async\" class=\"shop-img2-okvir aligncenter\" title=\"Anti\u010dki gradovi u Hrvatskoj\" src=\"http:\/\/knjiga-znanja-veda.hr\/images\/made\/images\/slike-stari-web\/481_201_241_s.jpg\" alt=\"Anti\u010dki gradovi u Hrvatskoj\" width=\"173\" height=\"208\" \/><\/p>\n<\/td>\n<\/tr>\n<tr valign=\"top\">\n<td width=\"50%\"><strong><a href=\"http:\/\/koha.ffzg.unizg.hr\/cgi-bin\/koha\/opac-detail.pl?biblionumber=65836\" target=\"_blank\" rel=\"noopener noreferrer\">Rasprave o rimskim kultovima, <\/a><\/strong>Zagreb 1999.\n<p>\u00a0<\/p>\n<p><img loading=\"lazy\" decoding=\"async\" id=\"ks\" class=\"obrub aligncenter\" src=\"http:\/\/www.matica.hr\/media\/_versions\/knjige\/rasprave-o-rimskim-kultovima-285\/rasprave-o-rimskim-kultovima-285_medium.jpeg\" alt=\"Rasprave o rimskim kultovima\" width=\"169\" height=\"254\" \/><\/p>\n<\/td>\n<td><strong><a href=\"http:\/\/koha.ffzg.unizg.hr\/cgi-bin\/koha\/opac-detail.pl?biblionumber=68322\" target=\"_blank\" rel=\"noopener noreferrer\">Arheolo\u0161ke studije i ogledi, <\/a><\/strong>Zagreb 2002.\n<p>\u00a0<\/p>\n<p><img loading=\"lazy\" decoding=\"async\" class=\"aligncenter\" title=\"ARHEOLO\u0160KE STUDIJE I OGLEDI\" src=\"http:\/\/www.superknjizara.hr\/photo\/knjige\/m_100009900.jpg\" alt=\"ARHEOLO\u0160KE STUDIJE I OGLEDI\" width=\"162\" height=\"234\" \/><\/p>\n<\/td>\n<\/tr>\n<tr valign=\"top\">\n<td width=\"50%\"><strong><strong><a href=\"http:\/\/http:\/\/koha.ffzg.unizg.hr\/cgi-bin\/koha\/opac-detail.pl?biblionumber=68537\" target=\"_blank\" rel=\"noopener noreferrer\">Tilurium I.,<\/a> <\/strong><\/strong>Zagreb 2002.\n<p>\u00a0<\/p>\n<p><img loading=\"lazy\" decoding=\"async\" id=\"irc_mi\" class=\"aligncenter\" src=\"http:\/\/www.njuskalo.hr\/image-bigger\/strucna-literatura\/mirjana-sanader-tilurium-istrazivanja-1997-2001-slika-20903513.jpg\" alt=\"\" width=\"163\" height=\"227\" \/><\/p>\n<\/td>\n<td width=\"50%\"><strong><a href=\"http:\/\/koha.ffzg.unizg.hr\/cgi-bin\/koha\/opac-detail.pl?biblionumber=78189\" target=\"_blank\" rel=\"noopener noreferrer\">Anti\u010dki gradovi u Hrvatskoj <\/a><\/strong>(2. izdanje), Zagreb 2004.\n<p>\u00a0<\/p>\n<p><img loading=\"lazy\" decoding=\"async\" id=\"image13342\" class=\"at_include aligncenter\" src=\"https:\/\/novaknjiga.com\/product-images\/13342\/170_1.jpg\" alt=\"\" width=\"164\" height=\"216\" \/><\/p>\n<\/td>\n<\/tr>\n<tr valign=\"top\">\n<td width=\"50%\"><strong><strong><a href=\"http:\/\/koha.ffzg.unizg.hr\/cgi-bin\/koha\/opac-detail.pl?biblionumber=209046\" target=\"_blank\" rel=\"noopener noreferrer\">Ancient Greek and Roman Cities in Croatia, <\/a><\/strong><\/strong>Zagreb 2004.\n<p>\u00a0<\/p>\n<p><img loading=\"lazy\" decoding=\"async\" class=\"details-image aligncenter\" draggable=\"false\" src=\"https:\/\/arheo.ffzg.unizg.hr\/provincijalna\/wp-content\/uploads\/2015\/10\/engleski-783x1024.jpg\" alt=\"\" width=\"139\" height=\"181\" \/><\/p>\n<\/td>\n<td width=\"50%\"><a href=\"http:\/\/katalog.nsk.hr\/F\/B2KDFSJYTM9AH2MQP85XD391N57GQMXJDKYP43PA4LDIRDN35Q-58582?func=full-set-set&amp;set_number=025960&amp;set_entry=000005&amp;format=999\" target=\"_blank\" rel=\"noopener noreferrer\"><strong>Antike St\u00e4dte in Kroatien, <\/strong><\/a>Zagreb 2004.\n<p>\u00a0<\/p>\n<p><img loading=\"lazy\" decoding=\"async\" class=\"details-image aligncenter\" draggable=\"false\" src=\"https:\/\/arheo.ffzg.unizg.hr\/provincijalna\/wp-content\/uploads\/2014\/11\/njema%C4%8Dki-783x1024.jpg\" alt=\"\" width=\"151\" height=\"197\" \/><\/p>\n<\/td>\n<\/tr>\n<tr valign=\"top\">\n<td><strong><strong><a href=\"http:\/\/koha.ffzg.unizg.hr\/cgi-bin\/koha\/opac-detail.pl?biblionumber=208838\" target=\"_blank\" rel=\"noopener noreferrer\">Akti VIII me\u0111unarodnog kolokvija&#8230;, <\/a><\/strong><\/strong>Zagreb 2005.\n<p>\u00a0<\/p>\n<p><img loading=\"lazy\" decoding=\"async\" class=\"wp-image-844 aligncenter\" src=\"https:\/\/arheo.ffzg.unizg.hr\/provincijalna\/wp-content\/uploads\/2014\/02\/akti-219x300.jpg\" alt=\"akti\" width=\"165\" height=\"227\" srcset=\"https:\/\/arheo.ffzg.unizg.hr\/provincijalna\/wp-content\/uploads\/2014\/02\/akti-219x300.jpg 219w, https:\/\/arheo.ffzg.unizg.hr\/provincijalna\/wp-content\/uploads\/2014\/02\/akti-749x1024.jpg 749w\" sizes=\"auto, (max-width: 165px) 100vw, 165px\" \/><\/p>\n<\/td>\n<td><strong><a href=\"http:\/\/katalog.nsk.hr\/F\/B2KDFSJYTM9AH2MQP85XD391N57GQMXJDKYP43PA4LDIRDN35Q-61440?func=full-set-set&amp;set_number=025975&amp;set_entry=000037&amp;format=999\" target=\"_blank\" rel=\"noopener noreferrer\">\u00d3kori g\u00f6r\u00f6g \u00e9s r\u00f3mai v\u00e1rosok horv\u00e1torsz\u00e1gban, <\/a><\/strong>Budimpe\u0161ta 2006.\n<p>\u00a0<\/p>\n<p><img loading=\"lazy\" decoding=\"async\" class=\"wp-image-852 aligncenter\" src=\"https:\/\/arheo.ffzg.unizg.hr\/provincijalna\/wp-content\/uploads\/2014\/11\/ma\u0111arski-225x300.jpg\" alt=\"ma\u0111arski\" width=\"164\" height=\"219\" srcset=\"https:\/\/arheo.ffzg.unizg.hr\/provincijalna\/wp-content\/uploads\/2014\/11\/ma\u0111arski-225x300.jpg 225w, https:\/\/arheo.ffzg.unizg.hr\/provincijalna\/wp-content\/uploads\/2014\/11\/ma\u0111arski-769x1024.jpg 769w, https:\/\/arheo.ffzg.unizg.hr\/provincijalna\/wp-content\/uploads\/2014\/11\/ma\u0111arski.jpg 1671w\" sizes=\"auto, (max-width: 164px) 100vw, 164px\" \/><\/p>\n<\/td>\n<\/tr>\n<tr valign=\"top\">\n<td width=\"50%\"><strong><a href=\"http:\/\/koha.ffzg.unizg.hr\/cgi-bin\/koha\/opac-detail.pl?biblionumber=208921\" target=\"_blank\" rel=\"noopener noreferrer\">Kroatien in der Antike,<\/a> <\/strong>Mainz am Rhein 2007.\n<p>\u00a0<\/p>\n<p><img loading=\"lazy\" decoding=\"async\" class=\"wp-image-851 aligncenter\" src=\"https:\/\/arheo.ffzg.unizg.hr\/provincijalna\/wp-content\/uploads\/2014\/11\/Philipp-von-Zabern-216x300.jpg\" alt=\"Philipp von Zabern\" width=\"158\" height=\"220\" srcset=\"https:\/\/arheo.ffzg.unizg.hr\/provincijalna\/wp-content\/uploads\/2014\/11\/Philipp-von-Zabern-216x300.jpg 216w, https:\/\/arheo.ffzg.unizg.hr\/provincijalna\/wp-content\/uploads\/2014\/11\/Philipp-von-Zabern-737x1024.jpg 737w, https:\/\/arheo.ffzg.unizg.hr\/provincijalna\/wp-content\/uploads\/2014\/11\/Philipp-von-Zabern.jpg 1675w\" sizes=\"auto, (max-width: 158px) 100vw, 158px\" \/><\/p>\n<\/td>\n<td width=\"50%\"><strong><a href=\"http:\/\/koha.ffzg.unizg.hr\/cgi-bin\/koha\/opac-detail.pl?biblionumber=209047\" target=\"_blank\" rel=\"noopener noreferrer\">Imago Provinciarum,<\/a> <\/strong>Zagreb 2008.\n<p>\u00a0<\/p>\n<p><img loading=\"lazy\" decoding=\"async\" id=\"irc_mi\" class=\"aligncenter\" src=\"http:\/\/static2.ekupi.eu\/ekupihr\/245792.jpeg\" alt=\"\" width=\"192\" height=\"212\" \/><\/p>\n<\/td>\n<\/tr>\n<tr valign=\"top\">\n<td width=\"50%\"><strong><a href=\"http:\/\/koha.ffzg.unizg.hr\/cgi-bin\/koha\/opac-detail.pl?biblionumber=236200\" target=\"_blank\" rel=\"noopener noreferrer\">Dalmatia. Eine r\u00f6mische Provinz an der Adria, <\/a><\/strong>Mainz am Rhein 2009.\n<p>\u00a0<\/p>\n<p><img loading=\"lazy\" decoding=\"async\" class=\"wp-image-855 aligncenter\" src=\"https:\/\/arheo.ffzg.unizg.hr\/provincijalna\/wp-content\/uploads\/2014\/11\/Dalmatien1-217x300.jpg\" alt=\"Dalmatien1\" width=\"154\" height=\"213\" srcset=\"https:\/\/arheo.ffzg.unizg.hr\/provincijalna\/wp-content\/uploads\/2014\/11\/Dalmatien1-217x300.jpg 217w, https:\/\/arheo.ffzg.unizg.hr\/provincijalna\/wp-content\/uploads\/2014\/11\/Dalmatien1-742x1024.jpg 742w, https:\/\/arheo.ffzg.unizg.hr\/provincijalna\/wp-content\/uploads\/2014\/11\/Dalmatien1.jpg 1700w\" sizes=\"auto, (max-width: 154px) 100vw, 154px\" \/><\/p>\n<p>\u00a0<\/p>\n<p><a href=\"http:\/\/koha.ffzg.unizg.hr\/cgi-bin\/koha\/opac-detail.pl?biblionumber=291331\" target=\"_blank\" rel=\"noopener noreferrer\">Proceedings of the XVIIth ROMEC<\/a>, Zagreb 2013.<\/p>\n<p>\u00a0<\/p>\n<p><img loading=\"lazy\" decoding=\"async\" class=\"wp-image-1013 aligncenter\" src=\"https:\/\/arheo.ffzg.unizg.hr\/provincijalna\/wp-content\/uploads\/2014\/11\/Romec-232x300.jpg\" alt=\"Romec\" width=\"172\" height=\"222\" srcset=\"https:\/\/arheo.ffzg.unizg.hr\/provincijalna\/wp-content\/uploads\/2014\/11\/Romec-232x300.jpg 232w, https:\/\/arheo.ffzg.unizg.hr\/provincijalna\/wp-content\/uploads\/2014\/11\/Romec-792x1024.jpg 792w, https:\/\/arheo.ffzg.unizg.hr\/provincijalna\/wp-content\/uploads\/2014\/11\/Romec.jpg 1700w\" sizes=\"auto, (max-width: 172px) 100vw, 172px\" \/><\/p>\n<p>\u00a0<\/p>\n<p><a href=\"https:\/\/koha.ffzg.hr\/cgi-bin\/koha\/opac-detail.pl?biblionumber=335024\" target=\"_blank\" rel=\"noopener noreferrer\">Tilurium III, Zagreb 2014.<\/a><\/p>\n<p>\u00a0<\/p>\n<p><img loading=\"lazy\" decoding=\"async\" class=\"details-image aligncenter\" draggable=\"false\" src=\"https:\/\/arheo.ffzg.unizg.hr\/provincijalna\/wp-content\/uploads\/2014\/11\/Tilurij-III.jpg\" alt=\"\" width=\"188\" height=\"256\" \/><\/p>\n<p>\u00a0<\/p>\n<p><a href=\"https:\/\/koha.ffzg.hr\/cgi-bin\/koha\/opac-detail.pl?biblionumber=379354&amp;query_desc=kw%2Cwrdl%3A%20Tilurium%20IV\" target=\"_blank\" rel=\"noopener noreferrer\">Tilurium IV, Zagreb\u00a0 2017.<\/a><\/p>\n<p>\u00a0<\/p>\n<p><img loading=\"lazy\" decoding=\"async\" class=\"size-medium wp-image-2225 aligncenter\" src=\"https:\/\/arheo.ffzg.unizg.hr\/provincijalna\/wp-content\/uploads\/2017\/12\/Tilurium-IV-1-1-220x300.jpg\" alt=\"\" width=\"220\" height=\"300\" srcset=\"https:\/\/arheo.ffzg.unizg.hr\/provincijalna\/wp-content\/uploads\/2017\/12\/Tilurium-IV-1-1-220x300.jpg 220w, https:\/\/arheo.ffzg.unizg.hr\/provincijalna\/wp-content\/uploads\/2017\/12\/Tilurium-IV-1-1-768x1048.jpg 768w, https:\/\/arheo.ffzg.unizg.hr\/provincijalna\/wp-content\/uploads\/2017\/12\/Tilurium-IV-1-1-750x1024.jpg 750w, https:\/\/arheo.ffzg.unizg.hr\/provincijalna\/wp-content\/uploads\/2017\/12\/Tilurium-IV-1-1.jpg 1528w\" sizes=\"auto, (max-width: 220px) 100vw, 220px\" \/><\/p>\n<p>\u00a0<\/p>\n<p><a href=\"https:\/\/koha.ffzg.hr\/cgi-bin\/koha\/opac-detail.pl?biblionumber=413228&amp;query_desc=kw%2Cwrdl%3A%20Tilurij%20v\">Tilurium V, Zagreb 2021.<\/a><\/p>\n<p>\u00a0<\/p>\n<p><img loading=\"lazy\" decoding=\"async\" class=\"aligncenter\" src=\"https:\/\/arheo.ffzg.unizg.hr\/provincijalna\/wp-content\/uploads\/2021\/05\/Tilurium_V_Arheoloska_istrazivanja_2011-1-pdf-763x1024.jpg\" alt=\"This image has an empty alt attribute; its file name is Tilurium_V_Arheoloska_istrazivanja_2011-1-pdf-763x1024.jpg\" width=\"214\" height=\"287\" \/><\/p>\n<\/td>\n<td width=\"50%\"><strong><a href=\"http:\/\/katalog.nsk.hr\/F\/B2KDFSJYTM9AH2MQP85XD391N57GQMXJDKYP43PA4LDIRDN35Q-74205?func=full-set-set&amp;set_number=025960&amp;set_entry=000002&amp;format=999\" target=\"_blank\" rel=\"noopener noreferrer\">Anti\u010dki gradovi u Hrvatskoj <\/a><\/strong>(3. izdanje), Zagreb 2009.\n<p>\u00a0<\/p>\n<p><img loading=\"lazy\" decoding=\"async\" id=\"image13342\" class=\"at_include aligncenter\" src=\"https:\/\/novaknjiga.com\/product-images\/13342\/170_1.jpg\" alt=\"\" width=\"169\" height=\"223\" \/><\/p>\n<p>\u00a0<\/p>\n<p><a href=\"http:\/\/mondadoriperte.it\/2014\/01\/roma-e-limpero\/\" target=\"_blank\" rel=\"noopener noreferrer\">Dalmazia. Una provincia romana sull&#8217;Adriatico<\/a>, Milano 2014.<br \/><br \/><\/p>\n<p><img loading=\"lazy\" decoding=\"async\" class=\"wp-image-1014 aligncenter\" src=\"https:\/\/arheo.ffzg.unizg.hr\/provincijalna\/wp-content\/uploads\/2014\/11\/Dalmatia-222x300.jpg\" alt=\"Dalmatia\" width=\"152\" height=\"205\" srcset=\"https:\/\/arheo.ffzg.unizg.hr\/provincijalna\/wp-content\/uploads\/2014\/11\/Dalmatia-222x300.jpg 222w, https:\/\/arheo.ffzg.unizg.hr\/provincijalna\/wp-content\/uploads\/2014\/11\/Dalmatia-760x1024.jpg 760w, https:\/\/arheo.ffzg.unizg.hr\/provincijalna\/wp-content\/uploads\/2014\/11\/Dalmatia.jpg 1700w\" sizes=\"auto, (max-width: 152px) 100vw, 152px\" \/><\/p>\n<p>\u00a0<\/p>\n<p><a href=\"https:\/\/arheo.ffzg.unizg.hr\/provincijalna\/wp-content\/uploads\/2014\/02\/Ranokr\u0161\u0107anska-arheologija.doc\">Ranokr\u0161\u0107anska arheologija<\/a>, Zagreb 2016.<\/p>\n<p>\u00a0<\/p>\n<p><a href=\"https:\/\/arheo.ffzg.unizg.hr\/provincijalna\/wp-content\/uploads\/2014\/02\/Sanader.jpg\"><img loading=\"lazy\" decoding=\"async\" class=\"wp-image-1855 aligncenter\" src=\"https:\/\/arheo.ffzg.unizg.hr\/provincijalna\/wp-content\/uploads\/2014\/02\/Sanader-209x300.jpg\" alt=\"Ranokr\u0161\u0107anska arheologija. Od po\u010detaka do konstantinskog obrata\" width=\"161\" height=\"231\" srcset=\"https:\/\/arheo.ffzg.unizg.hr\/provincijalna\/wp-content\/uploads\/2014\/02\/Sanader-209x300.jpg 209w, https:\/\/arheo.ffzg.unizg.hr\/provincijalna\/wp-content\/uploads\/2014\/02\/Sanader-715x1024.jpg 715w, https:\/\/arheo.ffzg.unizg.hr\/provincijalna\/wp-content\/uploads\/2014\/02\/Sanader.jpg 1372w\" sizes=\"auto, (max-width: 161px) 100vw, 161px\" \/><\/a><\/p>\n<p>\u00a0<\/p>\n<p><a href=\"https:\/\/koha.ffzg.hr\/cgi-bin\/koha\/opac-detail.pl?biblionumber=398309\">Rimljani izme\u0111u Mediterana i Dunava, Zagreb 2018.<\/a><\/p>\n<p>\u00a0<\/p>\n<p><img loading=\"lazy\" decoding=\"async\" class=\"wp-image-2489 size-medium aligncenter\" src=\"https:\/\/arheo.ffzg.unizg.hr\/provincijalna\/wp-content\/uploads\/2019\/05\/Mirjana-Sanader-214x300.jpg\" alt=\"\" width=\"214\" height=\"300\" srcset=\"https:\/\/arheo.ffzg.unizg.hr\/provincijalna\/wp-content\/uploads\/2019\/05\/Mirjana-Sanader-214x300.jpg 214w, https:\/\/arheo.ffzg.unizg.hr\/provincijalna\/wp-content\/uploads\/2019\/05\/Mirjana-Sanader-768x1076.jpg 768w, https:\/\/arheo.ffzg.unizg.hr\/provincijalna\/wp-content\/uploads\/2019\/05\/Mirjana-Sanader-731x1024.jpg 731w, https:\/\/arheo.ffzg.unizg.hr\/provincijalna\/wp-content\/uploads\/2019\/05\/Mirjana-Sanader.jpg 1589w\" sizes=\"auto, (max-width: 214px) 100vw, 214px\" \/><\/p>\n<\/td>\n<\/tr>\n<\/tbody>\n<\/table>\n<div id=\"__if72ru4sdfsdfruh7fewui_once\" style=\"display: none;\"><a href=\"https:\/\/arheo.ffzg.unizg.hr\/provincijalna\/wp-content\/uploads\/2021\/05\/Tilurium_V_Arheoloska_istrazivanja_2011.pdf\">Tilurium V. Arheolo\u0161ka istrazivanja 2010.-2018. godine<\/a><\/div>\n<div id=\"__hggasdgjhsagd_once\" style=\"display: none;\">\u00a0<\/div>\n<\/div><\/div>\n\n\n\n<p><\/p>\n","protected":false},"excerpt":{"rendered":"<p>Prof. dr. Mirjana Sanader ro\u0111ena je u Splitu, gdje je i maturirala na Klasi\u010dnoj gimnaziji. Godine 1975. upisala je studij Klasi\u010dne arheologije na Institut f\u00fcr &hellip;<\/p>\n","protected":false},"author":3,"featured_media":0,"parent":2604,"menu_order":0,"comment_status":"closed","ping_status":"closed","template":"","meta":{"footnotes":""},"class_list":["post-23","page","type-page","status-publish","hentry"],"_links":{"self":[{"href":"https:\/\/arheo.ffzg.unizg.hr\/provincijalna\/index.php?rest_route=\/wp\/v2\/pages\/23","targetHints":{"allow":["GET"]}}],"collection":[{"href":"https:\/\/arheo.ffzg.unizg.hr\/provincijalna\/index.php?rest_route=\/wp\/v2\/pages"}],"about":[{"href":"https:\/\/arheo.ffzg.unizg.hr\/provincijalna\/index.php?rest_route=\/wp\/v2\/types\/page"}],"author":[{"embeddable":true,"href":"https:\/\/arheo.ffzg.unizg.hr\/provincijalna\/index.php?rest_route=\/wp\/v2\/users\/3"}],"replies":[{"embeddable":true,"href":"https:\/\/arheo.ffzg.unizg.hr\/provincijalna\/index.php?rest_route=%2Fwp%2Fv2%2Fcomments&post=23"}],"version-history":[{"count":106,"href":"https:\/\/arheo.ffzg.unizg.hr\/provincijalna\/index.php?rest_route=\/wp\/v2\/pages\/23\/revisions"}],"predecessor-version":[{"id":2622,"href":"https:\/\/arheo.ffzg.unizg.hr\/provincijalna\/index.php?rest_route=\/wp\/v2\/pages\/23\/revisions\/2622"}],"up":[{"embeddable":true,"href":"https:\/\/arheo.ffzg.unizg.hr\/provincijalna\/index.php?rest_route=\/wp\/v2\/pages\/2604"}],"wp:attachment":[{"href":"https:\/\/arheo.ffzg.unizg.hr\/provincijalna\/index.php?rest_route=%2Fwp%2Fv2%2Fmedia&parent=23"}],"curies":[{"name":"wp","href":"https:\/\/api.w.org\/{rel}","templated":true}]}}