{"id":21,"date":"2014-02-04T12:00:24","date_gmt":"2014-02-04T10:00:24","guid":{"rendered":"http:\/\/wp.ffzg.unizg.hr\/apra\/?page_id=21"},"modified":"2024-12-10T17:19:02","modified_gmt":"2024-12-10T15:19:02","slug":"ispiti","status":"publish","type":"page","link":"https:\/\/arheo.ffzg.unizg.hr\/provincijalna\/?page_id=21","title":{"rendered":"Dokumenti"},"content":{"rendered":"<p><strong>a)\u00a0 Ispitni rokovi\u00a0<\/strong><\/p>\n<p><a href=\"https:\/\/arheo.ffzg.unizg.hr\/provincijalna\/wp-content\/uploads\/2024\/12\/ISPITNI-ROKOVI-2024-2025_Katedra-za-rimsku-provincijalnu-kasnoanti\u010dku-i-ranokr\u0161\u0107ansku-arheologiju.pdf\" target=\"_blank\" rel=\"noopener\">Ispitni rokovi za ak. god. 2024.\/2025.<\/a><\/p>\n<p><strong>b) Upute za proseminare, seminare i diplomske radove<br \/>\n<\/strong><\/p>\n<p><a href=\"https:\/\/arheo.ffzg.unizg.hr\/provincijalna\/wp-content\/uploads\/2014\/04\/Upute-za-izradu-pisanih-radova.pdf\"> Upute za izradu pisanih radova<\/a><\/p>\n<p><a href=\"https:\/\/arheo.ffzg.unizg.hr\/provincijalna\/wp-content\/uploads\/2015\/10\/Ocjene-seminara-FINAL.pdf\" target=\"_blank\" rel=\"noopener noreferrer\"> Kriteriji za ocjenjivanje proseminara i seminara<\/a><\/p>\n<p><a href=\"https:\/\/arheo.ffzg.unizg.hr\/provincijalna\/wp-content\/uploads\/2016\/04\/Abbreviations-Oxford-Classical-Dictionary.pdf\" target=\"_blank\" rel=\"noopener noreferrer\">Popis kratica naslova znanstvenih \u010dasopisa, imena anti\u010dkih autora i anti\u010dkih djela (prema: The Oxford Classical Dictionary, 4. izd.)<\/a><\/p>\n<p><strong>c) Pravilnici<\/strong><\/p>\n<p><a href=\"https:\/\/maia.ffzg.hr\/att\/propisi\/Statut-Filozofskog-fakulteta-2023-v2.pdf\" target=\"_blank\" rel=\"noopener noreferrer\">Statut Filozofskoga fakulteta<\/a><\/p>\n<p><a href=\"https:\/\/maia.ffzg.hr\/att\/propisi\/Pravilnik-o-studiranju-Filozofskog-fakulteta-2024-v2.pdf\" target=\"_blank\" rel=\"noopener noreferrer\">Pravilnik o studiranju Filozofskog fakulteta<\/a><\/p>\n<p><a href=\"https:\/\/maia.ffzg.hr\/att\/propisi\/Pravilnik-o-cjelozivotnom-obrazovanju-Filozofskog-fakulteta-v2.pdf\" target=\"_blank\" rel=\"noopener\">Pravilnik o cjelo\u017eivotnom obrazovanju Filozofskog fakulteta<\/a><\/p>\n<p><a href=\"https:\/\/arheo.ffzg.unizg.hr\/provincijalna\/wp-content\/uploads\/2014\/02\/1964-Venecijanska-povelja.pdf\">1964 Venecijanska povelja<\/a><\/p>\n<p><a href=\"https:\/\/arheo.ffzg.unizg.hr\/provincijalna\/wp-content\/uploads\/2015\/03\/GA2014_Symposium_FlorenceDeclaration_EN.pdf\" target=\"_blank\" rel=\"noopener noreferrer\">2014 Firentinska deklaracija<\/a><\/p>\n","protected":false},"excerpt":{"rendered":"<p>a)\u00a0 Ispitni rokovi\u00a0 Ispitni rokovi za ak. god. 2024.\/2025. b) Upute za proseminare, seminare i diplomske radove Upute za izradu pisanih radova Kriteriji za ocjenjivanje &hellip;<\/p>\n","protected":false},"author":3,"featured_media":0,"parent":0,"menu_order":0,"comment_status":"closed","ping_status":"closed","template":"","meta":{"footnotes":""},"class_list":["post-21","page","type-page","status-publish","hentry"],"_links":{"self":[{"href":"https:\/\/arheo.ffzg.unizg.hr\/provincijalna\/index.php?rest_route=\/wp\/v2\/pages\/21","targetHints":{"allow":["GET"]}}],"collection":[{"href":"https:\/\/arheo.ffzg.unizg.hr\/provincijalna\/index.php?rest_route=\/wp\/v2\/pages"}],"about":[{"href":"https:\/\/arheo.ffzg.unizg.hr\/provincijalna\/index.php?rest_route=\/wp\/v2\/types\/page"}],"author":[{"embeddable":true,"href":"https:\/\/arheo.ffzg.unizg.hr\/provincijalna\/index.php?rest_route=\/wp\/v2\/users\/3"}],"replies":[{"embeddable":true,"href":"https:\/\/arheo.ffzg.unizg.hr\/provincijalna\/index.php?rest_route=%2Fwp%2Fv2%2Fcomments&post=21"}],"version-history":[{"count":26,"href":"https:\/\/arheo.ffzg.unizg.hr\/provincijalna\/index.php?rest_route=\/wp\/v2\/pages\/21\/revisions"}],"predecessor-version":[{"id":2824,"href":"https:\/\/arheo.ffzg.unizg.hr\/provincijalna\/index.php?rest_route=\/wp\/v2\/pages\/21\/revisions\/2824"}],"wp:attachment":[{"href":"https:\/\/arheo.ffzg.unizg.hr\/provincijalna\/index.php?rest_route=%2Fwp%2Fv2%2Fmedia&parent=21"}],"curies":[{"name":"wp","href":"https:\/\/api.w.org\/{rel}","templated":true}]}}