{"id":2054,"date":"2017-05-09T10:49:54","date_gmt":"2017-05-09T08:49:54","guid":{"rendered":"http:\/\/arheo.ffzg.unizg.hr\/provincijalna\/?page_id=2054"},"modified":"2017-05-09T17:00:25","modified_gmt":"2017-05-09T15:00:25","slug":"spomenici-vii-legije-u-dalmaciji-i-meziji","status":"publish","type":"page","link":"https:\/\/arheo.ffzg.unizg.hr\/provincijalna\/?page_id=2054","title":{"rendered":"Spomenici VII. legije u Dalmaciji i Meziji"},"content":{"rendered":"<p>Ministarstvo, znanosti, obrazovanja i sporta Rrepublike Hrvatske i Ministarstvo prosvjete, znanosti i tehnolo\u0161kog razvoja Republike Srbije odobrili su znanstveno-istra\u017eiva\u010dki projekt\u00a0<strong><em>Spomenici VII. legije u Dalmaciji i Meziji<\/em><\/strong>, koji vode doc. dr. sc. Domagoj Ton\u010dini\u0107 (Odsjek za arheologiju Filozofskog fakulteta Sveu\u010dili\u0161ta u Zagrebu) i dr. sc. Miomir Kora\u0107 (Arheolo\u0161ki institut u Beogradu). Projekt \u0107e se odvijati u 2016. i 2017. godini.<\/p>\n<p>O projektu:<\/p>\n<p>Sedma je legija u prvim desetlje\u0107ima principata boravila u rimskoj provinciji Dalmaciji u legijskom logoru Tiluriju na rijeci Cetini. Nakon sredine 1. stolje\u0107a po. Kr. oti\u0161la je na Dunav u rimsku provinciju Meziju gdje je boravila u Viminaciju. Znanstvenici iz Srbije i Hrvatske ve\u0107 desetlje\u0107ima su uspje\u0161no posve\u0107eni istra\u017eivanju arhitekture legijskih logora Viminacija i Tilurija kao i pokretnih nalaza s tih lokaliteta. Ovaj projekt predstavlja pionirsku suradnju kojom se pristupa problematici VII. legije za vrijeme njezina boravka na podru\u010dju dana\u0161njih republika Srbije i Hrvatske.<\/p>\n<p>Me\u0111u pokretnom arheolo\u0161kom ba\u0161tinom sedme legije nalaze se razli\u010diti spomenici na\u010dinjeni od metala, stakla, kosti i keramika, kao i glipti\u010dki nalazi, iako su najvi\u0161e znanstvene pa\u017enje izazvali njihovi nadgrobni spomenici. Naime, vojnicima sedme legije nakon smrti su se podizali nagrobni spomenici, koji su i u Tiluriju i u Viminaciju prona\u0111eni u velikom broju. Iako su ti nadgrobni spomenici, ali i drugi predmeti, izazvali zanimanje znanstvenika te su objavljeni, do danas nad njima nije provedena komparativna analiza. Cilj ovoga projekta je provo\u0111enje komparativne analize pokretnog materijala. Na va\u017enost takve analize upu\u0107uje \u010dinjenica da nakon odlaska sedme legije iz Dalmacije na Dunav u Meziju dolazi do zna\u010dajnih promjena u formi, stilu i ikonografiji pokretnih nalaza i to ne samo na nadgrobnim spomenicima.<\/p>\n<p>Tijekom dvije godine trajanja projekta ogranizirat \u0107e se \u010detiri radionice, dvije u Hrvatskoj i dvije u Srbiji. Tijekom radnih susreta obiju grupa u muzejima gdje se spomenici \u010duvaju, znanstvenici bi ih dokumentirali, analizirali, diskutirali o njima. Rezultati projekta, odnosno odr\u017eavanja predvi\u0111enih radionica, omogu\u0107it \u0107e provo\u0111enje komparativne analize pokretnog arheolo\u0161kog materijala i to uz pomo\u0107 ikonografskog, stilskog i tipolo\u0161kog, kao i epigrafskog te onomasti\u010dkog istra\u017eivanja.<\/p>\n<p>Radionice:<\/p>\n<ol>\n<li><a href=\"http:\/\/www.ffzg.unizg.hr\/romicro\/wp-content\/uploads\/2016\/02\/10.2-9.-1.-Okrugli-stol_Spomenici-VII-legije-u-Dalmaciji-i-Meziji-Split.pdf\"><em>Prvi okrugli stol &#8220;Spomenici VII. legije u Dalmaciji i Meziji&#8221;<\/em> <\/a>&#8211; odr\u017ean u Arheolo\u0161kom muzeju u Splitu 28.06.2016.<\/li>\n<li><a href=\"http:\/\/www.ffzg.unizg.hr\/romicro\/wp-content\/uploads\/2016\/02\/10.18-21.-2.-Okrugli-stol_Spomenici-VII-legije-u-Dalmaciji-i-Meziji-Viminacium.pdf\"><em>Drugi okrugli stol &#8220;Spomenici VII. legije u Dalmaciji i Meziji&#8221;<\/em> <\/a>&#8211; odr\u017ean u Viminaciju u Srbiji 12. i 13.12.2016.<\/li>\n<\/ol>\n<p>&nbsp;<\/p>\n","protected":false},"excerpt":{"rendered":"<p>Ministarstvo, znanosti, obrazovanja i sporta Rrepublike Hrvatske i Ministarstvo prosvjete, znanosti i tehnolo\u0161kog razvoja Republike Srbije odobrili su znanstveno-istra\u017eiva\u010dki projekt\u00a0Spomenici VII. legije u Dalmaciji i &hellip;<\/p>\n","protected":false},"author":2,"featured_media":0,"parent":0,"menu_order":0,"comment_status":"closed","ping_status":"closed","template":"","meta":{"footnotes":""},"class_list":["post-2054","page","type-page","status-publish","hentry"],"_links":{"self":[{"href":"https:\/\/arheo.ffzg.unizg.hr\/provincijalna\/index.php?rest_route=\/wp\/v2\/pages\/2054","targetHints":{"allow":["GET"]}}],"collection":[{"href":"https:\/\/arheo.ffzg.unizg.hr\/provincijalna\/index.php?rest_route=\/wp\/v2\/pages"}],"about":[{"href":"https:\/\/arheo.ffzg.unizg.hr\/provincijalna\/index.php?rest_route=\/wp\/v2\/types\/page"}],"author":[{"embeddable":true,"href":"https:\/\/arheo.ffzg.unizg.hr\/provincijalna\/index.php?rest_route=\/wp\/v2\/users\/2"}],"replies":[{"embeddable":true,"href":"https:\/\/arheo.ffzg.unizg.hr\/provincijalna\/index.php?rest_route=%2Fwp%2Fv2%2Fcomments&post=2054"}],"version-history":[{"count":6,"href":"https:\/\/arheo.ffzg.unizg.hr\/provincijalna\/index.php?rest_route=\/wp\/v2\/pages\/2054\/revisions"}],"predecessor-version":[{"id":2061,"href":"https:\/\/arheo.ffzg.unizg.hr\/provincijalna\/index.php?rest_route=\/wp\/v2\/pages\/2054\/revisions\/2061"}],"wp:attachment":[{"href":"https:\/\/arheo.ffzg.unizg.hr\/provincijalna\/index.php?rest_route=%2Fwp%2Fv2%2Fmedia&parent=2054"}],"curies":[{"name":"wp","href":"https:\/\/api.w.org\/{rel}","templated":true}]}}