{"id":1938,"date":"2017-01-31T15:36:12","date_gmt":"2017-01-31T13:36:12","guid":{"rendered":"http:\/\/arheo.ffzg.unizg.hr\/provincijalna\/?page_id=1938"},"modified":"2024-12-10T17:11:44","modified_gmt":"2024-12-10T15:11:44","slug":"ispitni-rokovi","status":"publish","type":"page","link":"https:\/\/arheo.ffzg.unizg.hr\/provincijalna\/?page_id=1938","title":{"rendered":"Ispitni rokovi"},"content":{"rendered":"\n<p><a href=\"https:\/\/arheo.ffzg.unizg.hr\/provincijalna\/wp-content\/uploads\/2024\/12\/ISPITNI-ROKOVI-2024-2025_Katedra-za-rimsku-provincijalnu-kasnoanti\u010dku-i-ranokr\u0161\u0107ansku-arheologiju.pdf\" data-type=\"link\" data-id=\"https:\/\/arheo.ffzg.unizg.hr\/provincijalna\/wp-content\/uploads\/2024\/12\/ISPITNI-ROKOVI-2024-2025_Katedra-za-rimsku-provincijalnu-kasnoanti\u010dku-i-ranokr\u0161\u0107ansku-arheologiju.pdf\">ISPITNI ROKOVI ZA AK. GOD. 2024.\/2025.<\/a><\/p>\n\n\n\n<p><\/p>\n","protected":false},"excerpt":{"rendered":"<p>ISPITNI ROKOVI ZA AK. GOD. 2024.\/2025.<\/p>\n","protected":false},"author":2,"featured_media":0,"parent":0,"menu_order":0,"comment_status":"closed","ping_status":"closed","template":"","meta":{"footnotes":""},"class_list":["post-1938","page","type-page","status-publish","hentry"],"_links":{"self":[{"href":"https:\/\/arheo.ffzg.unizg.hr\/provincijalna\/index.php?rest_route=\/wp\/v2\/pages\/1938","targetHints":{"allow":["GET"]}}],"collection":[{"href":"https:\/\/arheo.ffzg.unizg.hr\/provincijalna\/index.php?rest_route=\/wp\/v2\/pages"}],"about":[{"href":"https:\/\/arheo.ffzg.unizg.hr\/provincijalna\/index.php?rest_route=\/wp\/v2\/types\/page"}],"author":[{"embeddable":true,"href":"https:\/\/arheo.ffzg.unizg.hr\/provincijalna\/index.php?rest_route=\/wp\/v2\/users\/2"}],"replies":[{"embeddable":true,"href":"https:\/\/arheo.ffzg.unizg.hr\/provincijalna\/index.php?rest_route=%2Fwp%2Fv2%2Fcomments&post=1938"}],"version-history":[{"count":14,"href":"https:\/\/arheo.ffzg.unizg.hr\/provincijalna\/index.php?rest_route=\/wp\/v2\/pages\/1938\/revisions"}],"predecessor-version":[{"id":2822,"href":"https:\/\/arheo.ffzg.unizg.hr\/provincijalna\/index.php?rest_route=\/wp\/v2\/pages\/1938\/revisions\/2822"}],"wp:attachment":[{"href":"https:\/\/arheo.ffzg.unizg.hr\/provincijalna\/index.php?rest_route=%2Fwp%2Fv2%2Fmedia&parent=1938"}],"curies":[{"name":"wp","href":"https:\/\/api.w.org\/{rel}","templated":true}]}}