{"id":1733,"date":"2015-12-03T16:11:58","date_gmt":"2015-12-03T14:11:58","guid":{"rendered":"http:\/\/arheo.ffzg.unizg.hr\/provincijalna\/?page_id=1733"},"modified":"2022-07-06T16:59:14","modified_gmt":"2022-07-06T14:59:14","slug":"studentski-projekti","status":"publish","type":"page","link":"https:\/\/arheo.ffzg.unizg.hr\/provincijalna\/?page_id=1733","title":{"rendered":"Studentski projekti"},"content":{"rendered":"<p><strong>13)<\/strong><\/p>\n<p><strong>Naslov projekta:<\/strong> MAPIRANJE POVIJESNIH CESTOVNIH KOMUNIKACIJA TRILJSKOG PODRU\u010cJA V<\/p>\n<p><strong>Trajanje projekta:<\/strong> 2022.<\/p>\n<p><strong>Sudionici:<\/strong> Marko Juki\u0107, Karla Ivak, Mia Juri\u0107, Ivona Juki\u010di\u0107, Laura Vranje\u0161, Margareta Novak<\/p>\n<p><strong>Mentor:<\/strong> dr. sc. D. Ton\u010dini\u0107, izv. prof.<\/p>\n<p><strong>12)<\/strong><\/p>\n<p><strong>Naslov projekta:<\/strong> KYRIKOS II &#8211; TERENSKI PREGLED GORNJEG I SREDNJEG TOKA RIJEKE KRKE<\/p>\n<p><strong>Trajanje projekta:<\/strong> 2022.<\/p>\n<p><strong>Sudionici:<\/strong> Ivo \u0106evid, Indi Mujad\u017ei\u0107, Ani Radeti\u0107, Karla Radolovi\u0107, Iva Tomljenovi\u0107<\/p>\n<p><strong>Mentor:<\/strong> dr. sc. I. Kai\u0107, doc.<\/p>\n<p><strong>11)<\/strong><\/p>\n<p><strong>Naslov projekta:<\/strong> MAPIRANJE POVIJESNIH CESTOVNIH KOMUNIKACIJA TRILJSKOG PODRU\u010cJA IV<\/p>\n<p><strong>Trajanje projekta:<\/strong> 2021.<\/p>\n<p><strong>Sudionici:<\/strong> Marko Juki\u0107, Jelena Bu\u017eani\u0107, Karla Ivak, Santa Duvnjak, Nera Jankovi\u0107, Anita Mravak, Margareta Novak, Mirna \u0160andri\u0107<\/p>\n<p><strong>Mentor:<\/strong> dr. sc. D. Ton\u010dini\u0107, izv. prof.<\/p>\n<p><strong>10)<\/strong><\/p>\n<p><strong>Naslov projekta:<\/strong> KYRIKOS &#8211; TERENSKI PREGLED GORNJEG TOKA RIJEKE KRKE<\/p>\n<p><strong>Trajanje projekta:<\/strong> 2021.<\/p>\n<p><strong>Sudionici:<\/strong> Ivo \u0106evid, Lorena Mandi\u0107, Matea Mr\u0161i\u0107, Ani Radeti\u0107, Karla Radolovi\u0107, Matea Zvono<\/p>\n<p><strong>Mentor:<\/strong> dr. sc. I. Kai\u0107, doc.<\/p>\n<p><strong>9)<\/strong><\/p>\n<p><strong>Naslov projekta:<\/strong> MAPIRANJE POVIJESNIH CESTOVNIH KOMUNIKACIJA TRILJSKOG PODRU\u010cJA III<\/p>\n<p><strong>Trajanje projekta:<\/strong> 2020.<\/p>\n<p><strong>Sudionici:<\/strong> Karla Ivak, Marko Juki\u0107, Lucija Prusac, Jelena \u0160ekrst<\/p>\n<p><strong>Mentor:<\/strong> dr. sc. D. Ton\u010dini\u0107, izv. prof.<\/p>\n<p><strong>8)<\/strong><\/p>\n<p><strong>Naslov projekta:<\/strong> TERENSKI PREGLED NA ZAPADNIM OBRONCIMA MEDVEDNICE NA POTEZU BIZEK-JAGODI\u0160\u0106E<\/p>\n<p><strong>Trajanje projekta:<\/strong> 2019.<\/p>\n<p><strong>Sudionici:<\/strong> Nina Bon, Lovre Kati\u0107, Tomislav Ki\u0161, Nikolina Sever, Ivan \u017dolek<\/p>\n<p><strong>Mentor:<\/strong> dr. sc. M. Vukov, poslijedoktorandica<\/p>\n<p><strong>7)<\/strong><\/p>\n<p><strong>Naslov projekta:<\/strong> MAPIRANJE POVIJESNIH CESTOVNIH KOMUNIKACIJA TRILJSKOG PODRU\u010cJA II<\/p>\n<p><strong>Trajanje projekta:<\/strong> 2019.<\/p>\n<p><strong>Sudionici:<\/strong> Karla Ivak, Marko Juki\u0107, Lucija Prusac, Jelena \u0160ekrst<\/p>\n<p><strong>Mentor:<\/strong> dr. sc. D. Ton\u010dini\u0107, izv. prof.<\/p>\n<p><strong>6)<\/strong><\/p>\n<p><strong>Naslov projekta:<\/strong> REVIZIJA DOKUMENTACIJE I ARHEOLO\u0160KIH OSTATAKA KASNOANTI\u010cKOG OBJEKTA U OSTRVICI KRAJ GATA<\/p>\n<p><strong>Trajanje projekta:<\/strong> 2017.<\/p>\n<p><strong>Sudionici:<\/strong> Tina Berteti\u0107, Tihana Kucijan, Filip Medar, Lucija Prusac (studenti preddiplomskog studija)<\/p>\n<p><strong>Mentor:<\/strong> dr. sc. V. Matijevi\u0107, poslijedoktorandica<\/p>\n<p><strong>5)<\/strong><\/p>\n<p><strong>Naslov projekta:<\/strong> MAPIRANJE ARHEOLO\u0160KOG LOKALITETA VELI\u0106 U KONTEKSTU POVIJESNIH CESTOVNIH KOMUNIKACIJA<\/p>\n<p><strong>Trajanje projekta:<\/strong> 2017.<\/p>\n<p><strong>Sudionici:<\/strong> Domagoj Bu\u017eani\u0107, Jelena \u0160ekrst, Karla Ivak, Ivan Vidovi\u0107, Bla\u017e Glavini\u0107 (studenti preddiplomskog i diplomskog studija, smjer anti\u010dka arheologija)<\/p>\n<p><strong>Mentor:<\/strong> dr. sc. D. Ton\u010dini\u0107, doc.<\/p>\n<p><strong>4)<\/strong><\/p>\n<p><strong>Naslov projekta:<\/strong>\u00a0IZRADA 3D MODELA RANOKR\u0160\u0106ANSKOG NALAZI\u0160TA VELI\u0106<\/p>\n<p><strong>Trajanje projekta:<\/strong> 2016.<\/p>\n<p><strong>Sudionici:<\/strong> Domagoj Bu\u017eani\u0107, Jelena \u0160ekrst, Karla Ivak, Ivan Vidovi\u0107, Bla\u017e Glavini\u0107 (studenti preddiplomskog i diplomskog studija, smjer anti\u010dka arheologija)<\/p>\n<p><strong>Mentor:<\/strong> dr. sc. D. Ton\u010dini\u0107, doc.<\/p>\n<p><strong>3)<\/strong><\/p>\n<p><strong>Naslov projekta:<\/strong>\u00a0MAPIRANJE TERENA I ARHEOLO\u0160KIH OBJEKATA NA RANOKR\u0160\u0106ANSKOM LOKALITETU JABUKA-VELI\u0106<\/p>\n<p><strong>Trajanje projekta:<\/strong> 2015.<\/p>\n<p><strong>Sudionici:<\/strong> Bla\u017e Glavini\u0107, Darija Dunjko, Antonio Manhard i Domagoj Bu\u017eani\u0107 (studenti diplomskog studija, smjer anti\u010dka arheologija)<\/p>\n<p><strong>Mentor:<\/strong> dr. sc. D. Ton\u010dini\u0107, doc.<\/p>\n<p><strong>2)<\/strong><\/p>\n<p><strong>Naslov projekta:<\/strong>\u00a0MAPIRANJE TERENA I ARHEOLO\u0160KIH OBJEKATA NA RANOKR\u0160\u0106ANSKOM LOKALITETU JABUKA-VELI\u0106<\/p>\n<p><strong>Trajanje projekta:<\/strong> 2014.<\/p>\n<p><strong>Sudionici:<\/strong> Bla\u017e Glavini\u0107, Darija Dunjko, Antonio Manhard i Domagoj Bu\u017eani\u0107 (studenti diplomskog studija, smjer anti\u010dka arheologija)<\/p>\n<p><strong>Mentor:<\/strong> dr. sc. D. Ton\u010dini\u0107, doc.<\/p>\n<p><strong>1)<\/strong><\/p>\n<p><strong>Naslov projekta:<\/strong> BA\u0160TINA SE PREDAJE, A NE PRODAJE<strong><br \/>\n<\/strong><\/p>\n<p><strong>Trajanje projekta:<\/strong> rujan 2014.<\/p>\n<p><strong>Sudionici:<\/strong> Ivana Kunac i Bla\u017e Glavini\u0107 (studenti diplomskog studija, smjer anti\u010dka arheologija)<\/p>\n<p><strong>Mentor:<\/strong> dr. sc. Z. \u0160imi\u0107-Kanaet, v. asist.<\/p>\n","protected":false},"excerpt":{"rendered":"<p>13) Naslov projekta: MAPIRANJE POVIJESNIH CESTOVNIH KOMUNIKACIJA TRILJSKOG PODRU\u010cJA V Trajanje projekta: 2022. Sudionici: Marko Juki\u0107, Karla Ivak, Mia Juri\u0107, Ivona Juki\u010di\u0107, Laura Vranje\u0161, Margareta &hellip;<\/p>\n","protected":false},"author":2,"featured_media":0,"parent":0,"menu_order":0,"comment_status":"closed","ping_status":"closed","template":"","meta":{"footnotes":""},"class_list":["post-1733","page","type-page","status-publish","hentry"],"_links":{"self":[{"href":"https:\/\/arheo.ffzg.unizg.hr\/provincijalna\/index.php?rest_route=\/wp\/v2\/pages\/1733","targetHints":{"allow":["GET"]}}],"collection":[{"href":"https:\/\/arheo.ffzg.unizg.hr\/provincijalna\/index.php?rest_route=\/wp\/v2\/pages"}],"about":[{"href":"https:\/\/arheo.ffzg.unizg.hr\/provincijalna\/index.php?rest_route=\/wp\/v2\/types\/page"}],"author":[{"embeddable":true,"href":"https:\/\/arheo.ffzg.unizg.hr\/provincijalna\/index.php?rest_route=\/wp\/v2\/users\/2"}],"replies":[{"embeddable":true,"href":"https:\/\/arheo.ffzg.unizg.hr\/provincijalna\/index.php?rest_route=%2Fwp%2Fv2%2Fcomments&post=1733"}],"version-history":[{"count":5,"href":"https:\/\/arheo.ffzg.unizg.hr\/provincijalna\/index.php?rest_route=\/wp\/v2\/pages\/1733\/revisions"}],"predecessor-version":[{"id":2670,"href":"https:\/\/arheo.ffzg.unizg.hr\/provincijalna\/index.php?rest_route=\/wp\/v2\/pages\/1733\/revisions\/2670"}],"wp:attachment":[{"href":"https:\/\/arheo.ffzg.unizg.hr\/provincijalna\/index.php?rest_route=%2Fwp%2Fv2%2Fmedia&parent=1733"}],"curies":[{"name":"wp","href":"https:\/\/api.w.org\/{rel}","templated":true}]}}