{"id":1317,"date":"2015-02-05T16:04:48","date_gmt":"2015-02-05T14:04:48","guid":{"rendered":"http:\/\/arheo.ffzg.unizg.hr\/provincijalna\/?page_id=1317"},"modified":"2024-11-29T15:51:18","modified_gmt":"2024-11-29T13:51:18","slug":"mirna-vukov","status":"publish","type":"page","link":"https:\/\/arheo.ffzg.unizg.hr\/provincijalna\/?page_id=1317","title":{"rendered":"Mirna Cvetko"},"content":{"rendered":"<p style=\"text-align: center;\"><img loading=\"lazy\" decoding=\"async\" class=\"alignnone wp-image-1350 size-medium\" src=\"https:\/\/arheo.ffzg.unizg.hr\/provincijalna\/wp-content\/uploads\/2015\/03\/Mirna-200x300.jpg\" alt=\"Mirna\" width=\"200\" height=\"300\" srcset=\"https:\/\/arheo.ffzg.unizg.hr\/provincijalna\/wp-content\/uploads\/2015\/03\/Mirna-200x300.jpg 200w, https:\/\/arheo.ffzg.unizg.hr\/provincijalna\/wp-content\/uploads\/2015\/03\/Mirna.jpg 512w\" sizes=\"auto, (max-width: 200px) 100vw, 200px\" \/><\/p>\n<p>Mirna Cvetko (ro\u0111. Vukov) ro\u0111ena je 1990. god. u Zagrebu, gdje je zavr\u0161ila osnovnu \u0161kolu i klasi\u010dnu gimnaziju. Diplomirala je 2014. god. na Odsjeku za arheologiju Filozofskog fakulteta Sveu\u010dili\u0161ta u Zagrebu s radom pod naslovom \u201eTegule s pe\u010datom Pansiana iz Arheolo\u0161kog muzeja u Splitu\u201c (mentor dr. sc. D. Ton\u010dini\u0107). U srpnju 2018. god. doktorirala je s temom \u201eIzme\u0111u tradicije i modifikacije. Rimski zavjetni \u017ertvenici kao pokazatelji razvoja gospodarstva i dru\u0161tva u provincijama\u201c (mentorica dr. sc. M. Sanader). U sije\u010dnju 2020. godine izabrana je u znanstveno zvanje znanstvenog suradnika. Godine 2023. izabrana je u znanstveno-nastavno zvanje docentice.<\/p>\n<p>Od 01.01.2015. do 31.12.2018. god. zaposlena je na radnom mjestu asistenta na projektu \u201cIzme\u0111u Dunava i Mediterana. Uloga rimske vojske u mobilnosti ljudi i roba na tlu Hrvatske u antici \u2013 RoMiCRO\u201d (voditeljica: dr. sc. M. Sanader; financiranje: Hrvatska zaklada za znanost, IP-2013-11-6505), a od 01.01.2019. do 18.10.2022. god. na radnom mjestu poslijedoktoranda na projektu projektu \u201cRazumijevanje rimskih granica: primjer isto\u010dnog Jadrana \u2013 AdriaRom\u201d (voditelji: dr. sc. M. Sanader i dr. sc. D. Ton\u010dini\u0107; financiranje: Hrvatska zaklada za znanost, IP-2018-01-4934). Godine 2017. nagra\u0111ena je stipendijom Sveu\u010dili\u0161ta u Zagrebu za jednomjese\u010dni istra\u017eiva\u010dki boravak na Sveu\u010dili\u0161tu u Be\u010du. Dobitnica je Dr\u017eavne nagrade za znanost za 2022. godinu &#8211; Godi\u0161nja nagrada za znanstvene novake\/mlade znanstvenike, podru\u010dje humanisti\u010dkih znanosti.<\/p>\n<p>U razdoblju od 2015. god. suradnica je na nekoliko znanstvenih projekata:<\/p>\n<ul>\n<li>2023. \u2013 suradnica na istra\u017eiva\u010dkom projektu \u201cIzme\u0111u rata i mira. Transformacija kulturnog krajolika me\u0111urije\u010dja Krke i Cetine od protohistorije do kasne antike \u2013 TiHiTransform\u201d (voditelj: dr. sc. D. Ton\u010dini\u0107; financiranje: Hrvatska zaklada za znanost, IP-2022-10-6994)<\/li>\n<li>2019. \u2013 2022. poslijedoktorandica na istra\u017eiva\u010dkom projektu \u201cRazumijevanje rimskih granica: primjer isto\u010dnog Jadrana \u2013 AdriaRom\u201d (voditelji: dr. sc. M. Sanader i dr. sc. D. Ton\u010dini\u0107; financiranje: Hrvatska zaklada za znanost, IP-2018-01-4934)<\/li>\n<li>2015. \u2013 2022. suradnica na istra\u017eiva\u010dkom projektu \u201eRimski obrambeni sustavi u Hrvatskoj (limes) na temelju uvida u neobjavljenu arheolo\u0161ku gra\u0111u\u201c (voditelj: dr. sc. D. Ton\u010dini\u0107; financiranje: Sveu\u010dili\u0161te u Zagrebu)<\/li>\n<li>2018. \u2013 2019. suradnica na projektu \u201eTechno-Past Techno-Future Project; European Researchers\u00b4 Night\u201c (odobren u sklopu programa Obzor 2020. Marie Sklodowska-Curie aktivnosti, kojeg provodi Ministarstvo znanosti i obrazovanja Republike Hrvatske)<\/li>\n<li>2015. \u2013 2018. asistentica na istra\u017eiva\u010dkom projektu \u201cIzme\u0111u Dunava i Mediterana. Uloga rimske vojske u mobilnosti ljudi i roba na tlu Hrvatske u antici \u2013 RoMiCRO\u201d (voditeljica: dr. sc. M. Sanader; financiranje: Hrvatska zaklada za znanost, IP-2013-11-6505)<\/li>\n<li>2018. suradnica na projektu popularizacije znanosti \u201e365 za\u0161to, 365 zato \u2013 dru\u0161tvene i humanisti\u010dke znanosti u svakodnevnom \u017eivotu\u201c (voditelj: dr. sc. D. Bagi\u0107, financiranje: Potpora Ministarstva znanosti i obrazovanja programima popularizacije znanosti u 2018. godini)<\/li>\n<li>2017. suradnica na projektu popularizacije znanosti \u201eTriljski kraj = arheolo\u0161ki raj! Upoznajmo arheolo\u0161ku ba\u0161tinu svog kraja!\u201c (voditeljica: dr. sc. Z. \u0160imi\u0107-Kanaet, financiranje: Potpora Ministarstva znanosti i obrazovanja programima popularizacije znanosti u 2017. godini)<\/li>\n<li>2016. \u2013 2017. suradnica na bilateralnom znanstveno-istra\u017eiva\u010dkom projektu \u201eSpomenici VII legije u Dalmaciji i Meziji\u201c (voditelji: doc. dr. sc. D. Ton\u010dini\u0107 i dr. sc. M. Kora\u010d, financiranje: Ministarstvo, znanosti, obrazovanja i sporta Republike Hrvatske i Ministarstvo prosvjete, znanosti i tehnolo\u0161kog razvoja Republike Srbije)<\/li>\n<\/ul>\n<p>Bavi se rimskom provincijskom arheologijom s naglaskom na istra\u017eivanju rimskih \u017ertvenika, a u svojim se istra\u017eivanjima posvetila i prou\u010davanju rimske keramike s posebnim naglaskom na instrumentum inscriptum, transportnoj i gra\u0111evinskoj keramici. Autorica je niza znanstvenih radova objavljenih u doma\u0107im i inozemnim publikacijama. Autorica je knjige Rimski zavjetni \u017ertvenici s podru\u010dja Hrvatske (2022) i koautorica knjige Rimski spoliji iz Tilurija. Vodi\u010d po triljskom kraju (2021). Urednica je nekoliko zbornika. S predavanjima i posterima do sada je sudjelovala na dvadesetak znanstvenih skupova u Hrvatskoj i inozemstvu.<\/p>\n<p style=\"text-align: center;\"><a href=\"https:\/\/www.croris.hr\/osobe\/profil\/33565\">CRORIS<\/a><\/p>\n<p style=\"text-align: center;\"><a href=\"https:\/\/orcid.org\/0000-0002-6043-480X\">ORCID<\/a><\/p>\n<p style=\"text-align: center;\"><a href=\"https:\/\/www.researchgate.net\/profile\/Mirna-Cvetko\">RESEARHGATE<\/a><\/p>\n<p style=\"text-align: center;\"><a href=\"https:\/\/ffzg.academia.edu\/MirnaVukov\">ACADEMIA.EDU<\/a><\/p>\n","protected":false},"excerpt":{"rendered":"<p>Mirna Cvetko (ro\u0111. Vukov) ro\u0111ena je 1990. god. u Zagrebu, gdje je zavr\u0161ila osnovnu \u0161kolu i klasi\u010dnu gimnaziju. Diplomirala je 2014. god. na Odsjeku za &hellip;<\/p>\n","protected":false},"author":5,"featured_media":0,"parent":0,"menu_order":0,"comment_status":"closed","ping_status":"open","template":"","meta":{"footnotes":""},"class_list":["post-1317","page","type-page","status-publish","hentry"],"_links":{"self":[{"href":"https:\/\/arheo.ffzg.unizg.hr\/provincijalna\/index.php?rest_route=\/wp\/v2\/pages\/1317","targetHints":{"allow":["GET"]}}],"collection":[{"href":"https:\/\/arheo.ffzg.unizg.hr\/provincijalna\/index.php?rest_route=\/wp\/v2\/pages"}],"about":[{"href":"https:\/\/arheo.ffzg.unizg.hr\/provincijalna\/index.php?rest_route=\/wp\/v2\/types\/page"}],"author":[{"embeddable":true,"href":"https:\/\/arheo.ffzg.unizg.hr\/provincijalna\/index.php?rest_route=\/wp\/v2\/users\/5"}],"replies":[{"embeddable":true,"href":"https:\/\/arheo.ffzg.unizg.hr\/provincijalna\/index.php?rest_route=%2Fwp%2Fv2%2Fcomments&post=1317"}],"version-history":[{"count":40,"href":"https:\/\/arheo.ffzg.unizg.hr\/provincijalna\/index.php?rest_route=\/wp\/v2\/pages\/1317\/revisions"}],"predecessor-version":[{"id":2794,"href":"https:\/\/arheo.ffzg.unizg.hr\/provincijalna\/index.php?rest_route=\/wp\/v2\/pages\/1317\/revisions\/2794"}],"wp:attachment":[{"href":"https:\/\/arheo.ffzg.unizg.hr\/provincijalna\/index.php?rest_route=%2Fwp%2Fv2%2Fmedia&parent=1317"}],"curies":[{"name":"wp","href":"https:\/\/api.w.org\/{rel}","templated":true}]}}