{"id":1182,"date":"2014-11-20T12:24:09","date_gmt":"2014-11-20T10:24:09","guid":{"rendered":"http:\/\/www.ffzg.unizg.hr\/arheo\/provincijalna\/?page_id=1182"},"modified":"2015-04-01T13:10:31","modified_gmt":"2015-04-01T11:10:31","slug":"stoljece-hrabrih-arheologija-rimskog-osvajanja-i-otpora-starosjedilaca-u-iliriku-za-vrijeme-augusta-i-njegovih-nasljednika","status":"publish","type":"page","link":"https:\/\/arheo.ffzg.unizg.hr\/provincijalna\/?page_id=1182","title":{"rendered":"Stolje\u0107e hrabrih. Arheologija rimskog osvajanja i otpora starosjedilaca u Iliriku za vrijeme Augusta i njegovih nasljednika"},"content":{"rendered":"<p style=\"text-align: center;\"><strong>Stolje\u0107e hrabrih. Arheologija rimskog osvajanja i otpora starosjedilaca u Iliriku<\/strong><br \/>\n<strong> za vrijeme Augusta i njegovih nasljednika<\/strong><\/p>\n<p style=\"text-align: center;\"><strong>The Century of the Brave: Archaeology of the Roman conquest and indigenous<\/strong><br \/>\n<strong> resistance in Illyricum during the time of Augustus and his heirs<\/strong><\/p>\n<p style=\"text-align: center;\"><strong>Zagreb, 22 \u2013 26. 09. 2014.<\/strong><\/p>\n<p><strong>Organizacijski odbor &#8211; Organizing Committee:<\/strong><br \/>\nProf. dr. sc. Mirjana Sanader<br \/>\nProf. dr. sc. Marina Mili\u0107evi\u0107 Brada\u010d<br \/>\nDoc. dr. sc. Domagoj Ton\u010dini\u0107<br \/>\nDr. sc. Dino Demicheli<\/p>\n<p>Odsjek za arheologiju Filozofskog fakulteta u Zagrebu<br \/>\nIvana Lu\u010di\u0107a 3<br \/>\nHR-10000 ZAGREB<\/p>\n<p><strong>Znanstveni odbor &#8211; Scientific Committee:<\/strong><br \/>\nProf. dr. sc. Werner Eck, Prof. dr. sc. P\u00e9ter Kov\u00e1cs, Prof. dr. sc. Bruna Kunti\u0107-Makvi\u0107, Prof. dr. sc. Emilio Marin, Prof. dr. sc. Robert Matija\u0161i\u0107, Dr. sc. Kre\u0161imir Matijevi\u0107, Prof. dr. sc. Marina Mili\u0107evi\u0107 Brada\u010d, Prof. dr. sc. Mirjana Sanader, Dr. sc. Manfred Schmidt, Dr. sc. Marjeta \u0160a\u0161el Kos<\/p>\n<p style=\"text-align: center;\"><a href=\"https:\/\/arheo.ffzg.unizg.hr\/provincijalna\/wp-content\/uploads\/2014\/11\/The_century_of_the_brave_-_programme_and_the_summaries-libre.pdf\" target=\"_blank\"><strong>Program i sa\u017eeci &#8211; Programme and Summaries<\/strong><\/a><\/p>\n<div id=\"__if72ru4sdfsdfruh7fewui_once\" style=\"display: none;\"><\/div>\n<div id=\"__hggasdgjhsagd_once\" style=\"display: none;\"><\/div>\n","protected":false},"excerpt":{"rendered":"<p>Stolje\u0107e hrabrih. Arheologija rimskog osvajanja i otpora starosjedilaca u Iliriku za vrijeme Augusta i njegovih nasljednika The Century of the Brave: Archaeology of the Roman &hellip;<\/p>\n","protected":false},"author":5,"featured_media":0,"parent":0,"menu_order":0,"comment_status":"closed","ping_status":"open","template":"","meta":{"footnotes":""},"class_list":["post-1182","page","type-page","status-publish","hentry"],"_links":{"self":[{"href":"https:\/\/arheo.ffzg.unizg.hr\/provincijalna\/index.php?rest_route=\/wp\/v2\/pages\/1182","targetHints":{"allow":["GET"]}}],"collection":[{"href":"https:\/\/arheo.ffzg.unizg.hr\/provincijalna\/index.php?rest_route=\/wp\/v2\/pages"}],"about":[{"href":"https:\/\/arheo.ffzg.unizg.hr\/provincijalna\/index.php?rest_route=\/wp\/v2\/types\/page"}],"author":[{"embeddable":true,"href":"https:\/\/arheo.ffzg.unizg.hr\/provincijalna\/index.php?rest_route=\/wp\/v2\/users\/5"}],"replies":[{"embeddable":true,"href":"https:\/\/arheo.ffzg.unizg.hr\/provincijalna\/index.php?rest_route=%2Fwp%2Fv2%2Fcomments&post=1182"}],"version-history":[{"count":13,"href":"https:\/\/arheo.ffzg.unizg.hr\/provincijalna\/index.php?rest_route=\/wp\/v2\/pages\/1182\/revisions"}],"predecessor-version":[{"id":1199,"href":"https:\/\/arheo.ffzg.unizg.hr\/provincijalna\/index.php?rest_route=\/wp\/v2\/pages\/1182\/revisions\/1199"}],"wp:attachment":[{"href":"https:\/\/arheo.ffzg.unizg.hr\/provincijalna\/index.php?rest_route=%2Fwp%2Fv2%2Fmedia&parent=1182"}],"curies":[{"name":"wp","href":"https:\/\/api.w.org\/{rel}","templated":true}]}}