{"id":1094,"date":"2014-11-15T00:15:49","date_gmt":"2014-11-14T22:15:49","guid":{"rendered":"http:\/\/www.ffzg.unizg.hr\/arheo\/provincijalna\/?page_id=1094"},"modified":"2015-04-01T13:10:31","modified_gmt":"2015-04-01T11:10:31","slug":"viii-medunarodnog-kolokvija-o-problemima-rimskog-provincijalnog-umjetnickog-stvaralastva","status":"publish","type":"page","link":"https:\/\/arheo.ffzg.unizg.hr\/provincijalna\/?page_id=1094","title":{"rendered":"VIII. me\u0111unarodni kolokvij o problemima rimskog provincijalnog umjetni\u010dkog stvarala\u0161tva"},"content":{"rendered":"<p style=\"text-align: center;\"><strong>VIII. me\u0111unarodni kolokvij o problemima rimskog provincijalnog umjetni\u010dkog stvarala\u0161tva<\/strong><\/p>\n<p style=\"text-align: center;\"><strong>VIII. Internationales Colloquium \u00fcber Probleme des provinzialr\u00f6mischen Kunstschaffens<\/strong><\/p>\n<p style=\"text-align: center;\"><strong>8th International Colloquium on Problems of Roman Provincial Art<\/strong><\/p>\n<p style=\"text-align: center;\"><strong>VIII\u00e8me Colloque international sur les probl\u00e8mes de l&#8217;art provincial romain<\/strong><\/p>\n<p style=\"text-align: center;\"><strong>Zagreb, 5. &#8211; 8. 05. 2003.<\/strong><\/p>\n<p style=\"text-align: center;\"><strong><a href=\"https:\/\/arheo.ffzg.unizg.hr\/provincijalna\/wp-content\/uploads\/2014\/11\/Logo.bmp\"><img loading=\"lazy\" decoding=\"async\" class=\"alignnone size-medium wp-image-1107\" src=\"https:\/\/arheo.ffzg.unizg.hr\/provincijalna\/wp-content\/uploads\/2014\/11\/Logo-167x300.bmp\" alt=\"Logo\" width=\"167\" height=\"300\" srcset=\"https:\/\/arheo.ffzg.unizg.hr\/provincijalna\/wp-content\/uploads\/2014\/11\/Logo-167x300.bmp 167w, https:\/\/arheo.ffzg.unizg.hr\/provincijalna\/wp-content\/uploads\/2014\/11\/Logo.bmp 316w\" sizes=\"auto, (max-width: 167px) 100vw, 167px\" \/><\/a><\/strong><\/p>\n<p><strong>Organizatori \u2013 Organisatoren \u2013 Organizers \u2013 Organisateurs:<\/strong><br \/>\nProf. dr. sc. Mirjana Sanader<br \/>\nOdsjek za arheologiju Filozofskog fakulteta u Zagrebu<br \/>\nIvana Lu\u010di\u0107a 3<br \/>\nHR-10000 ZAGREB<\/p>\n<p>Ante Rendi\u0107 Mio\u010devi\u0107<br \/>\nArheolo\u0161ki muzej u Zagrebu<br \/>\nTrg Nikole \u0160ubi\u0107a Zrinskog 19<br \/>\nHR-10000 ZAGREB<\/p>\n<p><strong>Me\u0111unarodna radna grupa \u2013 Internationalen Arbeitsgruppe \u2013 International Working Group:<\/strong><br \/>\nDr. G. Bauchhenss, Ass. Prof. Dr. M. Hainzmann, Dr. I. Lazar, Prof. Dr. P. Noelke, Dr. S. Palagyi, Dr. T. Panhuyssen, Prof. Dr. E. Pochmarski, A. Rendi\u0107-Mio\u010devi\u0107, prof., Prof. Dr. M. Sanader, Dr. P. Zsidi<\/p>\n<p><strong>Organizacijski odbor \u2013 Organisationskomitee \u2013 Organisation Commitee &#8211; Comit\u00e9 d&#8217;organisation:<\/strong><br \/>\nAkademik N. Cambi, M. Juri\u0107, prof., Prof. Dr. E. Marin, Prof. Dr. M. Mili\u0107evi\u0107\u2013Brada\u010d, A. Rendi\u0107\u2013Mio\u010devi\u0107, prof., Prof. Dr. M. Sanader, Prof. Dr. M. Zaninovi\u0107<\/p>\n<p><strong>Radna grupa \u2013 Arbeitsgruppe \u2013 Working Group &#8211; \u00c9quipe:<\/strong><br \/>\nM. \u0160egvi\u0107, prof., Mag. S. Miheli\u0107, mr. sc. I. Radman \u2013 Livaja, D. Ton\u010dini\u0107, prof.<br \/>\n<a href=\"https:\/\/arheo.ffzg.unizg.hr\/provincijalna\/wp-content\/uploads\/2014\/11\/VIII.-kolokvij-Program-i-sa\u017eeci.pdf\" target=\"_blank\"><\/p>\n<p style=\"text-align: center;\"><strong>PROGRAM i SA\u017dECI &#8211; PROGRAMM und ZUSAMMENFASSUNGEN \u2013 PROGRAM and ABSTRACTS &#8211; PROGRAMME et R\u00c9SUM\u00c9S<\/strong><\/p>\n<p><\/a><br \/>\nVIII. me\u0111unarodni kolokvij o problemima rimskog provincijalnog umjetni\u010dkog stvarala\u0161tva odr\u017ean je u Muzeju MIMARA od 5. do 8. svibnja 2003. godine. Organizacija ovog skupa ostvarena je u suradnji Odsjeka za arheologiju Filozofskog fakulteta Sveu\u010dili\u0161ta u Zagrebu i Arheolo\u0161kog muzeja u Zagrebu. Na skupu je odr\u017eano ukupno 55 referata koje potpisuje 60 autora iz Sjedinjenih Ameri\u010dkih Dr\u017eava, Velike Britanije, Francuske, Njema\u010dke, \u0160vicarske, Italije, Austrije, Slova\u010dke, Poljske, Mad\u017earske, Slovenije i Hrvatske.<br \/>\nGlavna tema kolokvija bila je \u201cReligija i mit kao poticaj rimskoj provincijalnoj plastici\u201d. Unutar nje bili su predvi\u0111eni naglasci na prikazima bo\u017eanstava, skulpturalnim ukrasima \u017ertvenika, sakralnih gra\u0111evina i grobnih spomenika, a uz to je bila predvi\u0111ena i mogu\u0107nost predstavljanja novih nalaza. U okviru toga prijavljena predavanja dotaknula su probleme rimske provincijalne umjetnosti na podru\u010dju Carstva od Britanije do Sirije. Podjednako \u0161irok je bio i spektar tema.<\/p>\n<p>Posebnu zahvalnost organizatori skupa duguju kolegama i institucijama koji su na razli\u010dite na\u010dine pomogli njegovoj organizaciji. Upravo je njihova nesebi\u010dna podr\u0161ka doprinijela izvanrednom uspjehu skupa. Zahvaljujemo: Muzeju MIMARA u kojem je odr\u017ean radni dio skupa. Nadalje, Hrvatskoj turisti\u010dkoj zajednici, Turisti\u010dkoj zajednica Grada Zagreba, Gradu Zagrebu i Gradu Sisku koji su podr\u017eali skup. Posebnu zahvalnost duguju kolegama i institucijama koje su na ovaj ili onaj na\u010din ugostile skup \u2013 Muzeju grada Siska, Konzervatorski odjel u Zagrebu, Zavi\u010dajnom muzeju Vara\u017edinskih Toplica, Arheolo\u0161kom muzeju Split, Arheolo\u0161kom muzeju Zadar, Muzeju grada Nina.<\/p>\n<p style=\"text-align: center;\"><strong>M. Sanader, A. Rendi\u0107-Mio\u010devi\u0107 (ur.),<\/strong><br \/>\n<strong> Akti VIII. me\u0111unarodnog kolokvija o problemima rimskog provincijalnog umjetni\u010dkog stvarala\u0161tva<\/strong><br \/>\n<strong> Akten des VIII. Internationalen Kolloquiums ueber Probleme des provinzialr\u00f6mischen Kunstschaffens<\/strong><br \/>\n<strong> The Proceedings oft he 8th International Colloquium on Problems of Roman Provincial Art<\/strong><br \/>\n<strong> Les Actes du VIIIeme Colloque international sur les problemes de l\u2019art provincial romain,<\/strong><br \/>\n<strong> Zagreb 2005.<\/strong><\/p>\n<p style=\"text-align: center;\"><strong>Religija i mit kao poticaj rimskoj provincijalnoj plastici<\/strong><br \/>\n<strong> Religion und Mythos als Anregung f\u00fcr die provinzialr\u00f6mische Plastik<\/strong><br \/>\n<strong> Religion and myth as an impetus for the Roman provincial sculpture<\/strong><br \/>\n<strong> La religion et le mythe comme inspiration pour la sculpture romaine provinciale<\/strong><\/p>\n<p><a href=\"https:\/\/arheo.ffzg.unizg.hr\/provincijalna\/wp-content\/uploads\/2014\/11\/001-Cambi-FUNERARY-MONUMENTS-FROM-DALMATIA.pdf\" target=\"_blank\">NENAD CAMBI, FUNERARY MONUMENTS FROM DALMATIA, ISTRIA AND THE CROATIAN PART OF PANONNIA. A COMPARATIVE STUDY<\/a><\/p>\n<p><a href=\"https:\/\/arheo.ffzg.unizg.hr\/provincijalna\/wp-content\/uploads\/2014\/11\/002-Braemer-LES-STELES-FUNERAIRES-A-PERSONNAGES.pdf\" target=\"_blank\">FRAN\u00c7OIS BRAEMERLES, STELES FUNERAIRES A PERSONNAGES ORIGINE DES TH\u00c8MES, MOD\u00c8LES ET DATES \u00c0 TRAVERS L\u2019EMPIRE ROMAIN<\/a><\/p>\n<p><a href=\"https:\/\/arheo.ffzg.unizg.hr\/provincijalna\/wp-content\/uploads\/2014\/11\/003-Aldhouse-Green-MEANINGS-IN-ROMANO-BRITISH-RELIGIOUS-SCULPTURE.pdf\" target=\"_blank\">MIRANDA ALDHOUSE-GREEN, FLEXIBLE INTENT: SHIFTING VALUES &amp; DISCREPANT MEANINGS IN ROMANO-BRITISH RELIGIOUS SCULPTURE<\/a><\/p>\n<p><a href=\"https:\/\/arheo.ffzg.unizg.hr\/provincijalna\/wp-content\/uploads\/2014\/11\/004-Henig-CIVILIAN-SCULPTORS-IN-SOUTHERN-BRITAIN.pdf\" target=\"_blank\">MARTIN HENIG, CIVILIAN SCULPTORS AND THE CREATION OF ROMANO-BRITISH CIVILISATION IN SOUTHERN BRITAIN<\/a><\/p>\n<p><a href=\"https:\/\/arheo.ffzg.unizg.hr\/provincijalna\/wp-content\/uploads\/2014\/11\/005-\u00c9veillard-Maligorne-TYPOLOGIE-ET-D\u00c9COR-DES-MONUMENTS-FUN\u00c9RAIRES.pdf\" target=\"_blank\">JEAN-YVES \u00c9VEILLARD\/YVAN MALIGORNE, TYPOLOGIE ET D\u00c9COR DES MONUMENTS FUN\u00c9RAIRES DE L\u2019ARMORIQUE ROMAINE<\/a><\/p>\n<p><a href=\"https:\/\/arheo.ffzg.unizg.hr\/provincijalna\/wp-content\/uploads\/2014\/11\/006-Castorio-LA-TOMBE-MONUMENTALE-DE-NASIUM.pdf\" target=\"_blank\">JEAN-NO\u00cbL CASTORIO, LA TOMBE MONUMENTALE DE NASIUM (GAULE BELGIQUE): R\u00c9FLEXIONS SUR LE SYMBOLISME DES GRANDS MONUMENTS S\u00c9PULCRAUX DU NORD-EST DE LA GAULE<br \/>\n<\/a><br \/>\n<a href=\"https:\/\/arheo.ffzg.unizg.hr\/provincijalna\/wp-content\/uploads\/2014\/11\/007-Rose-Bardies-IUPPITERGIGANTENS\u00c4ULEN-IM-MUSEUM-VON-METZ.pdf\" target=\"_blank\">HANNELORE ROSE UND ISABELLE BARDI\u00c8S, IUPPITERGIGANTENS\u00c4ULEN IM MUSEUM VON METZ \u2013 LA COUR D\u2019OR<br \/>\n<\/a><br \/>\n<a href=\"https:\/\/arheo.ffzg.unizg.hr\/provincijalna\/wp-content\/uploads\/2014\/11\/008-B\u00f6hm-DER-SARKOPHAG-DER-CORNELIA-IACAENA.pdf\" target=\"_blank\">STEPHANIE B\u00d6HM, DER SARKOPHAG DER CORNELIA IACAENA. EIN FR\u00dcHER GIRLANDENSARKOPHAG IN ARLES<\/a><\/p>\n<p><a href=\"https:\/\/arheo.ffzg.unizg.hr\/provincijalna\/wp-content\/uploads\/2014\/11\/009-Schwarz-\u00dcBERLEGUNGEN-ZUR-FORTUNA-VON-BERMEL.pdf\" target=\"_blank\">PATRICIA SCHWARZ, \u00dcBERLEGUNGEN ZUR FORTUNA VON BERMEL<\/a><\/p>\n<p><a href=\"https:\/\/arheo.ffzg.unizg.hr\/provincijalna\/wp-content\/uploads\/2014\/11\/010-Bauchhenss-EINE-SCHILDAMAZONOMACHIE-AUS-NASSENFELS.pdf\" target=\"_blank\">GERHARD BAUCHHENSS, EINE SCHILDAMAZONOMACHIE AUS NASSENFELS<\/a><\/p>\n<p><a href=\"https:\/\/arheo.ffzg.unizg.hr\/provincijalna\/wp-content\/uploads\/2014\/11\/011-Seitz-BAUPLASTIK-AUS-DEM-BEREICH-DES-PODIUMTEMPELS.pdf\" target=\"_blank\">GABRIELE SEITZ, BAUPLASTIK AUS DEM BEREICH DES PODIUMTEMPELS VON BADENWEILER (D)<\/a><\/p>\n<p><a href=\"https:\/\/arheo.ffzg.unizg.hr\/provincijalna\/wp-content\/uploads\/2014\/11\/012-Tomasevic-Buck-AUGUSTA-RAURICA-EINE-STATUETTENGRUPPE.pdf\" target=\"_blank\">TEODORA TOMASEVIC BUCK, AUGUSTA RAURICA, EINE STATUETTENGRUPPE AUS WEISSEM PFEIFENTON<br \/>\n<\/a><br \/>\n<a href=\"https:\/\/arheo.ffzg.unizg.hr\/provincijalna\/wp-content\/uploads\/2014\/11\/013-Landskron-ATTIS-PARTHER-UND-ANDERE-BARBAREN.pdf\" target=\"_blank\">ALICE LANDSKRON, ATTIS, PARTHER UND ANDERE BARBAREN. EIN BEITRAG ZUM VERST\u00c4NDNIS VON ORIENTALENDARSTELLUNGEN AUF GRABSTEINEN DER N\u00d6RDLICHEN PROVINZEN<\/a><\/p>\n<p><a href=\"https:\/\/arheo.ffzg.unizg.hr\/provincijalna\/wp-content\/uploads\/2014\/11\/014-Walde-GRABMEDAILLONS-IN-NORICUM.pdf\" target=\"_blank\">ELISABETH WALDE, BEMERKUNGEN ZU DEN FREISTEHENDEN GRABMEDAILLONS IN NORICUM<\/a><\/p>\n<p><a href=\"https:\/\/arheo.ffzg.unizg.hr\/provincijalna\/wp-content\/uploads\/2014\/11\/015-Pochmarski-Nagele-DIE-DIONYSISCHEN-DREIFIGURENRELIEFS.pdf\" target=\"_blank\">ERWIN POCHMARSKI UND MARGARETHA POCHMARSKI-NAGELE, DIE DIONYSISCHEN DREIFIGURENRELIEFS VON HARTBERG UND BAD WALTERSDORF (STEIERMARK)<\/a><\/p>\n<p><a href=\"https:\/\/arheo.ffzg.unizg.hr\/provincijalna\/wp-content\/uploads\/2014\/11\/016-Giovannini-CULTO-DI-BELENO-E-DI-ANTINOO.pdf\" target=\"_blank\">ANNALISA GIOVANNINI, SPUNTI DI RIFLESSIONE SU ALCUNI ASPETTI DEL CULTO DI BELENO E DI ANTINOO<\/a><\/p>\n<p><a href=\"https:\/\/arheo.ffzg.unizg.hr\/provincijalna\/wp-content\/uploads\/2014\/11\/017-Ciliberto-Mainardis-MANI-ALZATE-MAINS-LEV\u00c9ES-ERHOBENE-H\u00c4NDE..pdf\" target=\"_blank\">FULVIA CILIBERTO\/FULVIA MAINARDIS, MANI ALZATE, MAINS LEV\u00c9ES, ERHOBENE H\u00c4NDE. A PROPOSITO DI UN SARCOFAGO DELLA COLLEZIONE DI FRANCESCO DI TOPPO<\/a><\/p>\n<p><a href=\"https:\/\/arheo.ffzg.unizg.hr\/provincijalna\/wp-content\/uploads\/2014\/11\/018-Dzin-CULT-AND-MYTHOLOGICAL-REPRESENTATIONS.pdf\" target=\"_blank\">KRISTINA D\u017dIN, CULT AND MYTHOLOGICAL REPRESENTATIONS AS DECORATIVE ELEMENTS OF PUBLIC BUILDINGS IN ROMAN POLA<\/a><\/p>\n<p><a href=\"https:\/\/arheo.ffzg.unizg.hr\/provincijalna\/wp-content\/uploads\/2014\/11\/019-Girardi-Jurkic-RELIEFS-AND-SCULPTURES-OF-DEITIES-AND-MYTHOLOGICAL.pdf\" target=\"_blank\">VESNA GIRARDI-JURKI\u0106, RELIEFS AND SCULPTURES OF DEITIES AND MYTHOLOGICAL REPRESENTATION AS DETERMINING FACTORS OF THE SPIRITUAL LIFE IN ANTIQUE ISTRIA<\/a><\/p>\n<p><a href=\"https:\/\/arheo.ffzg.unizg.hr\/provincijalna\/wp-content\/uploads\/2014\/11\/020-Starac-STATUE-OF-A-ROMAN-GODDESS.pdf\" target=\"_blank\">ALKA STARAC, STATUE OF A ROMAN GODDESS FROM THE FORUM OF PULA<br \/>\n<\/a><br \/>\n<a href=\"https:\/\/arheo.ffzg.unizg.hr\/provincijalna\/wp-content\/uploads\/2014\/11\/021-Matijasic-THE-ICONOGRAPHY-OF-INDIGENOUS-CULTS.pdf\" target=\"_blank\">ROBERT MATIJA\u0160I\u0106, THE ICONOGRAPHY OF INDIGENOUS CULTS IN NORTHERN LIBURNIA<\/a><\/p>\n<p><a href=\"https:\/\/arheo.ffzg.unizg.hr\/provincijalna\/wp-content\/uploads\/2014\/11\/022-Dodig-AFTERLIFE-IDEAS-ON-MILITARY-MONUMENTS-IN-NARONA.pdf\" target=\"_blank\">RADOSLAV DODIG, AFTERLIFE IDEAS ON MILITARY MONUMENTS IN NARONA HINTERLAND<\/a><\/p>\n<p><a href=\"https:\/\/arheo.ffzg.unizg.hr\/provincijalna\/wp-content\/uploads\/2014\/11\/023-Giunio-RELIGION-AND-MYTH-ON-MONUMENTS-FROM-ZADAR.pdf\" target=\"_blank\">KORNELIJA A. GIUNIO, RELIGION AND MYTH ON MONUMENTS FROM ZADAR AND SURROUNDINGS IN THE ARCHAEOLOGICAL MUSEUM IN ZADAR<\/a><\/p>\n<p><a href=\"https:\/\/arheo.ffzg.unizg.hr\/provincijalna\/wp-content\/uploads\/2014\/11\/024-Glavicic-KULTSKULPTUREN-AUS-DER-ANTIKEN-STADT-SENIA.pdf\" target=\"_blank\">MIROSLAV GLAVI\u010cI\u0106, KULTSKULPTUREN AUS DER ANTIKEN STADT SENIA<\/a><\/p>\n<p><a href=\"https:\/\/arheo.ffzg.unizg.hr\/provincijalna\/wp-content\/uploads\/2014\/11\/025-Jelicic-Radonic-RELIEFS-OF-THE-LABOURS-OF-HERACLES.pdf\" target=\"_blank\">JASNA JELI\u010cI\u0106-RADONI\u0106, RELIEFS OF THE LABOURS OF HERACLES ON A ROMAN \u201cSARCOPHAGUS\u201d IN THE CHURCH OF ST CAIUS IN SOLIN<\/a><\/p>\n<p><a href=\"https:\/\/arheo.ffzg.unizg.hr\/provincijalna\/wp-content\/uploads\/2014\/11\/026-Nardelli-RELIGIOUS-TESTIMONIES-FOUND-ON-ROMAN-GEMS.pdf\" target=\"_blank\">BRUNA NARDELLI, RELIGIOUS TESTIMONIES FOUND ON ROMAN GEMS FROM DALMATIA KEPT IN THE ARCHAEOLOGICAL MUSEUM IN VENICE<\/a><\/p>\n<p><a href=\"https:\/\/arheo.ffzg.unizg.hr\/provincijalna\/wp-content\/uploads\/2014\/11\/027-Rismondo-SUBSTRUCTIONS-OF-DIOCLETIAN\u2019S-PALACE-IN-SPLIT.pdf\" target=\"_blank\">TAJMA RISMONDO, HVCVSOVE \u2013 \u201cTHIS IS WHERE SACRIFICES WERE OFFERED\u201d \u2013 ARCHAEOLOGICAL FINDS IN THE SUBSTRUCTIONS OF DIOCLETIAN\u2019S PALACE IN SPLIT<\/a><\/p>\n<p><a href=\"https:\/\/arheo.ffzg.unizg.hr\/provincijalna\/wp-content\/uploads\/2014\/11\/028-Lipovac-Vrkljan-MITHRAIC-RELIEFS-FROM-ROMAN-DALMATIA.pdf\" target=\"_blank\">GORANKA LIPOVAC VRKLJAN, SOME EXAMPLES OF LOCAL PRODUCTION OF MITHRAIC RELIEFS FROM ROMAN DALMATIA<\/a><\/p>\n<p><a href=\"https:\/\/arheo.ffzg.unizg.hr\/provincijalna\/wp-content\/uploads\/2014\/11\/029-Milicevic-Bradac-DIANA-AND-THE-FAWN.pdf\" target=\"_blank\">MARINA MILI\u0106EVI\u0106 BRADA\u010c, DIANA AND THE FAWN<\/a><\/p>\n<p><a href=\"https:\/\/arheo.ffzg.unizg.hr\/provincijalna\/wp-content\/uploads\/2014\/11\/030-Miletic-TYPOLOGY-OF-MITHRAIC-CULT-RELIEFS.pdf\" target=\"_blank\">\u017dELJKO MILETI\u0106, TYPOLOGY OF MITHRAIC CULT RELIEFS FROM SOUTH-EASTERN EUROPE<br \/>\n<\/a><br \/>\n<a href=\"https:\/\/arheo.ffzg.unizg.hr\/provincijalna\/wp-content\/uploads\/2014\/11\/031-Zaninovic-THE-ANCIENT-CULTUAL-UNITY.pdf\" target=\"_blank\">MARIN ZANINOVI\u0106, THE ANCIENT CULTUAL UNITY BETWEEN THE CENTRAL ADRIATIC LITTORAL AND THE DELMATIAN HINTERLAND<\/a><\/p>\n<p><a href=\"https:\/\/arheo.ffzg.unizg.hr\/provincijalna\/wp-content\/uploads\/2014\/11\/032-Toncinic-EINE-UNVER\u00d6FFENTLICHTE-GRABSTELE.pdf\" target=\"_blank\">DOMAGOJ TON\u010cINI\u0106, EINE UNVER\u00d6FFENTLICHTE GRABSTELE AUS TILURIUM<\/a><\/p>\n<p><a href=\"https:\/\/arheo.ffzg.unizg.hr\/provincijalna\/wp-content\/uploads\/2014\/11\/033-Szirmai-FORTUNA-NEMESIS-STATUES-IN-AQUINCUM.pdf\" target=\"_blank\">KRISZTINA SZIRMAI, FORTUNA-NEMESIS STATUES IN AQUINCUM<\/a><\/p>\n<p><a href=\"https:\/\/arheo.ffzg.unizg.hr\/provincijalna\/wp-content\/uploads\/2014\/11\/034-Kuzmova-EIN-JUPITERTORSO-AUS-DEM-AUXILIARKASTELL-IN-I\u017dA.pdf\" target=\"_blank\">KL\u00c1RA KUZMOV\u00c1, EIN JUPITERTORSO AUS DEM AUXILIARKASTELL IN I\u017dA (SLOWAKEI)<\/a><\/p>\n<p><a href=\"https:\/\/arheo.ffzg.unizg.hr\/provincijalna\/wp-content\/uploads\/2014\/11\/035-Vomer-Gojkovic-R\u00d6MISCHE-G\u00d6TTER-UND-MYTHISCHE-GESTALTEN.pdf\" target=\"_blank\">MOJCA VOMER GOJKOVI\u010c, R\u00d6MISCHE G\u00d6TTER UND MYTHISCHE GESTALTEN AUS POETOVIO AUF STEINDENKM\u00c4LERN IM LANDESMUSEUM PTUJ<\/a><\/p>\n<p><a href=\"https:\/\/arheo.ffzg.unizg.hr\/provincijalna\/wp-content\/uploads\/2014\/11\/036-Gesztelyi-J\u00dcNGLINGSGESTALTEN-MIT-WAFFE.pdf\" target=\"_blank\">TAM\u00c1S GESZTELYI, J\u00dcNGLINGSGESTALTEN MIT WAFFE AUF PANNONISCHEN GEMMEN<\/a><\/p>\n<p><a href=\"https:\/\/arheo.ffzg.unizg.hr\/provincijalna\/wp-content\/uploads\/2014\/11\/037-Ertel-MACHTSPLITTER.pdf\" target=\"_blank\">CHRISTINE ERTEL, MACHTSPLITTER \u2013 ARCHITEKTURTEILE AUS DER KAISERRESIDENZ SIRMIUM (SREMSKA MITROVICA)<\/a><\/p>\n<p><a href=\"https:\/\/arheo.ffzg.unizg.hr\/provincijalna\/wp-content\/uploads\/2014\/11\/038-Palagyi-EINE-NEUE-BILDHAUERWERKSTATT.pdf\" target=\"_blank\">SYLVIA PAL\u00c1GYI, EINE NEUE BILDHAUERWERKSTATT IM OBERLAND DES BALATON (PLATTENSEE)?<\/a><\/p>\n<p><a href=\"https:\/\/arheo.ffzg.unizg.hr\/provincijalna\/wp-content\/uploads\/2014\/11\/039-Kremer-DIE-GIGANTEN-VOM-PFAFFENBERG-BEI-CARNUNTUM.pdf\" target=\"_blank\">GABRIELLE KREMER, DIE GIGANTEN VOM PFAFFENBERG, BEI CARNUNTUM<\/a><\/p>\n<p><a href=\"https:\/\/arheo.ffzg.unizg.hr\/provincijalna\/wp-content\/uploads\/2014\/11\/040-Schafer-DURCHBROCHEN-GEARBEITETE-WEIHRELIEFS.pdf\" target=\"_blank\">ALFRED SCH\u00c4FER, DURCHBROCHEN GEARBEITETE WEIHRELIEFS AUS DAKIEN<\/a><\/p>\n<p><a href=\"https:\/\/arheo.ffzg.unizg.hr\/provincijalna\/wp-content\/uploads\/2014\/11\/041-Dobruna-Salihu-CULT-SYMBOLS-AND-IMAGES-ON-FUNERARY-MONUMENTS.pdf\" target=\"_blank\">EXHLALE DOBRUNA-SALIHU, CULT SYMBOLS AND IMAGES ON FUNERARY MONUMENTS OF THE ROMAN PERIOD IN THE CENTRAL SECTION OF DARDANIA<\/a><\/p>\n<p><a href=\"https:\/\/arheo.ffzg.unizg.hr\/provincijalna\/wp-content\/uploads\/2014\/11\/042-Oppermann-DIE-PLASTISCHE-AUSSTATTUNG-VON-HEILIGT\u00dcMERN.pdf\" target=\"_blank\">MANFRED OPPERMANN, DIE PLASTISCHE AUSSTATTUNG VON HEILIGT\u00dcMERN DES THRAKISCHEN REITERS IM TERRITORIUM VON PHILIPPOPOLIS (PLOVDIV<\/a><\/p>\n<p><a href=\"https:\/\/arheo.ffzg.unizg.hr\/provincijalna\/wp-content\/uploads\/2014\/11\/043-Dyczek-NOVAE-\u2013-STELES-WITH-REPRESENTATIONS-OF-BIRDS.pdf\" target=\"_blank\">PIOTR DYCZEK NOVAE \u2013 STELES WITH REPRESENTATIONS OF BIRDS<\/a><\/p>\n<p><a href=\"https:\/\/arheo.ffzg.unizg.hr\/provincijalna\/wp-content\/uploads\/2014\/11\/044-Franco-ROMAN-IMPERIAL-SMYRNA.pdf\" target=\"_blank\">CARLO FRANCO, PAST AND PRESENT: NOTES ON THE IDENTITY OF ROMAN IMPERIAL SMYRNA<\/a><\/p>\n<p><a href=\"https:\/\/arheo.ffzg.unizg.hr\/provincijalna\/wp-content\/uploads\/2014\/11\/045-Skupinska-Lovset-OMNIPOTENS-ET-OMNIPARENS-DEA-SYRIA.pdf\" target=\"_blank\">ILONA SKUPINSKA-LOVSET, OMNIPOTENS ET OMNIPARENS DEA SYRIA. ASPECTS OF HER ICONOGRAPHY<\/a><\/p>\n<p><a href=\"https:\/\/arheo.ffzg.unizg.hr\/provincijalna\/wp-content\/uploads\/2014\/11\/046-Bailey-ANTAIOS-AN-EGYPTIAN-GOD-IN-ROMAN-EGYPT.pdf\" target=\"_blank\">DONALD BAILEY, ANTAIOS, AN EGYPTIAN GOD IN ROMAN EGYPT: EXTRACTING AN ICONOGRAPHY<\/a><\/p>\n<p><a href=\"https:\/\/arheo.ffzg.unizg.hr\/provincijalna\/wp-content\/uploads\/2014\/11\/047-Ciampini-THE-PAMPHILI-OBELISK.pdf\" target=\"_blank\">EMANUELE M. CIAMPINI, THE PAMPHILI OBELISK: TWO NOTES ON PHARAONIC ELEMENTS IN DOMITIAN IDEOLOGY<\/a><\/p>\n<p><a href=\"https:\/\/arheo.ffzg.unizg.hr\/provincijalna\/wp-content\/uploads\/2014\/11\/048-Wilson-ROMANIZING-BAAL.pdf\" target=\"_blank\">ANDREW WILSON, ROMANIZING BAAL: THE ART OF SATURN WORSHIP IN NORTH AFRICA<\/a><\/p>\n<p><a href=\"https:\/\/arheo.ffzg.unizg.hr\/provincijalna\/wp-content\/uploads\/2014\/11\/049-Lindgren-THE-SYNCRETISM-OF-BELIFES.pdf\" target=\"_blank\">CLAIRE K. LINDGREN, THE SYNCRETISM OF BELIFES AS EXPRESSED IN ROMAN PROVINCIAL SCULPTURE<\/a><\/p>\n<p><a href=\"https:\/\/arheo.ffzg.unizg.hr\/provincijalna\/wp-content\/uploads\/2014\/11\/050-Alexandridis-\u00dcBERALL-G\u00d6TTERGLEICH.pdf\" target=\"_blank\">ANNETTA ALEXANDRIDIS, \u00dcBERALL (G\u00d6TTER)GLEICH? \u2013 THEOMORPHE BILDNISSE DER FRAUEN DES R\u00d6MISCHEN KAISERHAUSES<\/a><\/p>\n<p><a href=\"https:\/\/arheo.ffzg.unizg.hr\/provincijalna\/wp-content\/uploads\/2014\/11\/051-Ronke-DIE-TREFFLICHE-GRUPPE-DER-FLUCHT-DES-\u00c4NEAS.pdf\" target=\"_blank\">JUTTA RONKE, \u2018DIE TREFFLICHE GRUPPE DER FLUCHT DES \u00c4NEAS\u2019. EIN TROIANISCHES THEMA IN DER PROVINZ: DIE AENEAS-GRUPPE IN STUTTGART UND VERWANDTE DARSTELLUNGEN. ZU IKONOGRAPHIE UND BEDEUTUNG<\/a><\/p>\n<p><a href=\"https:\/\/arheo.ffzg.unizg.hr\/provincijalna\/wp-content\/uploads\/2014\/11\/052-Weiss-DIE-BEFRACHTUNG-G\u00c4NGIGER.pdf\" target=\"_blank\">MARIA WEISS, DIE BEFRACHTUNG G\u00c4NGIGER GRIECHISCH-R\u00d6MISCHER SYMBOLE MIT NEUEN RELIGI\u00d6SEN INHALTEN AUF DEN RELIEFS DER MITHRASMYSTERIEN<\/a><\/p>\n<p><a href=\"https:\/\/arheo.ffzg.unizg.hr\/provincijalna\/wp-content\/uploads\/2014\/11\/053-Harl-Schaller-R\u00d6MISCHE-STEINDENKM\u00c4LER.pdf\" target=\"_blank\">FRIEDERIKE HARL UND KURT SCHALLER, R\u00d6MISCHE STEINDENKM\u00c4LER IN DER WEB-PLATTFORM WWW.UBI-ERAT-LUPA.ORG<\/a><\/p>\n<p><a href=\"https:\/\/arheo.ffzg.unizg.hr\/provincijalna\/wp-content\/uploads\/2014\/11\/054-Hemmers-Traxler-Uhlir-Wohlmayr-STEIN-\u2013-RELIEF-INSCHRIFT.pdf\" target=\"_blank\">CH. HEMMERS, ST. TRAXLER, CH. UHLIR, UND W. WOHLMAYR, \u2018STEIN \u2013 RELIEF- INSCHRIFT&#8217;. KONTUREN EINES FORSCHUNGSPROJEKTES<\/a><\/p>\n<p><a href=\"https:\/\/arheo.ffzg.unizg.hr\/provincijalna\/wp-content\/uploads\/2014\/11\/055-Hebert-EIN-NEUFUND-AUS-DER-STEIERMARK.pdf\" target=\"_blank\">BERNHARD HEBERT, EIN NEUFUND AUS DER STEIERMARK<\/a><\/p>\n<div id=\"__if72ru4sdfsdfruh7fewui_once\" style=\"display: none;\"><\/div>\n<div id=\"__hggasdgjhsagd_once\" style=\"display: none;\"><\/div>\n","protected":false},"excerpt":{"rendered":"<p>VIII. me\u0111unarodni kolokvij o problemima rimskog provincijalnog umjetni\u010dkog stvarala\u0161tva VIII. Internationales Colloquium \u00fcber Probleme des provinzialr\u00f6mischen Kunstschaffens 8th International Colloquium on Problems of Roman Provincial &hellip;<\/p>\n","protected":false},"author":5,"featured_media":0,"parent":0,"menu_order":0,"comment_status":"closed","ping_status":"open","template":"","meta":{"footnotes":""},"class_list":["post-1094","page","type-page","status-publish","hentry"],"_links":{"self":[{"href":"https:\/\/arheo.ffzg.unizg.hr\/provincijalna\/index.php?rest_route=\/wp\/v2\/pages\/1094","targetHints":{"allow":["GET"]}}],"collection":[{"href":"https:\/\/arheo.ffzg.unizg.hr\/provincijalna\/index.php?rest_route=\/wp\/v2\/pages"}],"about":[{"href":"https:\/\/arheo.ffzg.unizg.hr\/provincijalna\/index.php?rest_route=\/wp\/v2\/types\/page"}],"author":[{"embeddable":true,"href":"https:\/\/arheo.ffzg.unizg.hr\/provincijalna\/index.php?rest_route=\/wp\/v2\/users\/5"}],"replies":[{"embeddable":true,"href":"https:\/\/arheo.ffzg.unizg.hr\/provincijalna\/index.php?rest_route=%2Fwp%2Fv2%2Fcomments&post=1094"}],"version-history":[{"count":45,"href":"https:\/\/arheo.ffzg.unizg.hr\/provincijalna\/index.php?rest_route=\/wp\/v2\/pages\/1094\/revisions"}],"predecessor-version":[{"id":1268,"href":"https:\/\/arheo.ffzg.unizg.hr\/provincijalna\/index.php?rest_route=\/wp\/v2\/pages\/1094\/revisions\/1268"}],"wp:attachment":[{"href":"https:\/\/arheo.ffzg.unizg.hr\/provincijalna\/index.php?rest_route=%2Fwp%2Fv2%2Fmedia&parent=1094"}],"curies":[{"name":"wp","href":"https:\/\/api.w.org\/{rel}","templated":true}]}}