{"id":5716,"date":"2021-05-26T10:37:00","date_gmt":"2021-05-26T08:37:00","guid":{"rendered":"https:\/\/arheo.ffzg.unizg.hr\/?page_id=5716"},"modified":"2021-06-16T19:57:06","modified_gmt":"2021-06-16T17:57:06","slug":"europski-dani-arheologije","status":"publish","type":"page","link":"https:\/\/arheo.ffzg.unizg.hr\/?page_id=5716","title":{"rendered":"Europski dani arheologije 2021."},"content":{"rendered":"<p><a href=\"https:\/\/arheo.ffzg.unizg.hr\/wp-content\/uploads\/2021\/06\/2408_INR_JEA2021_logos-avec-date-CROATIE.jpg\"><img loading=\"lazy\" decoding=\"async\" class=\"aligncenter size-medium wp-image-5781\" src=\"https:\/\/arheo.ffzg.unizg.hr\/wp-content\/uploads\/2021\/06\/2408_INR_JEA2021_logos-avec-date-CROATIE-300x129.jpg\" alt=\"\" width=\"300\" height=\"129\" srcset=\"https:\/\/arheo.ffzg.unizg.hr\/wp-content\/uploads\/2021\/06\/2408_INR_JEA2021_logos-avec-date-CROATIE-300x129.jpg 300w, https:\/\/arheo.ffzg.unizg.hr\/wp-content\/uploads\/2021\/06\/2408_INR_JEA2021_logos-avec-date-CROATIE-1024x439.jpg 1024w, https:\/\/arheo.ffzg.unizg.hr\/wp-content\/uploads\/2021\/06\/2408_INR_JEA2021_logos-avec-date-CROATIE-768x329.jpg 768w, https:\/\/arheo.ffzg.unizg.hr\/wp-content\/uploads\/2021\/06\/2408_INR_JEA2021_logos-avec-date-CROATIE-1536x658.jpg 1536w, https:\/\/arheo.ffzg.unizg.hr\/wp-content\/uploads\/2021\/06\/2408_INR_JEA2021_logos-avec-date-CROATIE-2048x878.jpg 2048w, https:\/\/arheo.ffzg.unizg.hr\/wp-content\/uploads\/2021\/06\/2408_INR_JEA2021_logos-avec-date-CROATIE-624x267.jpg 624w\" sizes=\"auto, (max-width: 300px) 100vw, 300px\" \/><\/a><\/p>\n<p><strong>Europski dani arheologije \/ Journ\u00e9es Europ\u00e9ennes de l\u2019arch\u00e9ologie \/ European Archaeology Days i na Filozofskom fakultetu!<\/strong><\/p>\n<p>Odsjek za arheologiju s veseljem vas poziva da u sklopu Europskih dana arheologije posjetite Filozofski fakultet, uklju\u010dite se u radionicu slikanja prstima, razgledate gipsane odljeve anti\u010dkih kipova i odigrate online kviz!<\/p>\n<p><span style=\"color: #000080;\"><strong>1. Radionica &#8211; SLIKAJ KAO PRA\u010cOVJEK<\/strong><\/span><\/p>\n<p><strong>Datum: subota, 19.6.2021.<\/strong><\/p>\n<p><strong>Vrijeme: 11.00-19.00 h<\/strong><\/p>\n<p><strong>Opis radionice:<\/strong><\/p>\n<p>Zajednice lovaca i sakuplja\u010da iz mla\u0111eg paleolitika ostavile su nam brojne slikarije u spiljama. One prikazuju figure \u017eivotinja poput konja, bizona, nosoroga, jelena, a ponekad i ljudi i bi\u0107a iz ma\u0161te. Pra\u010dovjek je tako\u0111er ostavljao otiske ruku i geometrijske motive na zidovima spilja. Ova spiljska umjetnost poma\u017ee arheolozima da upoznaju duhovni svijet ljudi u prapovijesti. Djeca \u0107e dobiti priliku slikati kao \u0161to su to \u010dinili ljudi iz mla\u0111eg paleolitika, koriste\u0107i se temperama za slikanje prstima i ugljenom za crte\u017ee. Mogu pritisnuti dlanove o zid zami\u0161ljene spilje ili prstima i ugljenom slikati razli\u010dite \u017eivotinje. Kao \u0161pilja poslu\u017eit \u0107e nam pothodnik na parkirali\u0161tu Filozofskog fakulteta.<\/p>\n<p>Oslobodite pra\u010dovjeka u sebi i pridru\u017eite nam se u slikanju prstima!<\/p>\n<p><strong>Dob polaznika: pred\u0161kolci, \u0161kolska djeca, srednjo\u0161kolci<\/strong><\/p>\n<p><strong><span style=\"color: #ff0000;\">Termini radionica: 11:00-11:40 ; 12:00-12:40\u00a0 ; 13:00-13:40 ; 14:00-14:40 ; 15:00-15:40 ; 16:00-16:40 ; 17:00-17:40 ; 18:00-18:40<\/span><\/strong><\/p>\n<p><strong>Broj djece po radionici: 10<\/strong><\/p>\n<p>(<em>Radionica \u0107e se odr\u017eati u skladu s trenutnim epidemiolo\u0161kim mjerama \u2013 dopu\u0161teno je maksimalno 10 djece \/ polaznika po grupi!<\/em>)<\/p>\n<p><strong><span style=\"color: #993366;\">Kontakt \/ prijava za radionicu: Iva Kai\u0107 &#8211; <a href=\"mailto:ikaic@ffzg.hr\">ikaic@ffzg.hr<\/a><\/span><\/strong><\/p>\n\n\t\t<style type=\"text\/css\">\n\t\t\t#gallery-1 {\n\t\t\t\tmargin: auto;\n\t\t\t}\n\t\t\t#gallery-1 .gallery-item {\n\t\t\t\tfloat: left;\n\t\t\t\tmargin-top: 10px;\n\t\t\t\ttext-align: center;\n\t\t\t\twidth: 33%;\n\t\t\t}\n\t\t\t#gallery-1 img {\n\t\t\t\tborder: 2px solid #cfcfcf;\n\t\t\t}\n\t\t\t#gallery-1 .gallery-caption {\n\t\t\t\tmargin-left: 0;\n\t\t\t}\n\t\t\t\/* see gallery_shortcode() in wp-includes\/media.php *\/\n\t\t<\/style>\n\t\t<div id='gallery-1' class='gallery galleryid-5716 gallery-columns-3 gallery-size-thumbnail'><dl class='gallery-item'>\n\t\t\t<dt class='gallery-icon landscape'>\n\t\t\t\t<a href='https:\/\/arheo.ffzg.unizg.hr\/?attachment_id=5792'><img loading=\"lazy\" decoding=\"async\" width=\"150\" height=\"150\" src=\"https:\/\/arheo.ffzg.unizg.hr\/wp-content\/uploads\/2021\/06\/bison-1171794__340-150x150.jpg\" class=\"attachment-thumbnail size-thumbnail\" alt=\"\" \/><\/a>\n\t\t\t<\/dt><\/dl><dl class='gallery-item'>\n\t\t\t<dt class='gallery-icon landscape'>\n\t\t\t\t<a href='https:\/\/arheo.ffzg.unizg.hr\/?attachment_id=5795'><img loading=\"lazy\" decoding=\"async\" width=\"150\" height=\"150\" src=\"https:\/\/arheo.ffzg.unizg.hr\/wp-content\/uploads\/2021\/06\/child-2374487_1920-150x150.jpg\" class=\"attachment-thumbnail size-thumbnail\" alt=\"\" \/><\/a>\n\t\t\t<\/dt><\/dl>\n\t\t\t<br style='clear: both' \/>\n\t\t<\/div>\n\n<p><span style=\"color: #000080;\"><strong>2. Stru\u010dno vodstvo po zbirci &#8211; UPOZNAJTE GIPSANE ODLJEVE GR\u010cKIH I RIMSKIH KIPOVA NA FILOZOFSKOM FAKULTETU!<\/strong><\/span><\/p>\n<p><strong><span style=\"color: #000000;\">Datum: subota, 19.6.2021.<\/span><\/strong><\/p>\n<p><strong>Vrijeme: 11.00-19.00 h<\/strong><\/p>\n<p><strong>Opis aktivnosti:<\/strong><\/p>\n<p>Mo\u017eda ste oduvijek ma\u0161tali o tome da posjetite Gr\u010dku i upoznate njenu slavnu anti\u010dku ba\u0161tinu? U vrijeme pandemije svakako nije bilo lako putovati. No, mo\u017eemo Vam pribli\u017eiti Va\u0161e snove! Odsjek za arheologiju i Arheolo\u0161ki zavod Filozofskog fakulteta Sveu\u010dili\u0161ta u Zagrebu \u010duvaju va\u017enu zbirku gipsanih odljeva gr\u010dkih i rimskih kipova. Zbirka je nastala u 19. stolje\u0107u na inicijativu Izidora Kr\u0161njavog. Do\u0111ite i posjetite nas te uz stru\u010dno vodstvo upoznajte povijest zbirke i do\u017eivite dodir antike uz Mironovog Diskobola, Apolona Belvederskog, Veneru Milosku, Dorifora, Umiru\u0107eg Gala, partenonski friz i mnoge druge odljeve koji se \u010duvaju u na\u0161oj zbirci.<\/p>\n<p><strong>Stru\u010dno vodstvo po zbirci namijenjeno je obiteljima, djeci pred\u0161kolske i \u0161kolske dobi, odraslima i \u0161irokoj publici. Pristup je omogu\u0107en i posjetiteljima s invaliditetom (osobe u invalidskim kolicima).<\/strong><\/p>\n<p><span style=\"color: #ff0000;\"><strong>Termini stru\u010dnog vodstva: 11:00-11:40 ; 12:00-12:40 ; 13:00-13:40 ; 14:00-14:40 ; 15:00-15:40 ; 16:00-16:40 ; 17:00-17:40 ; 18:00-18:40<\/strong><\/span><\/p>\n<p><strong>Broj posjetitelja po grupi: 8<\/strong><\/p>\n<p>Stru\u010dno vodstvo po zbirci odr\u017eat \u0107e se u skladu s trenutnim epidemiolo\u0161kim mjerama \u2013 dopu\u0161teno je maksimalno 8 osoba po grupi!<\/p>\n<p><strong><span style=\"color: #993366;\">Kontakt za posjet zbirci: Iva Kai\u0107 &#8211; <a href=\"mailto:ikaic@ffzg.hr\">ikaic@ffzg.hr<\/a><\/span><\/strong><\/p>\n\n\t\t<style type=\"text\/css\">\n\t\t\t#gallery-2 {\n\t\t\t\tmargin: auto;\n\t\t\t}\n\t\t\t#gallery-2 .gallery-item {\n\t\t\t\tfloat: left;\n\t\t\t\tmargin-top: 10px;\n\t\t\t\ttext-align: center;\n\t\t\t\twidth: 33%;\n\t\t\t}\n\t\t\t#gallery-2 img {\n\t\t\t\tborder: 2px solid #cfcfcf;\n\t\t\t}\n\t\t\t#gallery-2 .gallery-caption {\n\t\t\t\tmargin-left: 0;\n\t\t\t}\n\t\t\t\/* see gallery_shortcode() in wp-includes\/media.php *\/\n\t\t<\/style>\n\t\t<div id='gallery-2' class='gallery galleryid-5716 gallery-columns-3 gallery-size-thumbnail'><dl class='gallery-item'>\n\t\t\t<dt class='gallery-icon portrait'>\n\t\t\t\t<a href='https:\/\/arheo.ffzg.unizg.hr\/?attachment_id=5789'><img loading=\"lazy\" decoding=\"async\" width=\"150\" height=\"150\" src=\"https:\/\/arheo.ffzg.unizg.hr\/wp-content\/uploads\/2021\/06\/IMG-17f3025f93cf05ac95986fd88464f482-V1-150x150.jpg\" class=\"attachment-thumbnail size-thumbnail\" alt=\"\" \/><\/a>\n\t\t\t<\/dt><\/dl><dl class='gallery-item'>\n\t\t\t<dt class='gallery-icon landscape'>\n\t\t\t\t<a href='https:\/\/arheo.ffzg.unizg.hr\/?attachment_id=5787'><img loading=\"lazy\" decoding=\"async\" width=\"150\" height=\"150\" src=\"https:\/\/arheo.ffzg.unizg.hr\/wp-content\/uploads\/2021\/06\/IMG-9e8b7da104a9ca939b5d687b1c6b5c68-V-150x150.jpg\" class=\"attachment-thumbnail size-thumbnail\" alt=\"\" \/><\/a>\n\t\t\t<\/dt><\/dl><dl class='gallery-item'>\n\t\t\t<dt class='gallery-icon landscape'>\n\t\t\t\t<a href='https:\/\/arheo.ffzg.unizg.hr\/?attachment_id=5788'><img loading=\"lazy\" decoding=\"async\" width=\"150\" height=\"150\" src=\"https:\/\/arheo.ffzg.unizg.hr\/wp-content\/uploads\/2021\/06\/IMG-5a4946126da4554c24a3e8ae550b5f0e-V-150x150.jpg\" class=\"attachment-thumbnail size-thumbnail\" alt=\"\" \/><\/a>\n\t\t\t<\/dt><\/dl><br style=\"clear: both\" \/>\n\t\t<\/div>\n\n<p>&nbsp;<\/p>\n<p><span style=\"color: #000080;\"><strong>3. On-line kviz: SKENIRAJ QR KOD I RIJE\u0160I ARHEO-KVIZ O RIMSKIM VOJNICIMA!<\/strong><\/span><\/p>\n<p>Tijekom rimskog razdoblja u Hrvatskoj, rimski su vojnici izgradili svoj stalni vojni logor Tilurij (<em>Tilurium<\/em>) na podru\u010dju dana\u0161njeg sela Gardun kod Trilja. U njemu je bila smje\u0161tena Sedma legija (<em>Legio VII Claudia Pia Fidelis)<\/em>. Ve\u0107 vi\u0161e od 20 godina arheolozi istra\u017euju ovo va\u017eno rimsko vojno nalazi\u0161te u Hrvatskoj i poku\u0161avaju rekonstruirati \u017eivot rimskih legionara u tom logoru. Kako bi se arheolo\u0161ko nalazi\u0161te Tilurij predstavilo \u0161iroj javnosti, razvijena je mobilna aplikacija &#8220;3D 3LJ&#8221;. \u00a0Skenirajte QR koda i preuzmite besplatnu mobilnu aplikaciju, prou\u010dite ju i \u00a0potom pristupite rje\u0161avanju online kviza, kako biste provjerili koliko ste nau\u010dili o Tiluriju i o rimskim vojnicima.<\/p>\n<p>Zaigrajte kviz i osvojite besplatnu ulaznicu u Muzej Triljskog kraja!<\/p>\n\n\t\t<style type=\"text\/css\">\n\t\t\t#gallery-3 {\n\t\t\t\tmargin: auto;\n\t\t\t}\n\t\t\t#gallery-3 .gallery-item {\n\t\t\t\tfloat: left;\n\t\t\t\tmargin-top: 10px;\n\t\t\t\ttext-align: center;\n\t\t\t\twidth: 33%;\n\t\t\t}\n\t\t\t#gallery-3 img {\n\t\t\t\tborder: 2px solid #cfcfcf;\n\t\t\t}\n\t\t\t#gallery-3 .gallery-caption {\n\t\t\t\tmargin-left: 0;\n\t\t\t}\n\t\t\t\/* see gallery_shortcode() in wp-includes\/media.php *\/\n\t\t<\/style>\n\t\t<div id='gallery-3' class='gallery galleryid-5716 gallery-columns-3 gallery-size-thumbnail'><dl class='gallery-item'>\n\t\t\t<dt class='gallery-icon landscape'>\n\t\t\t\t<a href='https:\/\/arheo.ffzg.unizg.hr\/?attachment_id=5790'><img loading=\"lazy\" decoding=\"async\" width=\"150\" height=\"150\" src=\"https:\/\/arheo.ffzg.unizg.hr\/wp-content\/uploads\/2021\/06\/13041014_593934707428072_8346498586677924427_o-150x150.jpg\" class=\"attachment-thumbnail size-thumbnail\" alt=\"\" \/><\/a>\n\t\t\t<\/dt><\/dl><dl class='gallery-item'>\n\t\t\t<dt class='gallery-icon landscape'>\n\t\t\t\t<a href='https:\/\/arheo.ffzg.unizg.hr\/?attachment_id=5791'><img loading=\"lazy\" decoding=\"async\" width=\"150\" height=\"150\" src=\"https:\/\/arheo.ffzg.unizg.hr\/wp-content\/uploads\/2021\/06\/Slika-1.-GAR11-dig1137-nakon-predgovora1-150x150.jpg\" class=\"attachment-thumbnail size-thumbnail\" alt=\"\" \/><\/a>\n\t\t\t<\/dt><\/dl>\n\t\t\t<br style='clear: both' \/>\n\t\t<\/div>\n\n<p>Za instalaciju je potrebno skinuti besplatnu aplikaciju \u201e3D \u2013 3LJ\u201c s Google Play Storea ili App Storea: <a href=\"https:\/\/apps.apple.com\/app\/id1516120152\">https:\/\/apps.apple.com\/app\/id1516120152<\/a>.<\/p>\n<p>QR kod mo\u017eete skenirati i ovdje: <a href=\"https:\/\/muzejtriljskogkraja.hr\/3d-3lj\/\">https:\/\/muzejtriljskogkraja.hr\/3d-3lj\/<\/a><\/p>\n<p>[quiz-cat id=&#8221;5759&#8243;]<\/p>\n<p><span style=\"color: #993366;\"><strong><em>Va\u017eno! Svi sudionici kviza koji ostvare vi\u0161e od 11 bodova osvajaju besplatan ulaz u Muzej Triljskog kraja!<\/em><\/strong><\/span><\/p>\n<p>&nbsp;<\/p>\n<p><iframe loading=\"lazy\" title=\"European Archaeology Days (EAD) 2021 Teaser\" width=\"625\" height=\"352\" src=\"https:\/\/www.youtube.com\/embed\/yUb4Stpd1l8?feature=oembed\" frameborder=\"0\" allow=\"accelerometer; autoplay; clipboard-write; encrypted-media; gyroscope; picture-in-picture; web-share\" referrerpolicy=\"strict-origin-when-cross-origin\" allowfullscreen><\/iframe><\/p>\n","protected":false},"excerpt":{"rendered":"<p>Europski dani arheologije \/ Journ\u00e9es Europ\u00e9ennes de l\u2019arch\u00e9ologie \/ European Archaeology Days i na Filozofskom fakultetu! Odsjek za arheologiju s veseljem vas poziva da u sklopu Europskih dana arheologije posjetite Filozofski fakultet, uklju\u010dite se u radionicu slikanja prstima, razgledate gipsane odljeve anti\u010dkih kipova i odigrate online kviz! 1. Radionica &#8211; SLIKAJ KAO PRA\u010cOVJEK Datum: subota, [&hellip;]<\/p>\n","protected":false},"author":5,"featured_media":0,"parent":0,"menu_order":0,"comment_status":"closed","ping_status":"closed","template":"","meta":{"footnotes":""},"class_list":["post-5716","page","type-page","status-publish","hentry"],"_links":{"self":[{"href":"https:\/\/arheo.ffzg.unizg.hr\/index.php?rest_route=\/wp\/v2\/pages\/5716","targetHints":{"allow":["GET"]}}],"collection":[{"href":"https:\/\/arheo.ffzg.unizg.hr\/index.php?rest_route=\/wp\/v2\/pages"}],"about":[{"href":"https:\/\/arheo.ffzg.unizg.hr\/index.php?rest_route=\/wp\/v2\/types\/page"}],"author":[{"embeddable":true,"href":"https:\/\/arheo.ffzg.unizg.hr\/index.php?rest_route=\/wp\/v2\/users\/5"}],"replies":[{"embeddable":true,"href":"https:\/\/arheo.ffzg.unizg.hr\/index.php?rest_route=%2Fwp%2Fv2%2Fcomments&post=5716"}],"version-history":[{"count":17,"href":"https:\/\/arheo.ffzg.unizg.hr\/index.php?rest_route=\/wp\/v2\/pages\/5716\/revisions"}],"predecessor-version":[{"id":5803,"href":"https:\/\/arheo.ffzg.unizg.hr\/index.php?rest_route=\/wp\/v2\/pages\/5716\/revisions\/5803"}],"wp:attachment":[{"href":"https:\/\/arheo.ffzg.unizg.hr\/index.php?rest_route=%2Fwp%2Fv2%2Fmedia&parent=5716"}],"curies":[{"name":"wp","href":"https:\/\/api.w.org\/{rel}","templated":true}]}}