{"id":442,"date":"2014-11-04T10:03:01","date_gmt":"2014-11-04T09:03:01","guid":{"rendered":"http:\/\/wp.ffzg.unizg.hr\/arheo2\/?page_id=442"},"modified":"2019-09-12T11:42:09","modified_gmt":"2019-09-12T09:42:09","slug":"diplomski-studij-arheologije-antika","status":"publish","type":"page","link":"https:\/\/arheo.ffzg.unizg.hr\/?page_id=442","title":{"rendered":"Jednopredmetni diplomski studij arheologije &#8211; antika"},"content":{"rendered":"<p>&nbsp;<\/p>\n<table width=\"801\">\n<tbody>\n<tr>\n<td colspan=\"4\" width=\"801\"><span style=\"color: #ff6600;\"><strong>DIPLOMSKI STUDIJ ARHEOLOGIJE &#8211; ANTI\u010cKA ARHEOLOGIJA<\/strong><\/span><\/td>\n<\/tr>\n<tr>\n<td><\/td>\n<td><\/td>\n<td><\/td>\n<td><\/td>\n<\/tr>\n<tr>\n<td colspan=\"4\"><span style=\"color: #ff6600;\">PRVA GODINA STUDIJA<\/span><\/td>\n<\/tr>\n<tr>\n<td colspan=\"4\"><span style=\"color: #3366ff;\">1. semestar<\/span><\/td>\n<\/tr>\n<tr>\n<td colspan=\"4\"><span style=\"color: #000000;\">1. Obavezni predmeti<\/span><\/td>\n<\/tr>\n<tr>\n<td>Tomas, H.<\/td>\n<td>Egejska arheologija<\/td>\n<td>0P+30S+0V<\/td>\n<td>5 ECTS<\/td>\n<\/tr>\n<tr>\n<td>Durman, A., Hincak, Z.<\/td>\n<td>Eksperimentalna arheologija<\/td>\n<td>0P+30S+0V<\/td>\n<td>5 ECTS<\/td>\n<\/tr>\n<tr>\n<td>Mili\u0107evi\u0107 Brada\u010d, M.<\/td>\n<td>Fenomeni materijalne i duhovne kulture gr\u010dkog svijeta<\/td>\n<td>30P+0S+0V<\/td>\n<td>5 ECTS<\/td>\n<\/tr>\n<tr>\n<td>Demicheli, D.<\/td>\n<td>Latinski jezik za arheologe II<\/td>\n<td>30P+0S+0V<\/td>\n<td>3 ECTS<\/td>\n<\/tr>\n<tr>\n<td>Mili\u0107evi\u0107 Brada\u010d, M.<\/td>\n<td>Rimska klasi\u010dna arheologija<\/td>\n<td>30P+0S+0V<\/td>\n<td>5 ECTS<\/td>\n<\/tr>\n<tr>\n<td>Durman, A., Hincak, Z.<\/td>\n<td>Tehnolo\u0161ki razvoj i ekologija u arheologiji<\/td>\n<td>30P+0S+0V<\/td>\n<td>5 ECTS<\/td>\n<\/tr>\n<tr>\n<td><\/td>\n<td><\/td>\n<td><\/td>\n<td><\/td>\n<\/tr>\n<tr>\n<td colspan=\"4\"><span style=\"color: #000000;\">2. Strani jezik &#8211; odabrati strani jezik<\/span><\/td>\n<\/tr>\n<tr>\n<td><\/td>\n<td>&nbsp;Centar za strane jezike FFZG<\/td>\n<td><\/td>\n<td><\/td>\n<\/tr>\n<tr>\n<td colspan=\"4\"><span style=\"color: #3366ff;\">2. semestar<\/span><\/td>\n<\/tr>\n<tr>\n<td colspan=\"4\"><span style=\"color: #000000;\">1. Obavezni predmeti<\/span><\/td>\n<\/tr>\n<tr>\n<td>Mili\u0107evi\u0107 Brada\u010d, M., \u0160imi\u0107 Kanaet, Z.<\/td>\n<td>Gr\u010dka uporabna keramika<\/td>\n<td>30P+0S+0V<\/td>\n<td>5 ECTS<\/td>\n<\/tr>\n<tr>\n<td>Tomas, H.<\/td>\n<td>Gr\u010dki jezik za arheologe II<\/td>\n<td>30P+0S+0V<\/td>\n<td>3 ECTS<\/td>\n<\/tr>\n<tr>\n<td>Sanader, M., Matijevi\u0107, V.<\/td>\n<td>Seminar iz provincijalne arheologije 1<\/td>\n<td>0P+30S+0V<\/td>\n<td>5 ECTS<\/td>\n<\/tr>\n<tr>\n<td>Ton\u010dini\u0107, D., Matijevi\u0107, V.<\/td>\n<td>Izabrane teme iz ranokr\u0161\u0107anske arheologije 1 (stari naziv: Seminar iz ranokr\u0161\u0107anske arheologije)<\/td>\n<td>0P+30S+0V<\/td>\n<td>5 ECTS<\/td>\n<\/tr>\n<tr>\n<td><\/td>\n<td>Terenska nastava<\/td>\n<td>0P+0S+120V<\/td>\n<td>5 ECTS<\/td>\n<\/tr>\n<tr>\n<td>Sanader, M.<\/td>\n<td>Rim i njegove provincije (stari naziv: Uloga vojske u rimskom carstvu)<\/td>\n<td>30P+0S+0V<\/td>\n<td>5 ECTS<\/td>\n<\/tr>\n<tr>\n<td>Mili\u0107evi\u0107 Brada\u010d, M.<\/td>\n<td>Umjetni\u010dki obrt klasi\u010dnog razdoblja<\/td>\n<td>30P+0S+0V<\/td>\n<td>5 ECTS<\/td>\n<\/tr>\n<tr>\n<td><\/td>\n<td><\/td>\n<td><\/td>\n<td><\/td>\n<\/tr>\n<tr>\n<td colspan=\"4\"><span style=\"color: #000000;\">2. Strani jezik &#8211; odabrati strani jezik<\/span><\/td>\n<\/tr>\n<tr>\n<td><\/td>\n<td>&nbsp;Centar za strane jezike FFZG<\/td>\n<td><\/td>\n<td><\/td>\n<\/tr>\n<tr>\n<td><\/td>\n<td><\/td>\n<td><\/td>\n<td><\/td>\n<\/tr>\n<tr>\n<td colspan=\"4\"><span style=\"color: #ff6600;\">DRUGA GODINA STUDIJA<\/span><\/td>\n<\/tr>\n<tr>\n<td colspan=\"4\"><span style=\"color: #3366ff;\">3. semestar<\/span><\/td>\n<\/tr>\n<tr>\n<td colspan=\"4\"><span style=\"color: #000000;\">1. Obavezni predmeti<\/span><\/td>\n<\/tr>\n<tr>\n<td>Sanader, M.<\/td>\n<td>Provincijalna arheologija 1 (stari naziv: Arheologija rimskih provincija)<\/td>\n<td>30P+0S+0V<\/td>\n<td>5 ECTS<\/td>\n<\/tr>\n<tr>\n<td>Sanader, M.<\/td>\n<td>Ranokr\u0161\u0107anska arheologija (stari naziv: Ikonografija ranokr\u0161\u0107anskih mozaika i fresaka)<\/td>\n<td>30P+0S+0V<\/td>\n<td>5 ECTS<\/td>\n<\/tr>\n<tr>\n<td>Sanader, M., Matijevi\u0107, V.<\/td>\n<td>Izabrane teme iz ranokr\u0161\u0107anske arheologije 2 (stari naziv: Ranokr\u0161\u0107anski sarkofazi)<\/td>\n<td>0P+30S+0V<\/td>\n<td>5 ECTS<\/td>\n<\/tr>\n<tr>\n<td>Sanader, M., \u0160imi\u0107 Kanaet, Z., Vukov, M.<\/td>\n<td>Rimska provincijalna keramika<\/td>\n<td>30P+0S+0V<\/td>\n<td>3 ECTS<\/td>\n<\/tr>\n<tr>\n<td>Ton\u010dini\u0107, D., Matijevi\u0107, V.<\/td>\n<td>Seminar iz kasnoanti\u010dke arheologije<\/td>\n<td>0P+30S+0V<\/td>\n<td>5 ECTS<\/td>\n<\/tr>\n<tr>\n<td>Ton\u010dini\u0107, D., Matijevi\u0107, V.<\/td>\n<td>Seminar iz provincijalne arheologije 2<\/td>\n<td>0P+30S+0V<\/td>\n<td>5 ECTS<\/td>\n<\/tr>\n<tr>\n<td><\/td>\n<td><\/td>\n<td><\/td>\n<td><\/td>\n<\/tr>\n<tr>\n<td colspan=\"4\"><span style=\"color: #000000;\">2. Strani jezik struke &#8211; odabrati jedan strani jezik<\/span><\/td>\n<\/tr>\n<tr>\n<td><\/td>\n<td>&nbsp;Centar za strane jezike FFZG<\/td>\n<td><\/td>\n<td><\/td>\n<\/tr>\n<tr>\n<td colspan=\"4\"><span style=\"color: #000000;\">3. Izborni kolegiji &#8211; odabrati najmanje 2 ECTS boda<\/span><\/td>\n<\/tr>\n<tr>\n<td>Demicheli, D.<\/td>\n<td>Rimska uprava u provinciji Dalmaciji<\/td>\n<td>30P+0S+0V<\/td>\n<td>5&nbsp;ECTS<\/td>\n<\/tr>\n<tr>\n<td>Sanader, M., Kai\u0107, I.<\/td>\n<td>Teorijski i prakti\u010dni uvod u izabrane tipologije provincijalnorimskih malih nalaza<\/td>\n<td>30P+0S+0V<\/td>\n<td>5 ECTS<\/td>\n<\/tr>\n<tr>\n<td>Sanader, M., Mili\u0107evi\u0107 Brada\u010d, M., Kai\u0107, I.<\/td>\n<td>Stereotipi, predrasude i tabui u i o anti\u010dkom dru\u0161tvu<\/td>\n<td>30P+0S+0V<\/td>\n<td>5 ECTS<\/td>\n<\/tr>\n<tr>\n<td>Te\u017eak-Gregl, T.<\/td>\n<td>Arheologija neolitika<\/td>\n<td>0P+30S+0V<\/td>\n<td>5 ECTS<\/td>\n<\/tr>\n<tr>\n<td>Durman, A., Roksandi\u0107, D.<\/td>\n<td>Materijali i tehnologije u arheologiji<\/td>\n<td>30P+0S+0V<\/td>\n<td>3 ECTS<\/td>\n<\/tr>\n<tr>\n<td>Hincak, Z.<\/td>\n<td>Biolo\u0161ke zna\u010dajke populacije srednjovjekovne Europe<\/td>\n<td>30P+0S+0V<\/td>\n<td>3 ECTS<\/td>\n<\/tr>\n<tr>\n<td>Jarak, M., Matijevi\u0107, V.<\/td>\n<td>Bizantska arhitektura, slikarstvo i mozaici<\/td>\n<td>30P+0S+0V<\/td>\n<td>3 ECTS<\/td>\n<\/tr>\n<tr>\n<td>Filipec, K.<\/td>\n<td>Germani u Panoniji<\/td>\n<td>0P+30S+0V<\/td>\n<td>5 ECTS<\/td>\n<\/tr>\n<tr>\n<td>Potrebica, H.<\/td>\n<td>Isto\u010dni hal\u0161tatski krug<\/td>\n<td>30P+30S+0V<\/td>\n<td>6 ECTS<\/td>\n<\/tr>\n<tr>\n<td>Te\u017eak-Gregl, T.<\/td>\n<td>Arheologija eneolitika<\/td>\n<td>0P+30S+0V<\/td>\n<td>5 ECTS<\/td>\n<\/tr>\n<tr>\n<td>Buri\u0107, M.<\/td>\n<td>Koncept neolitizacije &#8211; modeli prijelaza na poljoprivredu<\/td>\n<td>30P+0S+0V<\/td>\n<td>5 ECTS<\/td>\n<\/tr>\n<tr>\n<td>Potrebica, H.<\/td>\n<td>Latenska kultura u Hrvatskoj<\/td>\n<td>30P+30S+0V<\/td>\n<td>6 ECTS<\/td>\n<\/tr>\n<tr>\n<td>Karavani\u0107, I.<\/td>\n<td>Liti\u010dka analiza<\/td>\n<td>30P+0S+0V<\/td>\n<td>5 ECTS<\/td>\n<\/tr>\n<tr>\n<td>Karavani\u0107, I.<\/td>\n<td>Po\u010deci simbolike i umjetnosti<\/td>\n<td>30P+0S+0V<\/td>\n<td>5 ECTS<\/td>\n<\/tr>\n<tr>\n<td>Filipec, K.<\/td>\n<td>Sredi\u0161nja mjesta i njihova periferija u srednjem i novom vijeku<\/td>\n<td>30P+0S+0V<\/td>\n<td>3 ECTS<\/td>\n<\/tr>\n<tr>\n<td>Jarak, M.<\/td>\n<td>Predromani\u010dka i ranoromani\u010dka arhitektura<\/td>\n<td>30P+0S+0V<\/td>\n<td>5 ECTS<\/td>\n<\/tr>\n<tr>\n<td>\u0160laus, M.<\/td>\n<td>Analiza ljudskih ostataka na\u0111enih na arheolo\u0161kim nalazi\u0161tima<\/td>\n<td>30P+0S+0V<\/td>\n<td>3&nbsp;ECTS<\/td>\n<\/tr>\n<tr>\n<td>Jarak, M.<\/td>\n<td>Seminar iz arheologije srednjovjekovnih grobalja<\/td>\n<td>0P+30S+0V<\/td>\n<td>5 ECTS<\/td>\n<\/tr>\n<tr>\n<td>Jarak, M.<\/td>\n<td>Seminar iz srednjovjekovne arhitekture<\/td>\n<td>0P+30S+0V<\/td>\n<td>5 ECTS<\/td>\n<\/tr>\n<tr>\n<td>Karavani\u0107, I.<\/td>\n<td>Simbolika i umjetnost u paleolitiku<\/td>\n<td>0P+30S+0V<\/td>\n<td>5 ECTS<\/td>\n<\/tr>\n<tr>\n<td>Filipec, K., Tkal\u010dec, T.<\/td>\n<td>Srednjovjekovna keramika<\/td>\n<td>0P+30S+0V<\/td>\n<td>5 ECTS<\/td>\n<\/tr>\n<tr>\n<td>Jarak, M.<\/td>\n<td>Starohrvatska groblja od 7. do 11. st.<\/td>\n<td>30P+0S+0V<\/td>\n<td>5 ECTS<\/td>\n<\/tr>\n<tr>\n<td>Filipec, K., Tkal\u010dec, T.<\/td>\n<td>Arheologija kasnog srednjeg i novog vijeka<\/td>\n<td>30P+0S+0V<\/td>\n<td>5 ECTS<\/td>\n<\/tr>\n<tr>\n<td>Potrebica, H., Mavrovi\u0107 Mokos, J.<\/td>\n<td>Rano i srednje bron\u010dano doba u Karpatskoj kotlini<\/td>\n<td>30P+0S+0V<\/td>\n<td>4 ECTS<\/td>\n<\/tr>\n<tr>\n<td><\/td>\n<td><\/td>\n<td><\/td>\n<td><\/td>\n<\/tr>\n<tr>\n<td colspan=\"4\"><span style=\"color: #3366ff;\">4. semestar<\/span><\/td>\n<\/tr>\n<tr>\n<td colspan=\"4\"><span style=\"color: #000000;\">1. Obavezni predmeti<\/span><\/td>\n<\/tr>\n<tr>\n<td><\/td>\n<td>Diplomski rad na studiju Arheologije<\/td>\n<td>0P+0S+0V<\/td>\n<td>30 ECTS<\/td>\n<\/tr>\n<\/tbody>\n<\/table>\n","protected":false},"excerpt":{"rendered":"<p>&nbsp; DIPLOMSKI STUDIJ ARHEOLOGIJE &#8211; ANTI\u010cKA ARHEOLOGIJA PRVA GODINA STUDIJA 1. semestar 1. Obavezni predmeti Tomas, H. Egejska arheologija 0P+30S+0V 5 ECTS Durman, A., Hincak, Z. Eksperimentalna arheologija 0P+30S+0V 5 ECTS Mili\u0107evi\u0107 Brada\u010d, M. Fenomeni materijalne i duhovne kulture gr\u010dkog svijeta 30P+0S+0V 5 ECTS Demicheli, D. Latinski jezik za arheologe II 30P+0S+0V 3 ECTS Mili\u0107evi\u0107 [&hellip;]<\/p>\n","protected":false},"author":3,"featured_media":0,"parent":207,"menu_order":0,"comment_status":"closed","ping_status":"closed","template":"","meta":{"footnotes":""},"class_list":["post-442","page","type-page","status-publish","hentry"],"_links":{"self":[{"href":"https:\/\/arheo.ffzg.unizg.hr\/index.php?rest_route=\/wp\/v2\/pages\/442","targetHints":{"allow":["GET"]}}],"collection":[{"href":"https:\/\/arheo.ffzg.unizg.hr\/index.php?rest_route=\/wp\/v2\/pages"}],"about":[{"href":"https:\/\/arheo.ffzg.unizg.hr\/index.php?rest_route=\/wp\/v2\/types\/page"}],"author":[{"embeddable":true,"href":"https:\/\/arheo.ffzg.unizg.hr\/index.php?rest_route=\/wp\/v2\/users\/3"}],"replies":[{"embeddable":true,"href":"https:\/\/arheo.ffzg.unizg.hr\/index.php?rest_route=%2Fwp%2Fv2%2Fcomments&post=442"}],"version-history":[{"count":6,"href":"https:\/\/arheo.ffzg.unizg.hr\/index.php?rest_route=\/wp\/v2\/pages\/442\/revisions"}],"predecessor-version":[{"id":4587,"href":"https:\/\/arheo.ffzg.unizg.hr\/index.php?rest_route=\/wp\/v2\/pages\/442\/revisions\/4587"}],"up":[{"embeddable":true,"href":"https:\/\/arheo.ffzg.unizg.hr\/index.php?rest_route=\/wp\/v2\/pages\/207"}],"wp:attachment":[{"href":"https:\/\/arheo.ffzg.unizg.hr\/index.php?rest_route=%2Fwp%2Fv2%2Fmedia&parent=442"}],"curies":[{"name":"wp","href":"https:\/\/api.w.org\/{rel}","templated":true}]}}