{"id":3281,"date":"2017-11-14T15:02:18","date_gmt":"2017-11-14T14:02:18","guid":{"rendered":"http:\/\/arheo.ffzg.unizg.hr\/?page_id=3281"},"modified":"2017-11-14T16:23:40","modified_gmt":"2017-11-14T15:23:40","slug":"obrazac-za-horizontalnu-mobilnost-ffzg","status":"publish","type":"page","link":"https:\/\/arheo.ffzg.unizg.hr\/?page_id=3281","title":{"rendered":"Obrazac za horizontalnu mobilnost FFZG"},"content":{"rendered":"<p>Studenti koji odlu\u010de slu\u0161ati neki kolegij na drugoj sastavnici Sveu\u010dili\u0161ta u Zagrebu trebaju ispuniti <strong>Obrazac za horizontalnu mobilnost<\/strong>, koji se koristi za dozvolu upisa kolegija kao i za odluku o priznavanju toga kolegija.<\/p>\n<p>Obrazac u oba slu\u010daja treba odobriti i potpisati odsje\u010dki ECTS koordinator.<\/p>\n<p><a href=\"https:\/\/arheo.ffzg.unizg.hr\/wp-content\/uploads\/2017\/11\/Obrazac-za-horizontalnu-mobilnost-OHM-FFZG-1.doc\"><strong>Obrazac za horizontalnu mobilnost OHM FFZG-1<\/strong><\/a><\/p>\n","protected":false},"excerpt":{"rendered":"<p>Studenti koji odlu\u010de slu\u0161ati neki kolegij na drugoj sastavnici Sveu\u010dili\u0161ta u Zagrebu trebaju ispuniti Obrazac za horizontalnu mobilnost, koji se koristi za dozvolu upisa kolegija kao i za odluku o priznavanju toga kolegija. Obrazac u oba slu\u010daja treba odobriti i potpisati odsje\u010dki ECTS koordinator. Obrazac za horizontalnu mobilnost OHM FFZG-1<\/p>\n","protected":false},"author":5,"featured_media":0,"parent":0,"menu_order":0,"comment_status":"closed","ping_status":"closed","template":"","meta":{"footnotes":""},"class_list":["post-3281","page","type-page","status-publish","hentry"],"_links":{"self":[{"href":"https:\/\/arheo.ffzg.unizg.hr\/index.php?rest_route=\/wp\/v2\/pages\/3281","targetHints":{"allow":["GET"]}}],"collection":[{"href":"https:\/\/arheo.ffzg.unizg.hr\/index.php?rest_route=\/wp\/v2\/pages"}],"about":[{"href":"https:\/\/arheo.ffzg.unizg.hr\/index.php?rest_route=\/wp\/v2\/types\/page"}],"author":[{"embeddable":true,"href":"https:\/\/arheo.ffzg.unizg.hr\/index.php?rest_route=\/wp\/v2\/users\/5"}],"replies":[{"embeddable":true,"href":"https:\/\/arheo.ffzg.unizg.hr\/index.php?rest_route=%2Fwp%2Fv2%2Fcomments&post=3281"}],"version-history":[{"count":5,"href":"https:\/\/arheo.ffzg.unizg.hr\/index.php?rest_route=\/wp\/v2\/pages\/3281\/revisions"}],"predecessor-version":[{"id":3289,"href":"https:\/\/arheo.ffzg.unizg.hr\/index.php?rest_route=\/wp\/v2\/pages\/3281\/revisions\/3289"}],"wp:attachment":[{"href":"https:\/\/arheo.ffzg.unizg.hr\/index.php?rest_route=%2Fwp%2Fv2%2Fmedia&parent=3281"}],"curies":[{"name":"wp","href":"https:\/\/api.w.org\/{rel}","templated":true}]}}