{"id":231,"date":"2014-10-29T11:01:18","date_gmt":"2014-10-29T10:01:18","guid":{"rendered":"http:\/\/wp.ffzg.unizg.hr\/arheo2\/?page_id=231"},"modified":"2018-05-21T13:01:46","modified_gmt":"2018-05-21T11:01:46","slug":"terenska-nastava","status":"publish","type":"page","link":"https:\/\/arheo.ffzg.unizg.hr\/?page_id=231","title":{"rendered":"Terenska nastava"},"content":{"rendered":"<header class=\"entry-header\">\n<h1 class=\"entry-title\"><a href=\"https:\/\/arheo.ffzg.unizg.hr\/?p=3722\" rel=\"bookmark\">Terenska nastava \u2013 Vu\u010dedol 2018.<\/a><\/h1>\n<\/header>\n<div class=\"entry-content\">\n<p><strong><u>TERENSKA NASTAVA VU\u010cEDOL 2018.<\/u><\/strong><\/p>\n<p>Terenska nastava i arheolo\u0161ko iskopavanje na lokalitetu Vu\u010dedol provoditi \u0107e se od 3. do 29. rujna 2018.g.<\/p>\n<p>Studenti \u0107e biti raspore\u0111eni u 2 grupe:<\/p>\n<ol>\n<li>grupa: 3.9.-14.9.2018.<\/li>\n<li>grupa: 17.9.-29.9.2018.<\/li>\n<\/ol>\n<p>Molimo sve zainteresirane studente da prijave \u0161alju dr. sc. Danijeli Roksandi\u0107, na e-mail:\u00a0<a href=\"mailto:daroksan@ffzg.hr\">daroksan@ffzg.hr<\/a>\u00a0s podatcima (ime, prezime, godina studija, studijska grupa, termin za koji su zainteresirani).<\/p>\n<p>&nbsp;<\/p>\n<\/div>\n<header class=\"entry-header\">\n<h1 class=\"entry-title\"><a href=\"https:\/\/arheo.ffzg.unizg.hr\/?p=3714\" rel=\"bookmark\">Terenska nastava na lokalitetu Bilice \u2013 Dedi\u0107a punta<\/a><\/h1>\n<\/header>\n<div class=\"entry-content\">\n<p>Arheolo\u0161ka istra\u017eivanja i terenska nastava na lokalitetu Bilice \u2013 Dedi\u0107a punta (trikonhalna crkva) odr\u017eat \u0107e se od 29. 08. do 14. 09. 2018. g.<\/p>\n<p>Prijave se primaju u sobi F-4 (izv. prof. dr. Mirja Jarak) i na e-mail\u00a0<a href=\"mailto:mjarak@ffzg.hr\">mjarak@ffzg.hr<\/a><\/p>\n<\/div>\n<p>&nbsp;<\/p>\n<header class=\"entry-header\"><\/header>\n<div class=\"entry-content\">\n<header class=\"entry-header\">\n<h1 class=\"entry-title\"><a href=\"https:\/\/arheo.ffzg.unizg.hr\/?p=3679\" rel=\"bookmark\">Arheolo\u0161ka terenska nastava na lokalitetu Lobor \u2013 Majka Bo\u017eja Gorska<\/a><\/h1>\n<\/header>\n<div class=\"entry-content\">\n<p><strong>Arheolo\u0161ka terenska nastava na lokalitetu<\/strong><br \/>\n<strong>Lobor \u2013 Majka Bo\u017eja Gorska<\/strong><\/p>\n<p><strong>kao i<\/strong><\/p>\n<p><strong>Bioarheolo\u0161ka terenska nastava i \u0161kola<\/strong><br \/>\n<strong>u baroknoj grobnici na lokalitetu<\/strong><br \/>\n<strong>Lobor \u2013 Majka Bo\u017eja Gorska<\/strong><\/p>\n<p><strong>odr\u017eat \u0107e se od 2. do 28. srpnja 2018.<\/strong><\/p>\n<p><strong>I.\u00a0grupa: 2. \u2013 14. VII.<\/strong><br \/>\n<strong>II. grupa: 16. \u2013 28. VII.<\/strong><\/p>\n<p><strong>Prijave se primaju do 18. lipnja 2018.!<\/strong><\/p>\n<p><strong>Prijave na:\u00a0<a href=\"mailto:kfilipec@ffzg.hr\">kfilipec@ffzg.hr<\/a>\u00a0\/ured F2 (J. \u0160krgulja)<\/strong><\/p>\n<p><strong>Rezultati \u0107e biti objavljeni najkasnije do 20. lipnja 2018.<\/strong><\/p>\n<\/div>\n<footer class=\"entry-meta\">Objavljeno\u00a0<a title=\"11:11\" href=\"https:\/\/arheo.ffzg.unizg.hr\/?p=3679\" rel=\"bookmark\"><time class=\"entry-date\" datetime=\"2018-05-08T11:11:36+00:00\">08\/05\/2018.<\/time><\/a><\/footer>\n<\/div>\n<p>&nbsp;<\/p>\n<header class=\"entry-header\">\n<h1 class=\"entry-title\"><a href=\"https:\/\/arheo.ffzg.unizg.hr\/?p=3677\" rel=\"bookmark\">OBAVIJEST STUDENTIMA Gardun 2018<\/a><\/h1>\n<\/header>\n<div class=\"entry-content\">\n<p>Obavje\u0161tavaju se studenti arheologije da se za ovogodi\u0161nje iskopavanje i terensku nastavu na lokalitetu Gardun \u2013 Vojni\u0107 kod Trilja (ant.\u00a0<em>Tilurium<\/em>) mogu prijaviti u sobi Fond-20.<\/p>\n<p>Iskopavanje \u0107e se provoditi od 11. lipnja do 07. srpnja 2018. godine, a studenti \u0107e biti raspore\u0111eni u dvije skupine:<\/p>\n<ol>\n<li>skupina \u2013 od 11. do 23. lipnja<\/li>\n<li>skupina \u2013 od 25. lipnja do 07. srpnja<\/li>\n<\/ol>\n<p>Objavljeno\u00a0<a title=\"14:53\" href=\"https:\/\/arheo.ffzg.unizg.hr\/?p=3677\" rel=\"bookmark\"><time class=\"entry-date\" datetime=\"2018-05-04T14:53:03+00:00\">04\/05\/2018<\/time><\/a>.<\/p>\n<\/div>\n<p>&nbsp;<\/p>\n<p><a href=\"https:\/\/arheo.ffzg.unizg.hr\/wp-content\/uploads\/2018\/05\/Trikonhalna-crkva-na-lokalitetu-Dedi\u0107a-punta-u-Bilicama.pdf\">Bilice &#8211; Trikonhalna crkva na lokalitetu Dedi\u0107a punta u Bilicama<\/a><\/p>\n<p><a title=\"Velika pe\u0107ina - Kli\u010devica\" href=\"http:\/\/www.ffzg.unizg.hr\/mnij\/?page_id=176\" target=\"_blank\" rel=\"noopener\">Velika pe\u0107ina &#8211; Kli\u010devica, srednjopaleoliti\u010dko nalazi\u0161te, Benkovac<\/a><\/p>\n<p><a title=\"Ka\u0161tel \u0160tafili\u0107\" href=\"http:\/\/www.ffzg.unizg.hr\/mnij\/?page_id=172\" target=\"_blank\" rel=\"noopener\">Ka\u0161tel \u0160tafili\u0107 &#8211; Resnik, srednjopaleoliti\u010dko podvodno nalazi\u0161te, Ka\u0161tel \u0160tafili\u0107<\/a><\/p>\n<p><a title=\"Bapska\" href=\"http:\/\/www.ffzg.unizg.hr\/arheo\/prap\/index_bapska.htm\">Bapska &#8211; Gradac, vi\u0161eslojno naselje iz razdoblja kasnog neolitika, Bapska (Ilok)<\/a><\/p>\n<p><a title=\"Gardun - rimski vojni logor\" href=\"http:\/\/www.ffzg.unizg.hr\/arheo\/provincijalna\/?page_id=36\" target=\"_blank\" rel=\"noopener\">Gardun &#8211; anti\u010dko nalazi\u0161te, rimski vojni logor (Trilj)<\/a><\/p>\n<p><a href=\"https:\/\/arheo.ffzg.unizg.hr\/provincijalna\/?page_id=38\">Veli\u0107 &#8211; kasnoanti\u010dko nalazi\u0161te<\/a><\/p>\n<p><a title=\"Lobor - Majka Bo\u017eja Gorska\" href=\"http:\/\/www.ffzg.unizg.hr\/arheo\/srednjovjekovna\/index.php?Arg0=stranica&amp;Arg1=lobor-majka-bozja-gorska&amp;Arg2=67\" target=\"_blank\" rel=\"noopener\">Lobor &#8211; istra\u017eivanja crkve Majke Bo\u017eje Gorske<\/a><\/p>\n<p>Vu\u010dedol &#8211; vi\u0161eslojno naselje iz razdoblja eneolitika (Vukovar)<\/p>\n<p>Kaptol &#8211; Gradci, nekropola i naselje iz starijeg \u017eeljeznog doba (Po\u017eega)<\/p>\n<p><a href=\"http:\/\/www.muzej-sisak.hr\/article\/315\/sustavno-arheolosko-istrazivanje-lokaliteta-quotsveti-kvirinquothttp:\/\/\" target=\"_blank\" rel=\"noopener\">Sisak &#8211; sv. Kvirin, anti\u010dki kompleks (Sisak)<\/a><\/p>\n<p>&nbsp;<\/p>\n<p>&nbsp;<\/p>\n","protected":false},"excerpt":{"rendered":"<p>Terenska nastava \u2013 Vu\u010dedol 2018. TERENSKA NASTAVA VU\u010cEDOL 2018. Terenska nastava i arheolo\u0161ko iskopavanje na lokalitetu Vu\u010dedol provoditi \u0107e se od 3. do 29. rujna 2018.g. Studenti \u0107e biti raspore\u0111eni u 2 grupe: grupa: 3.9.-14.9.2018. grupa: 17.9.-29.9.2018. Molimo sve zainteresirane studente da prijave \u0161alju dr. sc. Danijeli Roksandi\u0107, na e-mail:\u00a0daroksan@ffzg.hr\u00a0s podatcima (ime, prezime, godina studija, [&hellip;]<\/p>\n","protected":false},"author":3,"featured_media":0,"parent":0,"menu_order":0,"comment_status":"closed","ping_status":"closed","template":"","meta":{"footnotes":""},"class_list":["post-231","page","type-page","status-publish","hentry"],"_links":{"self":[{"href":"https:\/\/arheo.ffzg.unizg.hr\/index.php?rest_route=\/wp\/v2\/pages\/231","targetHints":{"allow":["GET"]}}],"collection":[{"href":"https:\/\/arheo.ffzg.unizg.hr\/index.php?rest_route=\/wp\/v2\/pages"}],"about":[{"href":"https:\/\/arheo.ffzg.unizg.hr\/index.php?rest_route=\/wp\/v2\/types\/page"}],"author":[{"embeddable":true,"href":"https:\/\/arheo.ffzg.unizg.hr\/index.php?rest_route=\/wp\/v2\/users\/3"}],"replies":[{"embeddable":true,"href":"https:\/\/arheo.ffzg.unizg.hr\/index.php?rest_route=%2Fwp%2Fv2%2Fcomments&post=231"}],"version-history":[{"count":8,"href":"https:\/\/arheo.ffzg.unizg.hr\/index.php?rest_route=\/wp\/v2\/pages\/231\/revisions"}],"predecessor-version":[{"id":3725,"href":"https:\/\/arheo.ffzg.unizg.hr\/index.php?rest_route=\/wp\/v2\/pages\/231\/revisions\/3725"}],"wp:attachment":[{"href":"https:\/\/arheo.ffzg.unizg.hr\/index.php?rest_route=%2Fwp%2Fv2%2Fmedia&parent=231"}],"curies":[{"name":"wp","href":"https:\/\/api.w.org\/{rel}","templated":true}]}}