{"id":228,"date":"2014-10-29T10:56:42","date_gmt":"2014-10-29T09:56:42","guid":{"rendered":"http:\/\/wp.ffzg.unizg.hr\/arheo2\/?page_id=228"},"modified":"2026-01-21T10:14:05","modified_gmt":"2026-01-21T09:14:05","slug":"molbe-za-odobrenje-teme-diplomskog-rada","status":"publish","type":"page","link":"https:\/\/arheo.ffzg.unizg.hr\/?page_id=228","title":{"rendered":"Diplomski rad"},"content":{"rendered":"<h2><span style=\"color: #ff6600;\">Obrazac za prijavu diplomskog rada<\/span><\/h2>\n<ul>\n<li><a href=\"https:\/\/arheo.ffzg.unizg.hr\/wp-content\/uploads\/2018\/01\/Molba-za-odobrenje-teme-diplomskog-rada-i-imenovanje-mentora.doc\">Molba-za-odobrenje-teme-diplomskog-rada-i-imenovanje-mentora<\/a><\/li>\n<li><a href=\"https:\/\/arheo.ffzg.unizg.hr\/wp-content\/uploads\/2020\/12\/Molba-za-odobrenje-teme-jedinstvenog-diplomskog-rada-i-imenovanje-mentora-komentora.docx\">Molba-za-odobrenje-teme-jedinstvenog-diplomskog-rada-i-imenovanje-mentora-komentora<\/a><\/li>\n<li style=\"text-align: justify;\">Molbu molimo predati voditelju diplomskog smjera ili tajni\u0161tvu, rok predaje obrasca se svake akademske godine objavljuje na mre\u017enim stranicama i oglasnoj plo\u010di krajem zimskog semestra<\/li>\n<\/ul>\n<div>\n<p style=\"text-align: justify;\">Postupak odobrenja teme i imenovanja mentora\/sumentora diplomskih radova dostupan je u <a href=\"https:\/\/maia.ffzg.hr\/att\/propisi\/Pravilnik-o-studiranju-Filozofskog-fakulteta-2024-v2.pdf\">Pravilniku o studiranju<\/a>, \u010dlanak 61.<\/p>\n<p>Studenti dvopredmetnih studijskih programa, koji su diplomski studij upisali po\u010dev\u0161i od ak. god. 2024\/2025, za koje Pravilnikom o studiranju Filozofskog fakulteta nije propisana procedura izrade me\u0111ustudijskih diplomskih radova, postupak izrade me\u0111ustudijskih diplomskih radova provode prema ovoj <a href=\"https:\/\/arheo.ffzg.unizg.hr\/wp-content\/uploads\/2026\/01\/Odluka-FV-o-medustudijskim-diplomskim-radovima.pdf\">odluci<\/a>.<\/p>\n<p style=\"text-align: justify;\">Nakon odobrenja teme i imenovanja mentora\/sumentora studentu se u ISVU sustav upisuje naslov teme te ime i prezime mentora, odnosno eventualno sumentora, te datum prijave (datum dono\u0161enja suglasnosti odsjeka ili kona\u010dne suglasnosti oba odsjeka). Odobrenje potpisuje pro\u010delnik ili pro\u010delnici oba odsjeka.<\/p>\n<p style=\"text-align: justify;\"><strong style=\"color: #ff6600; font-size: 1.28571rem;\">Obrana diplomskog rada i zavr\u0161etak diplomskog studija<\/strong><\/p>\n<\/div>\n<p>Student ima pravo na obranu zavr\u0161nog odnosno diplomskog rada tek kada ispuni sve prethodne obveze sukladno studijskom programu. <strong>Hodogram<\/strong> za zavr\u0161etak studija dostupan je na mre\u017enim stranicama Studentske slu\u017ebe: <a href=\"https:\/\/web2020.ffzg.unizg.hr\/studentska-sluzba\/obrasci\/diplomski-studij\/hodogram\/\" target=\"_blank\" rel=\"noopener noreferrer\">https:\/\/web2020.ffzg.unizg.hr\/studentska-sluzba\/obrasci\/diplomski-studij\/hodogram\/<\/a><\/p>\n<p>Obrasce potrebne za zavr\u0161etak studija studenti mogu popuniti na mre\u017enoj stranici Studentske slu\u017ebe: <a href=\"https:\/\/web2020.ffzg.unizg.hr\/studentska-sluzba\/obrasci\/diplomski-studij\/\">https:\/\/web2020.ffzg.unizg.hr\/studentska-sluzba\/obrasci\/diplomski-studij\/<\/a><\/p>\n<p>Obrana zavr\u0161nog odnosno diplomskog rada mo\u017ee se organizirati tek kada mentor da suglasnost da student mo\u017ee pristupiti obrani zavr\u0161nog odnosno diplomskog rada. Ispis rada student predaje mentoru, a u dogovoru s mentorom i ostalim \u010dlanovima komisije.<\/p>\n<p>Molimo studente da otprilike tjedan dana prije dogovorene obrane diplomskog rada tajni\u0161tvu Odsjeka proslijede e-mail s ispunjenim <em>Obrascem za pristup obrani diplomskog rada<\/em>\u00a0&#8211; <a href=\"https:\/\/web2020.ffzg.unizg.hr\/studentska-sluzba\/obrasci\/diplomski-studij\/jednopredmetni-prije-obrane\/\">jednopredmetni<\/a>; <a href=\"https:\/\/web2020.ffzg.unizg.hr\/studentska-sluzba\/dvopredmetni-prije-obrane\/\">dvopredmetni<\/a> radi provjere Odsjeka.<\/p>\n<p>Student<strong> nakon obrane<\/strong> diplomskog rada <strong>tajni\u0161tvu<\/strong> (arheologija@ffzg.hr) proslije\u0111uje e-mail\u00a0 s popunjenom:<\/p>\n<ul>\n<li><a href=\"https:\/\/web2020.ffzg.unizg.hr\/studentska-sluzba\/jednopredmetni-nakon-obrane\/\">Molba za izdavanje potvrde o zavr\u0161etku diplomskog studija \u2013 jednopredmetni studij<\/a> (ispunjava se nakon obrane) ili<\/li>\n<li><a href=\"https:\/\/web2020.ffzg.unizg.hr\/studentska-sluzba\/dvopredmetni-nakon-obrane\/\">Molba za izdavanje potvrde o zavr\u0161etku diplomskog studija \u2013 dvopredmetni studij<\/a>\u00a0(ispunjava se nakon obrane)<\/li>\n<\/ul>\n<p>Ostatak procedure za zavr\u0161etak studija opisan je u <a href=\"https:\/\/web2020.ffzg.unizg.hr\/studentska-sluzba\/obrasci\/diplomski-studij\/hodogram\/\">Hodogramu za zavr\u0161etak studija<\/a> Filozofskog fakulteta.<\/p>\n","protected":false},"excerpt":{"rendered":"<p>Obrazac za prijavu diplomskog rada Molba-za-odobrenje-teme-diplomskog-rada-i-imenovanje-mentora Molba-za-odobrenje-teme-jedinstvenog-diplomskog-rada-i-imenovanje-mentora-komentora Molbu molimo predati voditelju diplomskog smjera ili tajni\u0161tvu, rok predaje obrasca se svake akademske godine objavljuje na mre\u017enim stranicama i oglasnoj plo\u010di krajem zimskog semestra Postupak odobrenja teme i imenovanja mentora\/sumentora diplomskih radova dostupan je u Pravilniku o studiranju, \u010dlanak 61. Studenti dvopredmetnih studijskih programa, koji su diplomski [&hellip;]<\/p>\n","protected":false},"author":3,"featured_media":0,"parent":0,"menu_order":0,"comment_status":"closed","ping_status":"closed","template":"","meta":{"footnotes":""},"class_list":["post-228","page","type-page","status-publish","hentry"],"_links":{"self":[{"href":"https:\/\/arheo.ffzg.unizg.hr\/index.php?rest_route=\/wp\/v2\/pages\/228","targetHints":{"allow":["GET"]}}],"collection":[{"href":"https:\/\/arheo.ffzg.unizg.hr\/index.php?rest_route=\/wp\/v2\/pages"}],"about":[{"href":"https:\/\/arheo.ffzg.unizg.hr\/index.php?rest_route=\/wp\/v2\/types\/page"}],"author":[{"embeddable":true,"href":"https:\/\/arheo.ffzg.unizg.hr\/index.php?rest_route=\/wp\/v2\/users\/3"}],"replies":[{"embeddable":true,"href":"https:\/\/arheo.ffzg.unizg.hr\/index.php?rest_route=%2Fwp%2Fv2%2Fcomments&post=228"}],"version-history":[{"count":22,"href":"https:\/\/arheo.ffzg.unizg.hr\/index.php?rest_route=\/wp\/v2\/pages\/228\/revisions"}],"predecessor-version":[{"id":8446,"href":"https:\/\/arheo.ffzg.unizg.hr\/index.php?rest_route=\/wp\/v2\/pages\/228\/revisions\/8446"}],"wp:attachment":[{"href":"https:\/\/arheo.ffzg.unizg.hr\/index.php?rest_route=%2Fwp%2Fv2%2Fmedia&parent=228"}],"curies":[{"name":"wp","href":"https:\/\/api.w.org\/{rel}","templated":true}]}}