{"id":224,"date":"2014-10-29T10:52:56","date_gmt":"2014-10-29T09:52:56","guid":{"rendered":"http:\/\/wp.ffzg.unizg.hr\/arheo2\/?page_id=224"},"modified":"2026-04-08T10:48:11","modified_gmt":"2026-04-08T08:48:11","slug":"ispitni-rokovi","status":"publish","type":"page","link":"https:\/\/arheo.ffzg.unizg.hr\/?page_id=224","title":{"rendered":"Ispitni rokovi"},"content":{"rendered":"\n<p><a href=\"https:\/\/arheo.ffzg.unizg.hr\/wp-content\/uploads\/2026\/04\/ARH-Redovni-ispitni-rokovi-2025-2026.pdf\">Ispitni rokovi 2025.\/2026.<\/a><\/p>\n\n\n\n<p>Obavijest \u0107e biti a\u017eurirana!  Mjesto (dvorane) odr\u017eavanja ispita \u0107e biti nadopunjene.<\/p>\n\n\n\n<p><\/p>\n\n\n\n<p>Studenti su du\u017eni prijaviti ispit putem Studomata, molimo obavezno po\u0161tovati rokove prijave i odjave ispita.&nbsp;Naknadne prijave\/odjave ne\u0107e se uva\u017eavati.<\/p>\n\n\n\n<p><\/p>\n\n\n\n<p>&nbsp;<\/p>\n\n\n\n<p>&nbsp;<\/p>\n","protected":false},"excerpt":{"rendered":"<p>Ispitni rokovi 2025.\/2026. Obavijest \u0107e biti a\u017eurirana! Mjesto (dvorane) odr\u017eavanja ispita \u0107e biti nadopunjene. Studenti su du\u017eni prijaviti ispit putem Studomata, molimo obavezno po\u0161tovati rokove prijave i odjave ispita.&nbsp;Naknadne prijave\/odjave ne\u0107e se uva\u017eavati. &nbsp; &nbsp;<\/p>\n","protected":false},"author":3,"featured_media":0,"parent":0,"menu_order":0,"comment_status":"closed","ping_status":"closed","template":"","meta":{"footnotes":""},"class_list":["post-224","page","type-page","status-publish","hentry"],"_links":{"self":[{"href":"https:\/\/arheo.ffzg.unizg.hr\/index.php?rest_route=\/wp\/v2\/pages\/224","targetHints":{"allow":["GET"]}}],"collection":[{"href":"https:\/\/arheo.ffzg.unizg.hr\/index.php?rest_route=\/wp\/v2\/pages"}],"about":[{"href":"https:\/\/arheo.ffzg.unizg.hr\/index.php?rest_route=\/wp\/v2\/types\/page"}],"author":[{"embeddable":true,"href":"https:\/\/arheo.ffzg.unizg.hr\/index.php?rest_route=\/wp\/v2\/users\/3"}],"replies":[{"embeddable":true,"href":"https:\/\/arheo.ffzg.unizg.hr\/index.php?rest_route=%2Fwp%2Fv2%2Fcomments&post=224"}],"version-history":[{"count":166,"href":"https:\/\/arheo.ffzg.unizg.hr\/index.php?rest_route=\/wp\/v2\/pages\/224\/revisions"}],"predecessor-version":[{"id":8546,"href":"https:\/\/arheo.ffzg.unizg.hr\/index.php?rest_route=\/wp\/v2\/pages\/224\/revisions\/8546"}],"wp:attachment":[{"href":"https:\/\/arheo.ffzg.unizg.hr\/index.php?rest_route=%2Fwp%2Fv2%2Fmedia&parent=224"}],"curies":[{"name":"wp","href":"https:\/\/api.w.org\/{rel}","templated":true}]}}