{"id":215,"date":"2014-10-29T10:51:18","date_gmt":"2014-10-29T09:51:18","guid":{"rendered":"http:\/\/wp.ffzg.unizg.hr\/arheo2\/?page_id=215"},"modified":"2021-10-25T10:13:33","modified_gmt":"2021-10-25T08:13:33","slug":"program-studija","status":"publish","type":"page","link":"https:\/\/arheo.ffzg.unizg.hr\/?page_id=215","title":{"rendered":"Program studija"},"content":{"rendered":"<p><strong><a href=\"https:\/\/arheo.ffzg.unizg.hr\/wp-content\/uploads\/2021\/10\/ARH-PopisIzvedbenihPlanovaIPredmeta_2020_21.pdf\" target=\"_blank\" rel=\"noopener noreferrer\">Izvedbeni plan nastave preddiplomskog i diplomskog studija za akademsku godinu 2020.\/2021.<\/a><\/strong><\/p>\n<p><strong><a href=\"https:\/\/arheo.ffzg.unizg.hr\/wp-content\/uploads\/2021\/10\/ARH-StudiesAndCourses_2020_21.pdf\" target=\"_blank\" rel=\"noopener noreferrer\">Undergraduate and graduate study programme and courses for 2020.\/2021.<\/a><\/strong><\/p>\n<p><strong><a href=\"https:\/\/arheo.ffzg.unizg.hr\/wp-content\/uploads\/2021\/10\/ARH_PopisIzvedbenihPlanovaIPredmeta_2021_22.pdf\" target=\"_blank\" rel=\"noopener noreferrer\">Izvedbeni plan nastave preddiplomskog i diplomskog studija za akademsku godinu 2021.\/2022.<\/a><\/strong><\/p>\n<p><strong><a href=\"https:\/\/arheo.ffzg.unizg.hr\/wp-content\/uploads\/2021\/10\/ARH_StudiesAndCourses_2021_22.pdf\" target=\"_blank\" rel=\"noopener noreferrer\">Undergraduate and graduate study programme and courses for 2021.\/2022.<\/a><\/strong><\/p>\n<p>&nbsp;<\/p>\n<p>Program studija \u2013 JEDNOPREDMETNI DIPLOMSKI STUDIJ ARHEOLOGIJE<\/p>\n<p>(svibanj 2005.)<\/p>\n<p><a href=\"https:\/\/arheo.ffzg.unizg.hr\/wp-content\/uploads\/2014\/11\/Program-diplomskog-studija.pdf\" target=\"_blank\" rel=\"noopener noreferrer\">Program diplomskog studija<\/a><\/p>\n<p style=\"text-align: justify;\">Dostupan studijski program za diplomski studij arheologije je je izvorna verzija programa koji je dopusnicu za izvo\u0111enje dobio u ak. god. 2005.\/2006. godine. Od tada je program u nekim aspektima do\u017eivio odre\u0111ene izmjene te \u0107e uskoro na stranici biti dostupan a\u017eurirani program studija za jednopredmetni preddiplomski studij arheologije.<\/p>\n<p>&nbsp;<\/p>\n<p>ECTS informacijski paket:<\/p>\n<p><a href=\"http:\/\/theta.ffzg.hr\/ects\/\">http:\/\/theta.ffzg.hr\/ects\/\u00a0<\/a><\/p>\n","protected":false},"excerpt":{"rendered":"<p>Izvedbeni plan nastave preddiplomskog i diplomskog studija za akademsku godinu 2020.\/2021. Undergraduate and graduate study programme and courses for 2020.\/2021. Izvedbeni plan nastave preddiplomskog i diplomskog studija za akademsku godinu 2021.\/2022. Undergraduate and graduate study programme and courses for 2021.\/2022. &nbsp; Program studija \u2013 JEDNOPREDMETNI DIPLOMSKI STUDIJ ARHEOLOGIJE (svibanj 2005.) Program diplomskog studija Dostupan studijski [&hellip;]<\/p>\n","protected":false},"author":3,"featured_media":0,"parent":203,"menu_order":0,"comment_status":"closed","ping_status":"closed","template":"","meta":{"footnotes":""},"class_list":["post-215","page","type-page","status-publish","hentry"],"_links":{"self":[{"href":"https:\/\/arheo.ffzg.unizg.hr\/index.php?rest_route=\/wp\/v2\/pages\/215","targetHints":{"allow":["GET"]}}],"collection":[{"href":"https:\/\/arheo.ffzg.unizg.hr\/index.php?rest_route=\/wp\/v2\/pages"}],"about":[{"href":"https:\/\/arheo.ffzg.unizg.hr\/index.php?rest_route=\/wp\/v2\/types\/page"}],"author":[{"embeddable":true,"href":"https:\/\/arheo.ffzg.unizg.hr\/index.php?rest_route=\/wp\/v2\/users\/3"}],"replies":[{"embeddable":true,"href":"https:\/\/arheo.ffzg.unizg.hr\/index.php?rest_route=%2Fwp%2Fv2%2Fcomments&post=215"}],"version-history":[{"count":4,"href":"https:\/\/arheo.ffzg.unizg.hr\/index.php?rest_route=\/wp\/v2\/pages\/215\/revisions"}],"predecessor-version":[{"id":5954,"href":"https:\/\/arheo.ffzg.unizg.hr\/index.php?rest_route=\/wp\/v2\/pages\/215\/revisions\/5954"}],"up":[{"embeddable":true,"href":"https:\/\/arheo.ffzg.unizg.hr\/index.php?rest_route=\/wp\/v2\/pages\/203"}],"wp:attachment":[{"href":"https:\/\/arheo.ffzg.unizg.hr\/index.php?rest_route=%2Fwp%2Fv2%2Fmedia&parent=215"}],"curies":[{"name":"wp","href":"https:\/\/api.w.org\/{rel}","templated":true}]}}