{"id":213,"date":"2014-10-29T10:51:04","date_gmt":"2014-10-29T09:51:04","guid":{"rendered":"http:\/\/wp.ffzg.unizg.hr\/arheo2\/?page_id=213"},"modified":"2019-09-20T15:35:33","modified_gmt":"2019-09-20T13:35:33","slug":"silabi","status":"publish","type":"page","link":"https:\/\/arheo.ffzg.unizg.hr\/?page_id=213","title":{"rendered":"Silabi"},"content":{"rendered":"<p><strong><span style=\"color: #ff6600;\">DIPLOMSKI STUDIJ ARHEOLOGIJE &#8211; PRAPOVIJESNA ARHEOLOGIJA<\/span><br \/>\n<\/strong><\/p>\n<p>1. SEMESTER<\/p>\n<ul>\n<li><a href=\"https:\/\/arheo.ffzg.unizg.hr\/wp-content\/uploads\/2014\/10\/syll_MSL_Analiza-ljudskih-ostataka-na\u0111enih-na-arheolo\u0161kom-nalazi\u0161tu.pdf\">Analiza ljudskih ostataka na\u0111enih na arheolo\u0161kim nalazi\u0161tima<\/a>, 3 ECTS &#8211; \u0160LAUS<\/li>\n<li><a href=\"https:\/\/arheo.ffzg.unizg.hr\/wp-content\/uploads\/2014\/10\/syll_TTG_Arheologija-neolitika.pdf\">Arheologija neolitika<\/a>, 5 ECTS<\/li>\n<li><a href=\"https:\/\/arheo.ffzg.unizg.hr\/wp-content\/uploads\/2014\/10\/syll_AD_Eksperimentalna-arheologija.pdf\">Eksperimentalna arheologija<\/a>, 5 ECTS<\/li>\n<li><a href=\"https:\/\/arheo.ffzg.unizg.hr\/wp-content\/uploads\/2014\/10\/syll_MB_Koncept-neolitizacije-\u2013-modeli-prijelaza-na-poljoprivredu.pdf\">Koncept neolitizacije \u2013 modeli prijelaza na poljoprivredu<\/a>, 5 ECTS<\/li>\n<li><a href=\"https:\/\/arheo.ffzg.unizg.hr\/wp-content\/uploads\/2014\/10\/syll_IK_Liti\u010dka-analiza.pdf\">Liti\u010dka analiza<\/a>, 5 ECTS<\/li>\n<li><a href=\"https:\/\/arheo.ffzg.unizg.hr\/wp-content\/uploads\/2014\/10\/syll_RSK_Povijesni-pregled-razvoja-arheologije.pdf\">Povijesni pregled razvoja arheologije<\/a>, 3 ECTS<\/li>\n<li><a href=\"https:\/\/arheo.ffzg.unizg.hr\/wp-content\/uploads\/2014\/10\/syll_DLD_Rano-i-srednje-broncano-doba-u-Karpatskoj-kotlini.pdf\">Rano i srednje bron\u010dano doba u Karpatskoj kotlini<\/a>, 4 ECTS<\/li>\n<li><a href=\"https:\/\/arheo.ffzg.unizg.hr\/wp-content\/uploads\/2014\/10\/syll_AD_Tehnolo\u0161ki-razvoj-i-ekologija-u-arheologiji.pdf\">Tehnolo\u0161ki razvoj i ekologija u arheologiji<\/a>, 5 ECTS<\/li>\n<li><a href=\"https:\/\/arheo.ffzg.unizg.hr\/wp-content\/uploads\/2014\/10\/syll_RSK_Teorijska-arheologija.pdf\">Teorijska arheologija<\/a>, 3 ECTS<\/li>\n<\/ul>\n<p>3. SEMESTER<\/p>\n<ul>\n<li><a href=\"https:\/\/arheo.ffzg.unizg.hr\/wp-content\/uploads\/2014\/10\/syll_TTG_Arheologija-eneolitika.pdf\">Arheologija eneolitika<\/a>, 5 ECTS<\/li>\n<li><a href=\"https:\/\/arheo.ffzg.unizg.hr\/wp-content\/uploads\/2014\/10\/syll_HP_Arheologija-Zeljeznog-doba-II.pdf\">Arheologija \u017eeljeznog doba II<\/a>, 3 ECTS<\/li>\n<li><a href=\"https:\/\/arheo.ffzg.unizg.hr\/wp-content\/uploads\/2014\/10\/syll_HP_Isto\u010dni-hal\u0161tatski-krug.pdf\">Isto\u010dni hal\u0161tatski krug<\/a>, 5 ECTS<\/li>\n<li><a href=\"https:\/\/arheo.ffzg.unizg.hr\/wp-content\/uploads\/2014\/10\/syll_HP_Latenska-kultura-u-Hrvatskoj.pdf\">Latenska kultura u Hrvatskoj<\/a>, 3 ECTS<\/li>\n<li><a href=\"https:\/\/arheo.ffzg.unizg.hr\/wp-content\/uploads\/2014\/10\/syll_IK_Poceci-simbolike-i-umjetnosti.pdf\">Poce\u010di simbolike i umjetnosti<\/a>, 5 ECTS<\/li>\n<li><a href=\"https:\/\/arheo.ffzg.unizg.hr\/wp-content\/uploads\/2014\/10\/syll_IK_Simbolika-i-umjetnost-u-paleolitiku.pdf\">Simbolika i umjetnost u paleolitiku<\/a>, 5 ECTS<\/li>\n<\/ul>\n<p><strong><span style=\"color: #ff6600;\">DIPLOMSKI STUDIJ ARHEOLOGIJE &#8211; ANTI\u010cKA ARHEOLOGIJA<\/span><\/strong><\/p>\n<p>1. SEMESTER<\/p>\n<ul>\n<li><a href=\"https:\/\/arheo.ffzg.unizg.hr\/wp-content\/uploads\/2019\/09\/EGEJSKA-ARHEOLOGIJA-2019-20.pdf\" target=\"_blank\" rel=\"noopener noreferrer\">Egejska arheologija<\/a>, 5 ECTS<\/li>\n<li><a href=\"https:\/\/arheo.ffzg.unizg.hr\/wp-content\/uploads\/2014\/10\/syll_AD_Eksperimentalna-arheologija.pdf\">Eksperimentalna arheologija<\/a>, 5 ECTS<\/li>\n<li><a href=\"https:\/\/arheo.ffzg.unizg.hr\/wp-content\/uploads\/2019\/09\/FENOMENI-MATERIJALNE-I-DUHOVNE-KULTURE-GR\u010cKOG-SVIJETA-2019-20-Copy.pdf\" target=\"_blank\" rel=\"noopener noreferrer\">Fenomeni materijalne i duhovne kulture gr\u010dkog svijeta<\/a>, 5 ECTS<\/li>\n<li><a href=\"http:\/\/wp.ffzg.unizg.hr\/arheo2\/files\/2014\/10\/syll_DD_Latinski-jezik-za-arheologe-II..pdf\">Latinski jezik za arheologe II<\/a>, 3 ECTS<\/li>\n<li><a href=\"https:\/\/arheo.ffzg.unizg.hr\/wp-content\/uploads\/2019\/09\/RIMSKA-KLASICNA-ARHEOLOGIJA-2019-20-Copy.pdf\" target=\"_blank\" rel=\"noopener noreferrer\">Rimska klasi\u010dna arheologija<\/a>, 5 ECTS<\/li>\n<li><a href=\"https:\/\/arheo.ffzg.unizg.hr\/wp-content\/uploads\/2014\/10\/syll_AD_Tehnolo\u0161ki-razvoj-i-ekologija-u-arheologiji1.pdf\">Tehnolo\u0161ki razvoj i ekologija u arheologiji<\/a>, 5 ECTS<\/li>\n<\/ul>\n<p>3. SEMESTER<\/p>\n<ul>\n<li><a href=\"https:\/\/arheo.ffzg.unizg.hr\/wp-content\/uploads\/2015\/10\/Syll_Provincijalna-arheologija-1.pdf\" target=\"_blank\" rel=\"noopener noreferrer\">Provincijalna arheologija 1<\/a>, 5 ECTS<\/li>\n<li><a href=\"https:\/\/arheo.ffzg.unizg.hr\/wp-content\/uploads\/2015\/10\/Syll_Ranokr\u0161canska-arheologija.pdf\" target=\"_blank\" rel=\"noopener noreferrer\">Ranokr\u0161\u0107anska arheologija<\/a>, 5 ECTS<\/li>\n<li><span id=\"ctl00_ContentPlaceHolder1_TabContainer1_TabPanel1_lblNaziv\" class=\"label\"><a href=\"https:\/\/arheo.ffzg.unizg.hr\/wp-content\/uploads\/2015\/10\/Syll_TEORIJSKI-I-PRAKTICNI-UVOD-U-IZABRANE-TIPOLOGIJE-PROVINCIJALNORIMSKIH-MALIH-NALAZA.pdf\" target=\"_blank\" rel=\"noopener noreferrer\">Teorijski i prakti\u010dni uvod u izabrane tipologije provincijalnorimskih malih nalaza<\/a><\/span> , 5 ECTS<\/li>\n<li><a href=\"https:\/\/arheo.ffzg.unizg.hr\/wp-content\/uploads\/2015\/10\/Syll_Izabrane-teme-iz-ranokr\u0105\u0107anske-arheologije-2-DT-pregledao.pdf\" target=\"_blank\" rel=\"noopener noreferrer\">Izabrane teme iz ranokr\u0161\u0107anske arheologije 2<\/a>, 5 ECTS<\/li>\n<li><a href=\"https:\/\/arheo.ffzg.unizg.hr\/wp-content\/uploads\/2014\/10\/Syll_ZSK_Rimska-provincijalna-keramika.pdf\">Rimska provincijalna keramika<\/a>, 3 ECTS<\/li>\n<li><a href=\"https:\/\/arheo.ffzg.unizg.hr\/wp-content\/uploads\/2015\/10\/Syll_Seminar-iz-kasnoanticke-arheologije-_142663_1.pdf\" target=\"_blank\" rel=\"noopener noreferrer\">Seminar iz kasnoanti\u010dke arheologije<\/a>, 5 ECTS<\/li>\n<li><a href=\"https:\/\/arheo.ffzg.unizg.hr\/wp-content\/uploads\/2015\/10\/Syll_Seminar-iz-provincijalne-arheologije2-_142666_.pdf\" target=\"_blank\" rel=\"noopener noreferrer\">Seminar iz provincijalne arheologije 2<\/a>, 5 ECTS<\/li>\n<li><a href=\"https:\/\/arheo.ffzg.unizg.hr\/wp-content\/uploads\/2015\/10\/SILAB-STEREOTIPI-ak.god_.2015-2016..pdf\" target=\"_blank\" rel=\"noopener noreferrer\">Stereotipi, predrasude i tabui u i o anti\u010dkom dru\u0161tvu<\/a>, 5 ECTS<\/li>\n<li><a href=\"https:\/\/arheo.ffzg.unizg.hr\/wp-content\/uploads\/2014\/10\/syll_DD_Rimska-uprava-u-provinciji-Dalmaciji.pdf\">Rimska uprava u provinciji Dalmaciji<\/a>, 5 ECTS<\/li>\n<\/ul>\n<p><strong><span style=\"color: #ff6600;\">DIPLOMSKI STUDIJ ARHEOLOGIJE &#8211; SREDNJOVJEKOVNA ARHEOLOGIJA<\/span><\/strong><\/p>\n<p>1. SEMESTER<\/p>\n<ul>\n<li><a href=\"https:\/\/arheo.ffzg.unizg.hr\/wp-content\/uploads\/2014\/10\/syll_ZH_Biolo\u0161ke-znacajke-srednjovjekovnih-populacija-Europe.pdf\">Biolo\u0161ke zna\u010dajke srednjovjekovnih populacija Europe<\/a>, 3 ECTS<\/li>\n<li><a href=\"https:\/\/arheo.ffzg.unizg.hr\/wp-content\/uploads\/2014\/10\/syll_AD_Eksperimentalna-arheologija.pdf\">Eksperimentalna arheologija<\/a>, 5 ECTS<\/li>\n<li><a href=\"https:\/\/arheo.ffzg.unizg.hr\/wp-content\/uploads\/2014\/10\/syll_KF_Germani-u-Panoniji.pdf\">Germani u Panoniji<\/a>, 5 ECTS<\/li>\n<li><a href=\"https:\/\/arheo.ffzg.unizg.hr\/wp-content\/uploads\/2014\/10\/syll_MJ_Predromanicka-i-ranoromanicka-arhitektura.pdf\">Predromani\u010dka i ranoromani\u010dka arhitektura<\/a>, 5 ECTS<\/li>\n<li>Ranosrednjovjekovna plastika, 5 ECTS<\/li>\n<li><a href=\"https:\/\/arheo.ffzg.unizg.hr\/wp-content\/uploads\/2014\/10\/syll_MJ_Seminar-iz-srednjovjekovne-arhitekture.pdf\">Seminar iz srednjovjekovne arhitekture<\/a>, 5 ECTS<\/li>\n<li><a href=\"https:\/\/arheo.ffzg.unizg.hr\/wp-content\/uploads\/2014\/10\/syll_AD_Tehnolo\u0161ki-razvoj-i-ekologija-u-arheologiji1.pdf\">Tehnolo\u0161ki razvoj i ekologija u arheologiji<\/a>, 5 ECTS<\/li>\n<\/ul>\n<p>3. SEMESTER<\/p>\n<ul>\n<li><a href=\"https:\/\/arheo.ffzg.unizg.hr\/wp-content\/uploads\/2014\/10\/syll_TT_Arheologija-kasnoga-srednjega-vijeka.pdf\">Arheologija kasnoga srednjega vijeka<\/a>, 5 ECTS<\/li>\n<li><a href=\"https:\/\/arheo.ffzg.unizg.hr\/wp-content\/uploads\/2014\/10\/syll_MJ_Bizantska-arhitektura-slikarstvo-i-mozaici.pdf\">Bizantska arhitektura, slikarstvo i mozaici<\/a>, 3 ECTS<\/li>\n<li>Ranosrednjovjekovna plastika, 5 ECTS<\/li>\n<li><a href=\"https:\/\/arheo.ffzg.unizg.hr\/wp-content\/uploads\/2014\/10\/syll_MJ_Seminar-iz-arheologije-srednjovjekovnih-grobalja.pdf\">Seminar iz arheologije srednjovjekovnih grobalja<\/a>, 5 ECTS<\/li>\n<li>Srednjovjekovna keramika, 5 ECST<\/li>\n<li><a href=\"http:\/\/wp.ffzg.unizg.hr\/arheo2\/files\/2014\/10\/syll_MP_Starohrvatska-groblja-od-7.-do-11.-st..pdf\">Starohrvatska groblja od 7. do 11. st.<\/a>., 5 ECTS<b><br \/>\n<\/b><\/li>\n<\/ul>\n","protected":false},"excerpt":{"rendered":"<p>DIPLOMSKI STUDIJ ARHEOLOGIJE &#8211; PRAPOVIJESNA ARHEOLOGIJA 1. SEMESTER Analiza ljudskih ostataka na\u0111enih na arheolo\u0161kim nalazi\u0161tima, 3 ECTS &#8211; \u0160LAUS Arheologija neolitika, 5 ECTS Eksperimentalna arheologija, 5 ECTS Koncept neolitizacije \u2013 modeli prijelaza na poljoprivredu, 5 ECTS Liti\u010dka analiza, 5 ECTS Povijesni pregled razvoja arheologije, 3 ECTS Rano i srednje bron\u010dano doba u Karpatskoj kotlini, 4 [&hellip;]<\/p>\n","protected":false},"author":3,"featured_media":0,"parent":203,"menu_order":0,"comment_status":"closed","ping_status":"closed","template":"","meta":{"footnotes":""},"class_list":["post-213","page","type-page","status-publish","hentry"],"_links":{"self":[{"href":"https:\/\/arheo.ffzg.unizg.hr\/index.php?rest_route=\/wp\/v2\/pages\/213","targetHints":{"allow":["GET"]}}],"collection":[{"href":"https:\/\/arheo.ffzg.unizg.hr\/index.php?rest_route=\/wp\/v2\/pages"}],"about":[{"href":"https:\/\/arheo.ffzg.unizg.hr\/index.php?rest_route=\/wp\/v2\/types\/page"}],"author":[{"embeddable":true,"href":"https:\/\/arheo.ffzg.unizg.hr\/index.php?rest_route=\/wp\/v2\/users\/3"}],"replies":[{"embeddable":true,"href":"https:\/\/arheo.ffzg.unizg.hr\/index.php?rest_route=%2Fwp%2Fv2%2Fcomments&post=213"}],"version-history":[{"count":13,"href":"https:\/\/arheo.ffzg.unizg.hr\/index.php?rest_route=\/wp\/v2\/pages\/213\/revisions"}],"predecessor-version":[{"id":4658,"href":"https:\/\/arheo.ffzg.unizg.hr\/index.php?rest_route=\/wp\/v2\/pages\/213\/revisions\/4658"}],"up":[{"embeddable":true,"href":"https:\/\/arheo.ffzg.unizg.hr\/index.php?rest_route=\/wp\/v2\/pages\/203"}],"wp:attachment":[{"href":"https:\/\/arheo.ffzg.unizg.hr\/index.php?rest_route=%2Fwp%2Fv2%2Fmedia&parent=213"}],"curies":[{"name":"wp","href":"https:\/\/api.w.org\/{rel}","templated":true}]}}