{"id":205,"date":"2014-10-29T10:50:05","date_gmt":"2014-10-29T09:50:05","guid":{"rendered":"http:\/\/wp.ffzg.unizg.hr\/arheo2\/?page_id=205"},"modified":"2019-12-05T08:34:11","modified_gmt":"2019-12-05T07:34:11","slug":"uvjeti-za-upis","status":"publish","type":"page","link":"https:\/\/arheo.ffzg.unizg.hr\/?page_id=205","title":{"rendered":"Uvjeti za upis"},"content":{"rendered":"<p><span style=\"color: #ff0000;\"><strong>VA\u017dNO!<\/strong><\/span><\/p>\n<p><strong>Odluka o uvjetima za upis diplomskog jednopredmetnog i dvopredmetnog studija arheologije ak. god. 2019.\/2020.\u00a0<\/strong><\/p>\n<p>Na sjednici Vije\u0107a Odsjeka za arheologiju, odr\u017eanoj 5. rujna 2019. godine, usvojeni su <em>novi uvjeti<\/em> za upis jednopredmetnog i dvopredmetnog diplomskog studija arheologije, <em>koji \u0107e vrijediti od ak. godine 2019.\/2020.<\/em> nadalje. Studenti koji su diplomski studij arheologije upisali prethodnih akademskih godina ravnaju se prema uvjetima za upis donesenima 2011. godine.<strong>\u00a0<\/strong><\/p>\n\n\n<div class=\"wp-block-file\"><a href=\"https:\/\/arheo.ffzg.unizg.hr\/wp-content\/uploads\/2019\/09\/Uvjeti-za-upis-jednopredmetnog-i-dvopredmetnog-diplomskog-studija-arheologije-od-ak.-god.-2019._20.-1.pdf\">Uvjeti-za-upis-jednopredmetnog-i-dvopredmetnog-diplomskog-studija-arheologije-od-ak.-god.-2019._20.-1<\/a><a href=\"https:\/\/arheo.ffzg.unizg.hr\/wp-content\/uploads\/2019\/09\/Uvjeti-za-upis-jednopredmetnog-i-dvopredmetnog-diplomskog-studija-arheologije-od-ak.-god.-2019._20.-1.pdf\" class=\"wp-block-file__button\" download>Download<\/a><\/div>\n\n\n\n<p>______________________________________________________________________________________________________________________________<\/p>\n\n\n\n<p><strong>UVJETI ZA STUDENTE UPISANE DO AK. GOD. 2018.\/2019. <\/strong><\/p>\n\n\n\n<p>Vije\u0107e Odsjeka za arheologiju na sjednici odr\u017eanoj 30. 11. 2011. godine donijelo je sljede\u0107u<\/p>\n\n\n\n<p>O D L U K U<\/p>\n\n\n\n<p>Uvjeti za upis na diplomski studij arheologije su:<\/p>\n\n\n\n<ol class=\"wp-block-list\"><li><strong>Zavr\u0161en preddiplomski studij jednopredmetne ili dvopredmetne arheologije u trajanju od 6 semestara, ili<\/strong><\/li><li><strong>Neki drugi preddiplomski studij uz obvezu polaganja svih navedenih razlikovnih ispita, kako slijedi:<\/strong><\/li><\/ol>\n\n\n\n<p>Prapovijesna arheologija:<\/p>\n\n\n\n<p>&#8211; Paleoliti\u010dki lovci i sakuplja\u010di<br>&#8211; Neolitik Hrvatske u kontekstu jugoisto\u010dne i srednje Europe<br>&#8211; Bron\u010dano doba Hrvatske u kontekstu jugoisto\u010dne i srednje Europe<br>&#8211; \u017deljezno doba Hrvatske u kontekstu jugoisto\u010dne i srednje Europe<\/p>\n\n\n\n<p>Anti\u010dka arheologija:<\/p>\n\n\n\n<p>&#8211; Osnove klasi\u010dne arheologije I<br>&#8211; Iliri, Grci i Rimljani u Iliriku<br>&#8211; Anti\u010dki gradovi u Hrvatskoj&nbsp;<em>&gt; Uvod u provincijalnu arheologiju (promijenjen naziv u 15.\/16.)<\/em><br>&#8211; Osnove ranokr\u0161\u0107anske arheologije<\/p>\n\n\n\n<p>Srednjovjekovna arheologija:<\/p>\n\n\n\n<p>&#8211; Velika seoba naroda<br>&#8211; Rani srednji vijek u Hrvatskoj<\/p>\n\n\n\n<p>Do kraja prve godine diplomskoga studija studenti su du\u017eni polo\u017eiti one razlikovne ispite koji se odnose na odabrani smjer studija (tj. za prapovijesni smjer treba polo\u017eiti razlikovne ispite prapovijesne arheologije, za anti\u010dki smjer razlikovne ispite anti\u010dke arheologije i za srednjovjekovni smjer razlikovne ispite srednjovjekovne arheologije), dok ostatak razlikovnih ispita treba polo\u017eiti do kraja studija.<\/p>\n","protected":false},"excerpt":{"rendered":"<p>VA\u017dNO! Odluka o uvjetima za upis diplomskog jednopredmetnog i dvopredmetnog studija arheologije ak. god. 2019.\/2020.\u00a0 Na sjednici Vije\u0107a Odsjeka za arheologiju, odr\u017eanoj 5. rujna 2019. godine, usvojeni su novi uvjeti za upis jednopredmetnog i dvopredmetnog diplomskog studija arheologije, koji \u0107e vrijediti od ak. godine 2019.\/2020. nadalje. Studenti koji su diplomski studij arheologije upisali prethodnih akademskih [&hellip;]<\/p>\n","protected":false},"author":3,"featured_media":0,"parent":203,"menu_order":0,"comment_status":"closed","ping_status":"closed","template":"","meta":{"footnotes":""},"class_list":["post-205","page","type-page","status-publish","hentry"],"_links":{"self":[{"href":"https:\/\/arheo.ffzg.unizg.hr\/index.php?rest_route=\/wp\/v2\/pages\/205","targetHints":{"allow":["GET"]}}],"collection":[{"href":"https:\/\/arheo.ffzg.unizg.hr\/index.php?rest_route=\/wp\/v2\/pages"}],"about":[{"href":"https:\/\/arheo.ffzg.unizg.hr\/index.php?rest_route=\/wp\/v2\/types\/page"}],"author":[{"embeddable":true,"href":"https:\/\/arheo.ffzg.unizg.hr\/index.php?rest_route=\/wp\/v2\/users\/3"}],"replies":[{"embeddable":true,"href":"https:\/\/arheo.ffzg.unizg.hr\/index.php?rest_route=%2Fwp%2Fv2%2Fcomments&post=205"}],"version-history":[{"count":13,"href":"https:\/\/arheo.ffzg.unizg.hr\/index.php?rest_route=\/wp\/v2\/pages\/205\/revisions"}],"predecessor-version":[{"id":4894,"href":"https:\/\/arheo.ffzg.unizg.hr\/index.php?rest_route=\/wp\/v2\/pages\/205\/revisions\/4894"}],"up":[{"embeddable":true,"href":"https:\/\/arheo.ffzg.unizg.hr\/index.php?rest_route=\/wp\/v2\/pages\/203"}],"wp:attachment":[{"href":"https:\/\/arheo.ffzg.unizg.hr\/index.php?rest_route=%2Fwp%2Fv2%2Fmedia&parent=205"}],"curies":[{"name":"wp","href":"https:\/\/api.w.org\/{rel}","templated":true}]}}