{"id":175,"date":"2014-10-29T10:16:22","date_gmt":"2014-10-29T09:16:22","guid":{"rendered":"http:\/\/wp.ffzg.unizg.hr\/arheo2\/?page_id=175"},"modified":"2022-06-08T13:19:34","modified_gmt":"2022-06-08T11:19:34","slug":"uvjeti-za-upis","status":"publish","type":"page","link":"https:\/\/arheo.ffzg.unizg.hr\/?page_id=175","title":{"rendered":"Uvjeti za upis"},"content":{"rendered":"<p><strong>UVJETI ZA UPIS JEDNOPREDMETNOG I DVOPREDMETNOG PREDDIPLOMSKOG STUDIJA ARHEOLOGIJE<\/strong><\/p>\n<ul>\n<li>Zavr\u0161ena \u010detverogodi\u0161nja srednja \u0161kola i polo\u017eena dr\u017eavna matura (razredbeni ispit za preddiplomski studij arheologije se vi\u0161e ne provodi)<\/li>\n<\/ul>\n<ul>\n<li>Podaci o uvjetima upisa te na\u010dinu bodovanja pojedinih postignu\u0107a za upis u studijske programe Filozofskoga fakulteta Sveu\u010dili\u0161ta u Zagrebu dostupni su na poveznici: <a href=\"https:\/\/www.postani-student.hr\" target=\"_blank\" rel=\"noopener noreferrer\">https:\/\/www.postani-student.hr<\/a><\/li>\n<\/ul>\n<ul>\n<li>Sve potrebne i autorizirane informacije o razredbenom postupku na Filozofskom Fakultetu Sveu\u010dili\u0161ta u Zagrebu dostupne su na poveznici:\u00a0<a href=\"http:\/\/upisi.ffzg.unizg.hr\/\" target=\"_blank\" rel=\"noopener noreferrer\">http:\/\/upisi.ffzg.unizg.hr\/<\/a><\/li>\n<\/ul>\n","protected":false},"excerpt":{"rendered":"<p>UVJETI ZA UPIS JEDNOPREDMETNOG I DVOPREDMETNOG PREDDIPLOMSKOG STUDIJA ARHEOLOGIJE Zavr\u0161ena \u010detverogodi\u0161nja srednja \u0161kola i polo\u017eena dr\u017eavna matura (razredbeni ispit za preddiplomski studij arheologije se vi\u0161e ne provodi) Podaci o uvjetima upisa te na\u010dinu bodovanja pojedinih postignu\u0107a za upis u studijske programe Filozofskoga fakulteta Sveu\u010dili\u0161ta u Zagrebu dostupni su na poveznici: https:\/\/www.postani-student.hr Sve potrebne i autorizirane [&hellip;]<\/p>\n","protected":false},"author":3,"featured_media":0,"parent":67,"menu_order":0,"comment_status":"closed","ping_status":"closed","template":"","meta":{"footnotes":""},"class_list":["post-175","page","type-page","status-publish","hentry"],"_links":{"self":[{"href":"https:\/\/arheo.ffzg.unizg.hr\/index.php?rest_route=\/wp\/v2\/pages\/175","targetHints":{"allow":["GET"]}}],"collection":[{"href":"https:\/\/arheo.ffzg.unizg.hr\/index.php?rest_route=\/wp\/v2\/pages"}],"about":[{"href":"https:\/\/arheo.ffzg.unizg.hr\/index.php?rest_route=\/wp\/v2\/types\/page"}],"author":[{"embeddable":true,"href":"https:\/\/arheo.ffzg.unizg.hr\/index.php?rest_route=\/wp\/v2\/users\/3"}],"replies":[{"embeddable":true,"href":"https:\/\/arheo.ffzg.unizg.hr\/index.php?rest_route=%2Fwp%2Fv2%2Fcomments&post=175"}],"version-history":[{"count":6,"href":"https:\/\/arheo.ffzg.unizg.hr\/index.php?rest_route=\/wp\/v2\/pages\/175\/revisions"}],"predecessor-version":[{"id":6300,"href":"https:\/\/arheo.ffzg.unizg.hr\/index.php?rest_route=\/wp\/v2\/pages\/175\/revisions\/6300"}],"up":[{"embeddable":true,"href":"https:\/\/arheo.ffzg.unizg.hr\/index.php?rest_route=\/wp\/v2\/pages\/67"}],"wp:attachment":[{"href":"https:\/\/arheo.ffzg.unizg.hr\/index.php?rest_route=%2Fwp%2Fv2%2Fmedia&parent=175"}],"curies":[{"name":"wp","href":"https:\/\/api.w.org\/{rel}","templated":true}]}}