{"id":1151,"date":"2015-04-14T11:15:29","date_gmt":"2015-04-14T10:15:29","guid":{"rendered":"http:\/\/arheo.ffzg.unizg.hr\/?page_id=1151"},"modified":"2017-03-21T10:25:37","modified_gmt":"2017-03-21T09:25:37","slug":"studentski-projekti","status":"publish","type":"page","link":"https:\/\/arheo.ffzg.unizg.hr\/?page_id=1151","title":{"rendered":"Studentski projekti"},"content":{"rendered":"<p><strong>1.) Naziv projekta:<\/strong> BA\u0160TINA SE PREDAJE, A NE PRODAJE<strong><br \/>\n<\/strong><\/p>\n<p><strong>Trajanje projekta:<\/strong> rujan 2014.<\/p>\n<p><strong>Studenti:<\/strong> Ivana Kunac i Bla\u017e Glavini\u0107 (studenti diplomskog studija, smjer anti\u010dka arheologija)<\/p>\n<p><strong>Mentor:<\/strong> dr. sc. Z. \u0160imi\u0107-Kanaet, v. asist.<\/p>\n<p><strong>2.)<\/strong> <strong>Naziv projekta:<\/strong>\u00a0MAPIRANJE TERENA I ARHEOLO\u0160KIH OBJEKATA NA RANOKR\u0160\u0106ANSKOM LOKALITETU JABUKA-VELI\u0106<\/p>\n<p><strong>Trajanje projekta:<\/strong> 2014.<\/p>\n<p><strong>Studenti:<\/strong> Bla\u017e Glavini\u0107, Darija Dunjko, Antonio Manhard i Domagoj Bu\u017eani\u0107 (studenti diplomskog studija, smjer anti\u010dka arheologija)<\/p>\n<p><strong>Mentor:<\/strong> dr. sc. D. Ton\u010dini\u0107, doc.<\/p>\n<p><strong>3.) Naslov projekta:<\/strong>\u00a0MAPIRANJE TERENA I ARHEOLO\u0160KIH OBJEKATA NA RANOKR\u0160\u0106ANSKOM LOKALITETU JABUKA-VELI\u0106<\/p>\n<p><strong>Trajanje projekta:<\/strong> 2015.<\/p>\n<p><strong>Sudionici:<\/strong> Bla\u017e Glavini\u0107, Darija Dunjko, Antonio Manhard i Domagoj Bu\u017eani\u0107 (studenti diplomskog studija, smjer anti\u010dka arheologija)<\/p>\n<p><strong>Mentor:<\/strong> dr. sc. D. Ton\u010dini\u0107, doc.<\/p>\n<p><strong>4.) Naziv projekta:<\/strong>\u00a0IZRADA 3D MODELA RANOKR\u0160\u0106ANSKOG NALAZI\u0160TA VELI\u0106<\/p>\n<p><strong>Trajanje projekta:<\/strong> 2016.<\/p>\n<p><strong>Studenti:<\/strong> Domagoj Bu\u017eani\u0107, Jelena \u0160ekrst, Karla Ivak, Ivan Vidovi\u0107, Bla\u017e Glavini\u0107 (studenti preddiplomskog i diplomskog studija, smjer anti\u010dka arheologija)<\/p>\n<p><strong>Mentor:<\/strong> dr. sc. D. Ton\u010dini\u0107, doc.<\/p>\n<p><a href=\"https:\/\/arheo.ffzg.unizg.hr\/provincijalna\/wp-content\/uploads\/2016\/04\/G12_8099.jpg\"><img loading=\"lazy\" decoding=\"async\" class=\"alignleft size-medium wp-image-1800\" src=\"https:\/\/arheo.ffzg.unizg.hr\/provincijalna\/wp-content\/uploads\/2016\/04\/G12_8099-300x199.jpg\" alt=\"G12_8099\" width=\"300\" height=\"199\" \/><\/a><\/p>\n<p>&nbsp;<\/p>\n<p>&nbsp;<\/p>\n<p>&nbsp;<\/p>\n<p>&nbsp;<\/p>\n<p>&nbsp;<\/p>\n<p><strong>5.) Naziv projekta: <\/strong>Zanat i umjetnost vatre i zemlje: rekonstrukcija prehrane vu\u010dedolske kulture metodama eksperimentalne arheologije<\/p>\n<p><strong>Trajanje projekta:<\/strong> 2016.<\/p>\n<p><strong>Studenti: <\/strong>Slavica Bo\u0161njak, Dalibor Brankovi\u0107, Marija Dominko, Paula Knego, Niko Romac, Karlo Srdo\u010d<\/p>\n<p><strong>Mentor:<\/strong> dr. sc. A. Durman, red. prof.<\/p>\n","protected":false},"excerpt":{"rendered":"<p>1.) Naziv projekta: BA\u0160TINA SE PREDAJE, A NE PRODAJE Trajanje projekta: rujan 2014. Studenti: Ivana Kunac i Bla\u017e Glavini\u0107 (studenti diplomskog studija, smjer anti\u010dka arheologija) Mentor: dr. sc. Z. \u0160imi\u0107-Kanaet, v. asist. 2.) Naziv projekta:\u00a0MAPIRANJE TERENA I ARHEOLO\u0160KIH OBJEKATA NA RANOKR\u0160\u0106ANSKOM LOKALITETU JABUKA-VELI\u0106 Trajanje projekta: 2014. Studenti: Bla\u017e Glavini\u0107, Darija Dunjko, Antonio Manhard i Domagoj [&hellip;]<\/p>\n","protected":false},"author":3,"featured_media":0,"parent":0,"menu_order":0,"comment_status":"closed","ping_status":"closed","template":"","meta":{"footnotes":""},"class_list":["post-1151","page","type-page","status-publish","hentry"],"_links":{"self":[{"href":"https:\/\/arheo.ffzg.unizg.hr\/index.php?rest_route=\/wp\/v2\/pages\/1151","targetHints":{"allow":["GET"]}}],"collection":[{"href":"https:\/\/arheo.ffzg.unizg.hr\/index.php?rest_route=\/wp\/v2\/pages"}],"about":[{"href":"https:\/\/arheo.ffzg.unizg.hr\/index.php?rest_route=\/wp\/v2\/types\/page"}],"author":[{"embeddable":true,"href":"https:\/\/arheo.ffzg.unizg.hr\/index.php?rest_route=\/wp\/v2\/users\/3"}],"replies":[{"embeddable":true,"href":"https:\/\/arheo.ffzg.unizg.hr\/index.php?rest_route=%2Fwp%2Fv2%2Fcomments&post=1151"}],"version-history":[{"count":5,"href":"https:\/\/arheo.ffzg.unizg.hr\/index.php?rest_route=\/wp\/v2\/pages\/1151\/revisions"}],"predecessor-version":[{"id":2758,"href":"https:\/\/arheo.ffzg.unizg.hr\/index.php?rest_route=\/wp\/v2\/pages\/1151\/revisions\/2758"}],"wp:attachment":[{"href":"https:\/\/arheo.ffzg.unizg.hr\/index.php?rest_route=%2Fwp%2Fv2%2Fmedia&parent=1151"}],"curies":[{"name":"wp","href":"https:\/\/api.w.org\/{rel}","templated":true}]}}