{"id":107,"date":"2014-10-27T15:35:32","date_gmt":"2014-10-27T14:35:32","guid":{"rendered":"http:\/\/wp.ffzg.unizg.hr\/arheo2\/?page_id=107"},"modified":"2026-03-16T14:48:28","modified_gmt":"2026-03-16T13:48:28","slug":"nastavnici","status":"publish","type":"page","link":"https:\/\/arheo.ffzg.unizg.hr\/?page_id=107","title":{"rendered":"Djelatnici"},"content":{"rendered":"<div class=\"entry\">\n<p><span style=\"color: #ff6600;\"><b>Pro\u010delnica \/ Head of the Department<\/b><strong>:<br \/>\n<\/strong><\/span>Izv. prof. dr. sc. <strong>Iva Kai\u0107<\/strong><br \/>\nsoba f 20, e-mail: <a href=\"mailto:procelnik-arheologija@m.ffzg.unizg.hr\">procelnik-arheologija@m.ffzg.unizg.hr<\/a>; <a href=\"mailto:nvukosav@ffzg.unizg.hr\">ikaic@ffzg.unizg.hr<\/a><br \/>\n<span style=\"color: #000000;\">konzultacije: utorkom 11:45-12:30<\/span><\/p>\n<p><span style=\"color: #ff6600;\"><b>Zamjenica pro\u010delnika \/ Deputy Head of the Departmen<span style=\"color: #ff6600;\">t<\/span><\/b><strong>:<\/strong><\/span><br \/>\nDoc. dr. sc. <strong>Janja Mavrovi\u0107 Mokos<\/strong><\/p>\n<p><span style=\"color: #ff6600;\"><b>Tajnica Odsjeka\u00a0 \/ Secretary of Department<\/b><\/span><span style=\"color: #ff6600;\">:<br \/>\n<\/span><strong>\u017deljka Vukeli\u0107<\/strong><br \/>\ntel. 00385 1 6060 777, e-mail: <a href=\"mailto:arheologija@ffzg.hr\">arheologija@ffzg.hr<\/a><br \/>\nRadno vrijeme: od ponedjeljka do petka, 10,00 do 12,00 i 13,00 do 15,00 sati<br \/>\nsoba f 19<\/p>\n<p><span style=\"color: #ff6600;\">\u00a0<\/span><\/p>\n<p><strong style=\"font-size: inherit; line-height: 1.8;\"><span style=\"color: #ff6600;\">Djelatnici \/ Department Members:<\/span><\/strong><\/p>\n<p>Dr. sc. <a href=\"https:\/\/arheo.ffzg.unizg.hr\/wp-content\/uploads\/2021\/03\/MBanda-CV.pdf\"><strong>Marko Banda<\/strong><\/a>, asistent HRZZ<br \/>\nsoba f 9, e-mail: <a href=\"mailto:mabanda@ffzg.unizg.hr\">mabanda@ffzg.unizg.hr<\/a><br \/>\nKonzultacije: zimski semestar: petkom od 11:00-12:00h<\/p>\n<\/div>\n<div class=\"entry\">\n<p>Dr. sc. <strong><a href=\"https:\/\/arheo.ffzg.unizg.hr\/wp-content\/uploads\/2014\/11\/CV_Buric.pdf\">Marcel Buri\u0107<\/a><\/strong>, izvanredni profesor<br \/>\nsoba f 8, e-mail: <a href=\"mailto:mburic@ffzg.unizg.hr\">mburic@ffzg.unizg.hr<\/a><br \/>\nKonzultacije: po dogovoru ili e-mailom<\/p>\n<p>Dr. sc. <a href=\"https:\/\/arheo.ffzg.unizg.hr\/provincijalna\/?page_id=2455\"><strong>Domagoj Bu\u017eani\u0107<\/strong><\/a>, vi\u0161i asistent HRZZ<br \/>\nsoba f 20, e-mail: <a href=\"mailto:dbuzanic@ffzg.unizg.hr\">dbuzanic@ffzg.unizg.hr<\/a><br \/>\nkonzultacije: srijedom od 11:00 &#8211; 12:30 sati<\/p>\n<p>Dr. sc. <a href=\"https:\/\/arheo.ffzg.unizg.hr\/wp-content\/uploads\/2024\/12\/CV_Cvetko.pdf\" target=\"_blank\" rel=\"noopener\"><strong>Mirna Cvetko<\/strong><\/a>, docentica<br \/>\nsoba f 6, e-mail: <a href=\"mailto:mvukov@ffzg.unizg.hr\">mvukov@ffzg.unizg.hr<\/a><\/p>\n<p><a href=\"https:\/\/arheo.ffzg.unizg.hr\/wp-content\/uploads\/2026\/03\/Zivotopis-za-Odsjek-IC.pdf\"><strong>Ivo \u0106evid<\/strong><\/a>, mag. archeol., asistent HRZZ<br \/>\nsoba f 4, e-mail: <a href=\"mailto:icevid@ffzg.unizg.hr\">icevid@ffzg.unizg.hr<\/a><\/p>\n<p>Dr. sc. <a href=\"https:\/\/arheo.ffzg.unizg.hr\/wp-content\/uploads\/2017\/03\/CV_Demicheli.pdf\"><strong>Dino Demicheli<\/strong><\/a>, izvanredni profesor<br \/>\nsoba f 7, e-mail: <a href=\"mailto:ddemiche@ffzg.unizg.hr\">ddemiche@ffzg.unizg.hr<\/a><br \/>\nkonzultacije: srijeda, od 12.30 do 13.30 sati<\/p>\n<p>Dr. sc. <a href=\"https:\/\/arheo.ffzg.unizg.hr\/wp-content\/uploads\/2021\/12\/CV-LDB.pdf\" target=\"_blank\" rel=\"noopener noreferrer\"><strong>Luka Drahotusky Bruketa<\/strong><\/a>, asistent HRZZ<br \/>\nsoba f 21, e-mail: <a href=\"mailto:ldrahotu@ffzg.unizg.hr\">ldrahotu@ffzg.unizg.hr<\/a><\/p>\n<p>Dr. sc.<a style=\"font-size: revert;\" href=\"https:\/\/arheo.ffzg.unizg.hr\/wp-content\/uploads\/2019\/10\/CV-File\u0161-Kramberger-Odsjek.pdf\" target=\"_blank\" rel=\"noopener noreferrer\"><strong> Julia Katarina File\u0161 Kramberger<\/strong><\/a><span style=\"font-size: revert; color: initial;\">, asistentica HRZZ<\/span><br \/>\nsoba f 103, e-mail: <a href=\"mailto:jkkrambe@ffzg.unizg.hr\">jkkrambe@ffzg.unizg.hr<\/a><\/p>\n<p>Dr. sc. <strong><a href=\"https:\/\/arheo.ffzg.unizg.hr\/wp-content\/uploads\/2014\/10\/CV_Filipec.pdf\">Kre\u0161imir Filipec<\/a><\/strong>, redoviti profesor u trajnom izboru<br \/>\nsoba f 2, e-mail: <a href=\"mailto:kresimir.filipec@ffzg.unizg.hr\">kresimir.filipec@ffzg.unizg.hr<\/a><br \/>\nkonzultacije: utorkom od 8,30 do 9,30 sati i srijedom od 11,00 do 12,30 sati<\/p>\n<div class=\"entry\">\n<p>Dr. sc. <strong><a href=\"https:\/\/arheo.ffzg.unizg.hr\/wp-content\/uploads\/2014\/11\/CV_Hincak.pdf\">Zdravka Hincak Daris<\/a><\/strong>, redovita profesorica<br \/>\nsoba f 3, e-mail: <a href=\"mailto:zhincak@ffzg.unizg.hr\">zhincak@ffzg.unizg.hr<\/a><br \/>\nkonzultacije: Zimski semestar: srijedom 15.30-16.30 i prema dogovoru<br \/>\nLjetni semestar: utorkom 9.30-10.30 i prema dogovoru<\/p>\n<p>Dr. sc. <a href=\"https:\/\/arheo.ffzg.unizg.hr\/wp-content\/uploads\/2024\/12\/CV_Jarak.pdf\" target=\"_blank\" rel=\"noopener\"><strong>Mirja Jarak<\/strong><\/a>, redovita profesorica u trajnom izboru<br \/>\nsoba f 4, e-mail: <a href=\"mailto:mjarak@ffzg.unizg.hr\">mjarak@ffzg.unizg.hr<\/a><br \/>\nkonzultacije: ponedjeljak od 11,00 do 13,00 sati<\/p>\n<p><a href=\"https:\/\/arheo.ffzg.unizg.hr\/wp-content\/uploads\/2024\/12\/CV-Jersek.pdf\" target=\"_blank\" rel=\"noopener\"><strong>Petra Jer\u0161ek<\/strong>,<\/a> mag. archeol., asistentica<br \/>\nsoba f 4, e-mail: <a href=\"mailto:pjersek@ffzg.unizg.hr\">pjersek@ffzg.unizg.hr <\/a><\/p>\n<p>Dr. sc. <a href=\"https:\/\/arheo.ffzg.unizg.hr\/wp-content\/uploads\/2025\/03\/CV_Kaic.pdf\" target=\"_blank\" rel=\"noopener\"><strong>Iva Kai\u0107<\/strong><\/a>, izvanredna profesorica<br \/>\nsoba f 20, e-mail: <a href=\"mailto:ikaic@ffzg.unizg.hr\">ikaic@ffzg.unizg.hr<\/a><br \/>\nkonzultacije u zimskom semestru: srijeda od 14,00 do 15,00 sati i po dogovoru<br \/>\nkonzultacije u ljetnom semestru: srijeda od 11,00 do 12,00 sati i po dogovoru<\/p>\n<p>Dr. sc. <strong><a href=\"https:\/\/arheo.ffzg.unizg.hr\/wp-content\/uploads\/2014\/10\/CV_Karavanic_eng_no-pht.pdf\">Ivor Karavani\u0107<\/a><\/strong>, redoviti profesor u trajnom izboru<br \/>\nsoba f 9, e-mail: <a href=\"mailto:ikaravan@ffzg.unizg.hr\">ikaravan@ffzg.unizg.hr<\/a><br \/>\nkonzultacije: \u010detvrtak od 14,30 do 16,30 sati<br \/>\ni putem e-maila<\/p>\n<p><strong>Jelena Lapi\u0107<\/strong>, mag. archeol., asistentica HRZZ<br \/>\nsoba f 20, e-mail: <a href=\"mailto:jlapic@ffzg.unizg.hr\">jlapic@ffzg.unizg.hr<\/a><\/p>\n<p><strong>Mia Marijan<\/strong>, mag. archeol., asistentica HRZZ<br \/>\nsoba f 21, e-mail: <a href=\"mailto:mmarijan@ffzg.unizg.hr\">mmarijan@ffzg.unizg.hr<\/a><\/p>\n<p><span style=\"font-size: inherit;\">Dr. sc. <\/span><a style=\"font-size: inherit;\" href=\"https:\/\/arheo.ffzg.unizg.hr\/wp-content\/uploads\/2017\/02\/CV_Bubi\u0107.pdf\"><strong>Vinka Matijevi\u0107<\/strong><\/a>, docentica<span style=\"font-size: inherit;\"><br \/>\n<\/span><span style=\"font-size: inherit;\">soba f 20, e-mail:<\/span>\u00a0<a href=\"mailto:vibubic@ffzg.unizg.hr\">vibubic@ffzg.unizg.hr<\/a><br \/>\n<span style=\"font-size: inherit;\">konzultacije: utorak od 11:45 do 13:15 sati<\/span><\/p>\n<\/div>\n<div class=\"entry\">\n<p>Dr. sc. <b><a href=\"https:\/\/arheo.ffzg.unizg.hr\/wp-content\/uploads\/2014\/10\/CV_Mavrovic_-Mokos.pdf\">Janja Mavrovi\u0107 Mokos<\/a><\/b>, docentica (<em>mentor nastavnik za diplomski studij prapovijesni smjer<\/em>)<br \/>\nsoba f 103, e-mail: <a href=\"mailto:jmavrovi@ffzg.unizg.hr\">jmavrovi@ffzg.unizg.hr<\/a><br \/>\nkonzultacije: ponedjeljak od 12,30 do 13,30 sati<\/p>\n<p>Dr. sc. <a href=\"https:\/\/arheo.ffzg.unizg.hr\/wp-content\/uploads\/2024\/12\/CV_Miloglav.pdf\" target=\"_blank\" rel=\"noopener\"><strong>Ina Miloglav<\/strong><\/a>, izvanredna profesorica<br \/>\nsoba f 105, e-mail: <a href=\"mailto:imiloglav@ffzg.unizg.hr\">imiloglav@ffzg.unizg.hr<\/a><br \/>\nkonzultacije: prema dogovoru putem e-maila<\/p>\n<p>Dr. sc. <a href=\"https:\/\/arheo.ffzg.unizg.hr\/wp-content\/uploads\/2024\/12\/CV_Niksic.pdf\" target=\"_blank\" rel=\"noopener\"><strong>Petra Nik\u0161i\u0107<\/strong><\/a>, vi\u0161a asistentica<br \/>\nsoba f 17, e-mail: <a href=\"mailto:pniksic@ffzg.unizg.hr\">pniksic@ffzg.unizg.hr<\/a><\/p>\n<p>Dr. sc. <a href=\"https:\/\/arheo.ffzg.unizg.hr\/wp-content\/uploads\/2021\/12\/Ov\u010dari\u0107_CV.pdf\" target=\"_blank\" rel=\"noopener noreferrer\"><strong>Franka Ov\u010dari\u0107<\/strong><\/a>, asistentica HRZZ<br \/>\nsoba 103, e-mail: <a href=\"mailto:fovcaric@ffzg.unizg.hr\">fovcaric@ffzg.unizg.hr<\/a><\/p>\n<p>Dr. sc. <a href=\"https:\/\/arheo.ffzg.unizg.hr\/wp-content\/uploads\/2024\/12\/CV_Parat-1.pdf\" target=\"_blank\" rel=\"noopener\"><strong>Josip Parat<\/strong><\/a>, vi\u0161i asistent (<em>mentor nastavnik za prijediplomski studij<\/em>)<br \/>\nsoba f 7, e-mail: <a href=\"mailto:joparat@ffzg.unizg.hr\">joparat@ffzg.unizg.hr<\/a><br \/>\nkonzultacije: prema dogovoru putem e-maila<\/p>\n<p>Dr. sc. <strong><a href=\"https:\/\/arheo.ffzg.unizg.hr\/wp-content\/uploads\/2014\/10\/CV_Pavlovic.pdf\">Ana Pavlovi\u0107<\/a><\/strong>, docentica (<em>mentor nastavnik za diplomski studij anti\u010dki smjer<\/em>)<br \/>\nsoba f 5, e-mail: <a href=\"mailto:apavlovi3@ffzg.unizg.hr\">apavlovi3@ffzg.unizg.hr<\/a><br \/>\nkonzultacije: zimski semestar: ponedjeljak, 12:30 &#8211; 13:30 sati; ljetni semestar: utorak, 11:00 do 12:00.<\/p>\n<p>Dr. sc. <strong><a href=\"https:\/\/arheo.ffzg.unizg.hr\/wp-content\/uploads\/2014\/11\/CV_Potrebica.pdf\">Hrvoje Potrebica<\/a><\/strong>, redoviti profesor u trajnom izboru<br \/>\nsoba f 103, e-mail: <a href=\"mailto:hpotrebi@ffzg.unizg.hr\">hpotrebi@ffzg.unizg.hr<\/a><br \/>\n<em>na slobodnoj studijskoj godini<\/em><\/p>\n<p>Dr. sc. <strong><a href=\"https:\/\/arheo.ffzg.unizg.hr\/wp-content\/uploads\/2014\/10\/CV_Roksandic.pdf\">Danijela Roksandi\u0107 Vukadin<\/a><\/strong>, docentica<br \/>\nsoba f 10, e-mail: <a href=\"mailto:daroksan@ffzg.unizg.hr\">daroksan@ffzg.unizg.hr<\/a><br \/>\nkonzultacije: utorak od 11,00 do 12,30 sati<\/p>\n<p><strong><a href=\"https:\/\/arheo.ffzg.unizg.hr\/wp-content\/uploads\/2014\/10\/CV_Roncevic.pdf\">Martina Ron\u010devi\u0107<\/a><\/strong>, dipl. arheologinja, stru\u010dna suradnica<br \/>\nsoba f 105, e-mail: <a href=\"mailto:mroncevi@ffzg.unizg.hr\">mroncevi@ffzg.unizg.hr<\/a><\/p>\n<p>Dr. sc. <a href=\"https:\/\/arheo.ffzg.unizg.hr\/wp-content\/uploads\/2024\/12\/CV_Skrgulja.pdf\" target=\"_blank\" rel=\"noopener\"><strong>Jana \u0160krgulja<\/strong><\/a>, vi\u0161a asistentica (<em>mentor nastavnik za diplomski studij srednjovjekovni smjer<\/em>)<br \/>\nsoba f 17, e-mail: <a href=\"mailto:jskrgulj@ffzg.hr\" target=\"_blank\" rel=\"noopener noreferrer\">jana.skrgulja@gmail.com<\/a>; <a href=\"mailto:jskrgulj@ffzg.unizg.hr\">jskrgulj@ffzg.unizg.hr <\/a><br \/>\nkonzultacije: utorak od 11,00 do 12,30 sati; srijeda od 12,30 do 14 sati<\/p>\n<p>Dr. sc. <strong><a href=\"https:\/\/arheo.ffzg.unizg.hr\/wp-content\/uploads\/2014\/10\/CV_Sosic-Klindzic.pdf\">Rajna \u0160o\u0161i\u0107-Klind\u017ei\u0107<\/a><\/strong>, redovita profesorica<br \/>\nsoba f 105, e-mail: <a href=\"mailto:rsosic@ffzg.unizg.hr\">rsosic@ffzg.unizg.hr<\/a>\u00a0t: 6060 775<br \/>\nkonzultacije: srijeda od 14,00 do 15,00 sati i prema dogovoru putem e-maila<\/p>\n<p>Dr. sc.<a href=\"https:\/\/arheo.ffzg.unizg.hr\/wp-content\/uploads\/2024\/11\/CV_Tomac.pdf\" target=\"_blank\" rel=\"noopener\"><strong> Goran Tomac<\/strong><\/a>, asistent HRZZ<br \/>\nsoba f 21, e-mail: <a href=\"mailto:gtomac@ffzg.unizg.hr\">gtomac@ffzg.unizg.hr<\/a><br \/>\nkonzultacije: prema dogovoru putem e-maila<\/p>\n<p>Dr. sc. <strong><a href=\"https:\/\/arheo.ffzg.unizg.hr\/wp-content\/uploads\/2014\/11\/CV_Tomas.pdf\">Helena Tomas<\/a><\/strong>, redovita profesorica u trajnom izboru<br \/>\nsoba f 1, e-mail: <a href=\"mailto:htomas@ffzg.unizg.hr\">htomas@ffzg.unizg.hr<\/a><br \/>\nkonzultacije: prema dogovoru putem e-maila<\/p>\n<p>Dr. sc. <a href=\"https:\/\/arheo.ffzg.unizg.hr\/wp-content\/uploads\/2025\/07\/CV_Toncinic.pdf\" target=\"_blank\" rel=\"noopener\"><strong>Domagoj Ton\u010dini\u0107<\/strong><\/a>, redoviti profesor<br \/>\nsoba f 20, e-mail: <a href=\"mailto:dtoncini@ffzg.unizg.hr\">dtoncinic@ffzg.unizg.hr<\/a><br \/>\nkonzultacije u zimskom semestru: srijeda od 14,00 do 16,00 sati<br \/>\nkonzultacije u ljetnom semestru: \u010detvrtak u 15,30 sati<\/p>\n<p><strong>Lovro Vragolovi\u0107<\/strong>, mag. archeol., asistent HRZZ<br \/>\nsoba f 2, e-mail: <a href=\"mailto:lovragol@ffzg.unizg.hr\">lovragol@ffzg.unizg.hr<\/a><\/p>\n<\/div>\n<p><span style=\"font-size: inherit;\">Dr. sc. <\/span><a href=\"https:\/\/arheo.ffzg.unizg.hr\/wp-content\/uploads\/2024\/12\/CV_Vukosavljevic.pdf\" target=\"_blank\" rel=\"noopener\"><strong style=\"font-size: inherit;\">Nikola Vukosavljevi\u0107<\/strong><\/a><span style=\"font-size: inherit;\">, izvanredni profesor<\/span><br \/>\nsoba f 18, e-mail: <a href=\"mailto:nvukosav@ffzg.unizg.hr\">nvukosav@ffzg.unizg.hr<\/a><br \/>\n<em>na slobodnoj studijskoj godini<\/em><\/p>\n<p>Dr. sc.<strong> Miroslav Vukovi\u0107<\/strong>, stru\u010dni suradnik<br \/>\nsoba f 105, e-mail: <a href=\"mailto:mivukovic@ffzg.unizg.hr\">mivukovic@ffzg.unizg.hr<\/a><\/p>\n<hr \/>\n<p><span style=\"color: #ff6600;\"><strong>PROFESORI U MIRU<\/strong><\/span><\/p>\n<p>Dr. sc. <strong><a href=\"https:\/\/arheo.ffzg.unizg.hr\/wp-content\/uploads\/2014\/11\/CV_Durman.pdf\">Aleksandar Durman<\/a><\/strong>, redoviti profesor u miru<br \/>\ne-mail: adurman@ffzg.unizg.hr<\/p>\n<p>Dr. sc. <strong><a href=\"https:\/\/arheo.ffzg.unizg.hr\/wp-content\/uploads\/2014\/11\/CV_Milicevic-Bradac.pdf\">Marina Mili\u0107evi\u0107 Brada\u010d<\/a><\/strong>, redovita profesorica u miru<br \/>\ne-mail: <a href=\"mailto:mmilicev@ffzg.unizg.hr\">mmilicev@ffzg.unizg.hr<\/a>;\u00a0 mladen.bradac@zg.htnet.hr<\/p>\n<p>Dr. sc. <a href=\"https:\/\/arheo.ffzg.unizg.hr\/wp-content\/uploads\/2017\/02\/CV_Sanader.pdf\"><strong>Mirjana Sanader<\/strong><\/a>, redovita profesorica u miru<br \/>\ne-mail: <a href=\"mailto:msanader@ffzg.unizg.hr\">msanader@ffzg.unizg.hr<\/a><\/p>\n<p>Dr. sc. <a href=\"https:\/\/arheo.ffzg.unizg.hr\/wp-content\/uploads\/2014\/11\/CV_Tezak-Gregl.pdf\"><strong>Tihomila Te\u017eak Gregl<\/strong><\/a>, redovita profesorica u miru<br \/>\ne-mail: <a href=\"mailto:ttgregl@ffzg.unizg.hr\">ttgregl@ffzg.unizg.hr<\/a><\/p>\n<p>Dr. sc. <b><a href=\"https:\/\/arheo.ffzg.unizg.hr\/wp-content\/uploads\/2014\/11\/CV_Simic-Kanaet.pdf\">Zrinka \u0160imi\u0107-Kanaet<\/a><\/b>, docentica u miru<br \/>\ne-mail: <a href=\"mailto:zsimic@ffzg.unizg.hr\">zsimic@ffzg.unizg.hr<\/a><br \/>\n<em>&#8211; Rimska provincijska keramika (2 P)<\/em><\/p>\n<hr \/>\n<p><strong><span style=\"color: #ff6600;\">VANJSKI SURADNICI<\/span><\/strong><\/p>\n<p><strong>Ak. godina 2025.\/2026.<\/strong><\/p>\n<p>Dr. sc. <b><a href=\"https:\/\/arheo.ffzg.unizg.hr\/wp-content\/uploads\/2014\/11\/CV_Simic-Kanaet.pdf\">Zrinka \u0160imi\u0107-Kanaet<\/a><\/b>, docentica u miru<br \/>\ne-mail: <a href=\"mailto:zsimic@ffzg.unizg.hr\">zsimic@ffzg.unizg.hr<\/a><br \/>\n<em>&#8211; Rimska provincijska keramika (2 P)<\/em><\/p>\n<p><strong>Dr. sc. Ana Azinovi\u0107 Bebek<\/strong>, nasl. doc. (Hrvatski restauratorski zavod, Zagreb, e-mail: aazinovic@hrz.hr) &#8211; <em>Arheologija novog vijeka i suvremenog doba (2P)<\/em>, <em>Germanska groblja i nalazi ranoga srednjega vijeka (2P)<\/em><\/p>\n<p><strong>Dr. sc. Jacqueline Balen<\/strong>, nasl. izv. prof., v. znan. suradnica i muzejska savjetnica (Arheolo\u0161ki muzej u Zagrebu, e-mail: <a href=\"mailto:jbalen@amz.hr\">jbalen@amz.hr<\/a>) &#8211; <em>Osnove muzejskog rada <\/em>(1P, 2 V)<\/p>\n<p><strong>Dr. sc. Marko Dizdar<\/strong>, znanstveni savjetnik u trajnom izboru (Institut za arheologiju, Zagreb, e-mail: <a href=\"mailto:marko.dizdar@iarh.hr\" target=\"_blank\" rel=\"noopener\">marko.dizdar@iarh.hr<\/a>) &#8211; <em>Latenska kultura u Hrvatskoj<\/em> (2P, 2S)<\/p>\n<p><strong>Dr. sc. Tatjana Loli\u0107<\/strong>, nasl. doc., znan. suradnica (Ministarstvo kulture, Uprava za za\u0161titu kulturne ba\u0161tine, Konzervatorski odjel Zagreb, e-mail: <a href=\"mailto:tanja_lolic@yahoo.com\">tanja_lolic@yahoo.com<\/a>) &#8211; <em>Za\u0161tita i konzervacija arheolo\u0161kih nalazi\u0161ta <\/em>(2 P)<\/p>\n<p><strong>Dr. sc. Daria Lo\u017enjak Dizdar<\/strong>, nasl. doc., znanstv. savjetnica (Institut za arheologiju, Zagreb, e-mail: <a href=\"mailto:dldizdar@iarh.hr\">dldizdar@iarh.hr<\/a> ) &#8211; <em>Kultura polja sa \u017earama<\/em> (2 P)<\/p>\n<p><strong>Prof. dr. sc. Damir Miheli\u0107<\/strong>, (Zavod za anatomiju, histologiju i embriologiju, Veterinarski fakultet Sveu\u010dili\u0161ta u Zagrebu, e-mail: <a href=\"mailto:damir.mihelic@vef.hr\">damir.mihelic@vef.hr<\/a>) &#8211; <em>Zooarheologija: osnove animalne osteologije <\/em>(2 P)<em><br \/>\n<\/em><\/p>\n<p><strong>Nasl. doc. dr. sc. Ivana \u0160kiljan<\/strong>, muzejska savjetnica, (Muzeji Hrvatskog zagorja, Dvor Veliki Tabor) &#8211; <em>Srednjovjekovni bestijarij<\/em> (2P)<\/p>\n<p><strong>Akademik Mario \u0160laus<\/strong>\u00a0(Odsjek za arheologiju HAZU, e-mail: <a href=\"mailto:marioslaus@gmail.com\">marioslaus@gmail.com<\/a>) \u2013 <em>Analiza ljudskih ostataka na\u0111enih na arheolo\u0161kim nalazi\u0161tima<\/em> (2 P)<\/p>\n<\/div>\n","protected":false},"excerpt":{"rendered":"<p>Pro\u010delnica \/ Head of the Department: Izv. prof. dr. sc. Iva Kai\u0107 soba f 20, e-mail: procelnik-arheologija@m.ffzg.unizg.hr; ikaic@ffzg.unizg.hr konzultacije: utorkom 11:45-12:30 Zamjenica pro\u010delnika \/ Deputy Head of the Department: Doc. dr. sc. Janja Mavrovi\u0107 Mokos Tajnica Odsjeka\u00a0 \/ Secretary of Department: \u017deljka Vukeli\u0107 tel. 00385 1 6060 777, e-mail: arheologija@ffzg.hr Radno vrijeme: od ponedjeljka do [&hellip;]<\/p>\n","protected":false},"author":3,"featured_media":0,"parent":0,"menu_order":0,"comment_status":"closed","ping_status":"closed","template":"","meta":{"footnotes":""},"class_list":["post-107","page","type-page","status-publish","hentry"],"_links":{"self":[{"href":"https:\/\/arheo.ffzg.unizg.hr\/index.php?rest_route=\/wp\/v2\/pages\/107","targetHints":{"allow":["GET"]}}],"collection":[{"href":"https:\/\/arheo.ffzg.unizg.hr\/index.php?rest_route=\/wp\/v2\/pages"}],"about":[{"href":"https:\/\/arheo.ffzg.unizg.hr\/index.php?rest_route=\/wp\/v2\/types\/page"}],"author":[{"embeddable":true,"href":"https:\/\/arheo.ffzg.unizg.hr\/index.php?rest_route=\/wp\/v2\/users\/3"}],"replies":[{"embeddable":true,"href":"https:\/\/arheo.ffzg.unizg.hr\/index.php?rest_route=%2Fwp%2Fv2%2Fcomments&post=107"}],"version-history":[{"count":267,"href":"https:\/\/arheo.ffzg.unizg.hr\/index.php?rest_route=\/wp\/v2\/pages\/107\/revisions"}],"predecessor-version":[{"id":8532,"href":"https:\/\/arheo.ffzg.unizg.hr\/index.php?rest_route=\/wp\/v2\/pages\/107\/revisions\/8532"}],"wp:attachment":[{"href":"https:\/\/arheo.ffzg.unizg.hr\/index.php?rest_route=%2Fwp%2Fv2%2Fmedia&parent=107"}],"curies":[{"name":"wp","href":"https:\/\/api.w.org\/{rel}","templated":true}]}}