{"id":1005,"date":"2014-10-26T00:43:35","date_gmt":"2014-10-25T22:43:35","guid":{"rendered":"http:\/\/wp.ffzg.unizg.hr\/arheo2\/?page_id=42"},"modified":"2026-03-09T14:16:45","modified_gmt":"2026-03-09T13:16:45","slug":"tajnistvo-i-kontakti-secretary-contacts","status":"publish","type":"page","link":"https:\/\/arheo.ffzg.unizg.hr\/?page_id=1005","title":{"rendered":"Kontakti"},"content":{"rendered":"<p><strong>Adresa:<\/strong><br \/>Filozofski fakultet Sveu\u010dili\u0161te u Zagrebu<br \/>Odsjek za arheologiju<br \/><span style=\"color: #333399;\"><a href=\"https:\/\/www.google.hr\/maps\/place\/Faculty+of+Philosophy+in+Zagreb\/@45.7969956,15.9646149,15.5z\/data=!4m5!3m4!1s0x0:0xb6bf4496866df97d!8m2!3d45.7965675!4d15.9716599\">Ivana Lu\u010di\u0107a 3<\/a><\/span><br \/>10000 Zagreb<\/p>\n<hr \/>\n<p><strong>Tajnica:<br \/>\u017deljka Vukeli\u0107<\/strong><br \/><a href=\"https:\/\/arheo.ffzg.unizg.hr\/wp-content\/uploads\/2014\/10\/mail-logo.jpg\"><img loading=\"lazy\" decoding=\"async\" class=\"alignnone wp-image-374\" src=\"https:\/\/arheo.ffzg.unizg.hr\/wp-content\/uploads\/2014\/10\/mail-logo.jpg\" alt=\"mail-logo\" width=\"18\" height=\"14\" \/><\/a> mail: <a href=\"mailto:arheologija@ffzg.hr\">arheologija@ffzg.hr<\/a><br \/><img loading=\"lazy\" decoding=\"async\" class=\"alignnone wp-image-377\" src=\"https:\/\/arheo.ffzg.unizg.hr\/wp-content\/uploads\/2014\/10\/teleph_logo.jpg\" alt=\"teleph_logo\" width=\"20\" height=\"20\" \/> tel: +385 (1) 6060 777, soba f 19<\/p>\n<p><b>Pro\u010delnica<\/b>:<br \/>Izv. prof. dr. sc. <b>Iva Kai\u0107<\/b><br \/><a href=\"https:\/\/arheo.ffzg.unizg.hr\/wp-content\/uploads\/2014\/10\/teleph_logo.jpg\"><img loading=\"lazy\" decoding=\"async\" class=\"alignnone wp-image-377\" src=\"https:\/\/arheo.ffzg.unizg.hr\/wp-content\/uploads\/2014\/10\/teleph_logo.jpg\" alt=\"teleph_logo\" width=\"19\" height=\"19\" \/><\/a> tel. 00385 1 6060 785, soba f 20<br \/><a href=\"https:\/\/arheo.ffzg.unizg.hr\/wp-content\/uploads\/2014\/10\/mail-logo.jpg\"><img loading=\"lazy\" decoding=\"async\" class=\"alignnone wp-image-374\" src=\"https:\/\/arheo.ffzg.unizg.hr\/wp-content\/uploads\/2014\/10\/mail-logo.jpg\" alt=\"mail-logo\" width=\"20\" height=\"15\" \/><\/a> mail: <a href=\"mailto:procelnik-arheologija@m.ffzg.unizg.hr\">procelnik-arheologija@m.ffzg.unizg.hr<\/a>; <a href=\"mailto:ikaic@ffzg.unizg.hr\">ikaic@<strong>@<\/strong>ffzg.unizg.hr<\/a><\/p>\n<hr \/>\n<p><b>Zamjenica pro\u010delnika<\/b>:<br \/>Doc. dr. sc. <strong>Janja Mavrovi\u0107 Mokos<\/strong><br \/><a href=\"https:\/\/arheo.ffzg.unizg.hr\/wp-content\/uploads\/2014\/10\/teleph_logo.jpg\"><img loading=\"lazy\" decoding=\"async\" class=\"alignnone wp-image-377\" src=\"https:\/\/arheo.ffzg.unizg.hr\/wp-content\/uploads\/2014\/10\/teleph_logo.jpg\" alt=\"teleph_logo\" width=\"20\" height=\"20\" \/><\/a> tel. 00385 1 6060 785, soba f 20<br \/><a href=\"https:\/\/arheo.ffzg.unizg.hr\/wp-content\/uploads\/2014\/10\/mail-logo.jpg\"><img loading=\"lazy\" decoding=\"async\" class=\"alignnone wp-image-374\" src=\"https:\/\/arheo.ffzg.unizg.hr\/wp-content\/uploads\/2014\/10\/mail-logo.jpg\" alt=\"mail-logo\" width=\"19\" height=\"15\" \/><\/a> mail:<\/p>\n<hr \/>\n<p><strong>Mentori nastavnici Odsjeka za arheologiju:<\/strong><\/p>\n<p><strong><span style=\"color: #0000ff;\"><em>Za prijediplomski studij<\/em><\/span><\/strong><\/p>\n<p>dr. sc. <strong>Josip Parat<\/strong>, vi\u0161i asistent<\/p>\n<p><a href=\"https:\/\/arheo.ffzg.unizg.hr\/wp-content\/uploads\/2014\/10\/mail-logo.jpg\"><img loading=\"lazy\" decoding=\"async\" class=\"alignnone wp-image-374\" src=\"https:\/\/arheo.ffzg.unizg.hr\/wp-content\/uploads\/2014\/10\/mail-logo.jpg\" alt=\"mail-logo\" width=\"20\" height=\"16\" \/><\/a> mail: <a href=\"mailto:joparat@ffzg.unizg.hr\">joparat@ffzg.unizg.hr<\/a><\/p>\n<p><strong><span style=\"color: #0000ff;\"><em>Za diplomski studij<\/em><\/span><\/strong><\/p>\n<ul>\n<li><strong><span style=\"color: #0000ff;\"><em>prapovijesni smjer:<\/em><\/span><\/strong><\/li>\n<\/ul>\n<p>Doc. dr. sc. <strong>Janja Mavrovi\u0107 Mokos<\/strong><\/p>\n<p><a href=\"https:\/\/arheo.ffzg.unizg.hr\/wp-content\/uploads\/2014\/10\/mail-logo.jpg\"><img loading=\"lazy\" decoding=\"async\" class=\"alignnone wp-image-374\" src=\"https:\/\/arheo.ffzg.unizg.hr\/wp-content\/uploads\/2014\/10\/mail-logo.jpg\" alt=\"mail-logo\" width=\"20\" height=\"16\" \/><\/a> mail: <a href=\"mailto:jmavrovi@ffzg.unizg.hr\">jmavrovi@ffzg.unizg.hr<\/a><\/p>\n<ul>\n<li><strong><em><span style=\"color: #0000ff;\">anti\u010dki smjer:<\/span><\/em><\/strong><\/li>\n<\/ul>\n<p>Doc. dr. sc. <strong>Ana Pavlovi\u0107<\/strong><\/p>\n<p><a href=\"https:\/\/arheo.ffzg.unizg.hr\/wp-content\/uploads\/2014\/10\/mail-logo.jpg\"><img loading=\"lazy\" decoding=\"async\" class=\"alignnone wp-image-374\" src=\"https:\/\/arheo.ffzg.unizg.hr\/wp-content\/uploads\/2014\/10\/mail-logo.jpg\" alt=\"mail-logo\" width=\"20\" height=\"16\" \/><\/a> mail: <a href=\"mailto:apavlovi3@ffzg.unizg.hr\">apavlovi3@ffzg.unizg.hr<\/a><\/p>\n<ul>\n<li><strong><em><span style=\"color: #0000ff;\">srednjovjekovni smjer:<\/span><\/em><\/strong><\/li>\n<\/ul>\n<p>dr. sc. <strong>Jana \u0160krgulja<\/strong>, vi\u0161a asistentica<\/p>\n<p><a href=\"https:\/\/arheo.ffzg.unizg.hr\/wp-content\/uploads\/2014\/10\/mail-logo.jpg\"><img loading=\"lazy\" decoding=\"async\" class=\"alignnone wp-image-374\" src=\"https:\/\/arheo.ffzg.unizg.hr\/wp-content\/uploads\/2014\/10\/mail-logo.jpg\" alt=\"mail-logo\" width=\"20\" height=\"16\" \/><\/a> mail: <a href=\"mailto:jskrgulj@ffzg.unizg.hr\">jskrgulj@ffzg.unizg.hr<\/a><\/p>\n<hr \/>\n<p><strong>Voditeljica Poslijediplomskog studija arheologije:<br \/><\/strong>Dr. sc. <strong>Helena Tomas<\/strong>, red. prof.<br \/><a href=\"https:\/\/arheo.ffzg.unizg.hr\/wp-content\/uploads\/2014\/10\/teleph_logo.jpg\"><img loading=\"lazy\" decoding=\"async\" class=\"alignnone wp-image-377\" src=\"https:\/\/arheo.ffzg.unizg.hr\/wp-content\/uploads\/2014\/10\/teleph_logo.jpg\" alt=\"teleph_logo\" width=\"19\" height=\"19\" \/><\/a> tel. tel. 00385 1 6060 789, soba f 1<br \/><a href=\"https:\/\/arheo.ffzg.unizg.hr\/wp-content\/uploads\/2014\/10\/mail-logo.jpg\"><img loading=\"lazy\" decoding=\"async\" class=\"alignnone wp-image-374\" src=\"https:\/\/arheo.ffzg.unizg.hr\/wp-content\/uploads\/2014\/10\/mail-logo.jpg\" alt=\"mail-logo\" width=\"20\" height=\"16\" \/><\/a> mail: <a href=\"mailto:htomas@ffzg.hr\">htomas@ffzg.unizg.hr<\/a><\/p>\n<hr \/>\n<p><strong>Zamjenica voditeljice Poslijediplomskog studija arheologije:<br \/><\/strong>Doc. dr. sc.<strong> Danijela Roksandi\u0107 Vukadin<\/strong><br \/><a href=\"https:\/\/arheo.ffzg.unizg.hr\/wp-content\/uploads\/2014\/10\/teleph_logo.jpg\"><img loading=\"lazy\" decoding=\"async\" class=\"alignnone wp-image-377\" src=\"https:\/\/arheo.ffzg.unizg.hr\/wp-content\/uploads\/2014\/10\/teleph_logo.jpg\" alt=\"teleph_logo\" width=\"20\" height=\"20\" \/><\/a> tel. 00385 1 6060 776, soba f 10<br \/><a href=\"https:\/\/arheo.ffzg.unizg.hr\/wp-content\/uploads\/2014\/10\/mail-logo.jpg\"><img loading=\"lazy\" decoding=\"async\" class=\"alignnone wp-image-374\" src=\"https:\/\/arheo.ffzg.unizg.hr\/wp-content\/uploads\/2014\/10\/mail-logo.jpg\" alt=\"mail-logo\" width=\"20\" height=\"15\" \/><\/a> mail: <a href=\"mailto:daroksan@m.ffzg.hr\">daroksan@m.ffzg.hr\u00a0<\/a><\/p>\n<hr \/>\n<p><strong>Predstojnik Arheolo\u0161kog zavoda Odsjeka za arheologiju:<\/strong><br \/>Dr. sc.<strong> Kre\u0161imir Filipec<\/strong>, red. prof.<br \/><strong><a href=\"https:\/\/arheo.ffzg.unizg.hr\/wp-content\/uploads\/2014\/10\/teleph_logo.jpg\"><img loading=\"lazy\" decoding=\"async\" class=\"alignnone wp-image-377\" src=\"https:\/\/arheo.ffzg.unizg.hr\/wp-content\/uploads\/2014\/10\/teleph_logo.jpg\" alt=\"teleph_logo\" width=\"20\" height=\"20\" \/><\/a><\/strong> tel. 00385 1 6060 785<br \/><a href=\"https:\/\/arheo.ffzg.unizg.hr\/wp-content\/uploads\/2014\/10\/mail-logo.jpg\"><img loading=\"lazy\" decoding=\"async\" class=\"alignnone wp-image-374\" src=\"https:\/\/arheo.ffzg.unizg.hr\/wp-content\/uploads\/2014\/10\/mail-logo.jpg\" alt=\"mail-logo\" width=\"20\" height=\"15\" \/><\/a> mail: <a href=\"mailto:azoza@ffzg.hr\" target=\"_blank\" rel=\"noopener noreferrer\">azoza@ffzg.hr<\/a><\/p>\n<hr \/>\n<p><strong>Koordinatorica terenske nastave Odsjeka za arheologiju:<br \/><\/strong>Dr. sc. <strong>Ina Miloglav<\/strong>, izv. prof.<br \/><a href=\"https:\/\/arheo.ffzg.unizg.hr\/wp-content\/uploads\/2014\/10\/teleph_logo.jpg\"><img loading=\"lazy\" decoding=\"async\" class=\"alignnone wp-image-377\" src=\"https:\/\/arheo.ffzg.unizg.hr\/wp-content\/uploads\/2014\/10\/teleph_logo.jpg\" alt=\"teleph_logo\" width=\"20\" height=\"20\" \/><\/a> tel. 00385 1 6060 775<br \/><a href=\"https:\/\/arheo.ffzg.unizg.hr\/wp-content\/uploads\/2014\/10\/mail-logo.jpg\"><img loading=\"lazy\" decoding=\"async\" class=\"alignnone wp-image-374\" src=\"https:\/\/arheo.ffzg.unizg.hr\/wp-content\/uploads\/2014\/10\/mail-logo.jpg\" alt=\"mail-logo\" width=\"20\" height=\"15\" \/><\/a> mail: <a href=\"mailto:imiloglav@ffzg.hr\">imiloglav@ffzg.unizg.hr<\/a><\/p>\n<hr \/>\n<p><strong>ISVU koordinatorica za preddiplomski i diplomski studij:<br \/><\/strong>dr. sc. <strong>Danijela Roksandi\u0107 Vukadin<\/strong>, doc.<br \/><a href=\"https:\/\/arheo.ffzg.unizg.hr\/wp-content\/uploads\/2014\/10\/teleph_logo.jpg\"><img loading=\"lazy\" decoding=\"async\" class=\"alignnone wp-image-377\" src=\"https:\/\/arheo.ffzg.unizg.hr\/wp-content\/uploads\/2014\/10\/teleph_logo.jpg\" alt=\"teleph_logo\" width=\"20\" height=\"20\" \/><\/a> tel. , soba f 10<br \/><a href=\"https:\/\/arheo.ffzg.unizg.hr\/wp-content\/uploads\/2014\/10\/mail-logo.jpg\"><img loading=\"lazy\" decoding=\"async\" class=\"alignnone wp-image-374\" src=\"https:\/\/arheo.ffzg.unizg.hr\/wp-content\/uploads\/2014\/10\/mail-logo.jpg\" alt=\"mail-logo\" width=\"20\" height=\"15\" \/><\/a> mail: daroksan@ffzg.unizg.hr<\/p>\n<hr \/>\n<p><strong>Erasmus+i ECTS koordinatorica:<br \/><\/strong>Dr. sc. <strong>Janja Mavrovi\u0107 Mokos<\/strong>, doc.<br \/><a href=\"https:\/\/arheo.ffzg.unizg.hr\/wp-content\/uploads\/2014\/10\/teleph_logo.jpg\"><img loading=\"lazy\" decoding=\"async\" class=\"alignnone wp-image-377\" src=\"https:\/\/arheo.ffzg.unizg.hr\/wp-content\/uploads\/2014\/10\/teleph_logo.jpg\" alt=\"teleph_logo\" width=\"17\" height=\"17\" \/><\/a> tel. 00385 1 6060 773, soba f 103<br \/><a href=\"https:\/\/arheo.ffzg.unizg.hr\/wp-content\/uploads\/2014\/10\/mail-logo.jpg\"><img loading=\"lazy\" decoding=\"async\" class=\"alignnone wp-image-374\" src=\"https:\/\/arheo.ffzg.unizg.hr\/wp-content\/uploads\/2014\/10\/mail-logo.jpg\" alt=\"mail-logo\" width=\"20\" height=\"15\" \/><\/a> mail: <a href=\"mailto:jmavrovi@ffzg.hr\" target=\"_blank\" rel=\"noopener noreferrer\">jmavrovi@ffzg.unizg.hr<\/a><\/p>\n<p><a href=\"mailto:mobilnost-arh@ffzg.hr\">mobilnost-arh@ffzg.hr<\/a><\/p>\n<hr \/>\n<p><strong>Povjerenstvo za upravljanje kvalitetom na Odsjeku za arheologiju\u00a0<\/strong><\/p>\n<p>Pro\u010delnica: <strong><a href=\"mailto:ikaic@m.ffzg.hr\">izv. prof. dr. sc Iva Kai\u0107<\/a><\/strong><\/p>\n<p>Povjerenica za kvalitetu: <strong><a href=\"mailto:vibubic@m.ffzg.hr\">doc. dr. sc. Vinka Matijevi\u0107<\/a><\/strong><\/p>\n<p>ISVU koordinatorica: <strong><a href=\"daroksan@m.ffzg.hr\">doc. dr. sc. Danijela Roksandi\u0107 Vukadin<\/a><\/strong><\/p>\n<p>Predstavnik studenata prijediplomskog studija: <strong><a href=\"lstosic@m.ffzg.hr\">Leonarda Sto\u0161i\u0107<\/a><\/strong><\/p>\n<p>Predstavnik studenata diplomskog studija: <a href=\"jadukic@m.ffzg.hr\"><strong>Jakov Duki\u0107<\/strong><\/a><\/p>\n<hr \/>\n<p><strong>Satni\u010dar:<br \/><\/strong>Dr. sc. <strong>Ana Pavlovi\u0107<\/strong>, doc.<br \/><a href=\"https:\/\/arheo.ffzg.unizg.hr\/wp-content\/uploads\/2014\/10\/teleph_logo.jpg\"><img loading=\"lazy\" decoding=\"async\" class=\"alignnone wp-image-377\" src=\"https:\/\/arheo.ffzg.unizg.hr\/wp-content\/uploads\/2014\/10\/teleph_logo.jpg\" alt=\"teleph_logo\" width=\"19\" height=\"19\" \/><\/a> tel. 00385 1 6060 783, soba f 5<br \/><a href=\"https:\/\/arheo.ffzg.unizg.hr\/wp-content\/uploads\/2014\/10\/mail-logo.jpg\"><img loading=\"lazy\" decoding=\"async\" class=\"alignnone wp-image-374\" src=\"https:\/\/arheo.ffzg.unizg.hr\/wp-content\/uploads\/2014\/10\/mail-logo.jpg\" alt=\"mail-logo\" width=\"18\" height=\"14\" \/><\/a> mail: <a href=\"mailto:apavlovi3@ffzg.hr\" target=\"_blank\" rel=\"noopener noreferrer\">apavlovi3@ffzg.unizg.hr<\/a><\/p>\n<hr \/>\n<p><strong>Knji\u017eni\u010darka:<br \/>Marija Vukovojac-Dugan<\/strong><br \/><a href=\"https:\/\/arheo.ffzg.unizg.hr\/wp-content\/uploads\/2014\/10\/teleph_logo.jpg\"><img loading=\"lazy\" decoding=\"async\" class=\"alignnone wp-image-377\" src=\"https:\/\/arheo.ffzg.unizg.hr\/wp-content\/uploads\/2014\/10\/teleph_logo.jpg\" alt=\"teleph_logo\" width=\"18\" height=\"18\" \/><\/a> tel. 00385 1 4092-228, Knji\u017enica Fakulteta, soba 2.10<br \/><a href=\"https:\/\/arheo.ffzg.unizg.hr\/wp-content\/uploads\/2014\/10\/mail-logo.jpg\"><img loading=\"lazy\" decoding=\"async\" class=\"alignnone wp-image-374\" src=\"https:\/\/arheo.ffzg.unizg.hr\/wp-content\/uploads\/2014\/10\/mail-logo.jpg\" alt=\"mail-logo\" width=\"20\" height=\"15\" \/><\/a> mail: <a href=\"mailto:mavukovo@m.ffzg.hr\">mavukovo@m.ffzg.hr\u00a0<\/a><\/p>\n<hr \/>\n<p><strong>CEEPUS koordinator:<br \/><\/strong>Dr. sc.<strong> Josip Parat<\/strong>, vi\u0161i asistent<strong><br \/><a href=\"https:\/\/arheo.ffzg.unizg.hr\/wp-content\/uploads\/2014\/10\/teleph_logo.jpg\"><img loading=\"lazy\" decoding=\"async\" class=\"alignnone wp-image-377\" src=\"https:\/\/arheo.ffzg.unizg.hr\/wp-content\/uploads\/2014\/10\/teleph_logo.jpg\" alt=\"teleph_logo\" width=\"18\" height=\"18\" \/><\/a> <\/strong>tel. 00385 1 6060 781, soba f 7<br \/><a href=\"https:\/\/arheo.ffzg.unizg.hr\/wp-content\/uploads\/2014\/10\/mail-logo.jpg\"><img loading=\"lazy\" decoding=\"async\" class=\"alignnone wp-image-374\" src=\"https:\/\/arheo.ffzg.unizg.hr\/wp-content\/uploads\/2014\/10\/mail-logo.jpg\" alt=\"mail-logo\" width=\"21\" height=\"16\" \/><\/a> mail: joparat@ffzg.unizg.hr\u00a0<\/p>\n<hr \/>\n<p><strong>Web-administratori:<br \/>\u017deljka Vukeli\u0107<\/strong>, tajnica<strong>; <\/strong>Dr. sc. <strong>Marcel Buri\u0107<\/strong>, izv. prof.<br \/><strong><a href=\"https:\/\/arheo.ffzg.unizg.hr\/wp-content\/uploads\/2014\/10\/teleph_logo.jpg\"><img loading=\"lazy\" decoding=\"async\" class=\"alignnone wp-image-377\" src=\"https:\/\/arheo.ffzg.unizg.hr\/wp-content\/uploads\/2014\/10\/teleph_logo.jpg\" alt=\"teleph_logo\" width=\"20\" height=\"20\" \/><\/a><\/strong> tel: +385 (1) 6060 777, soba f 19; tel. 00385 1 6060 778, soba f 8<br \/><a href=\"https:\/\/arheo.ffzg.unizg.hr\/wp-content\/uploads\/2014\/10\/mail-logo.jpg\"><img loading=\"lazy\" decoding=\"async\" class=\"alignnone wp-image-374\" src=\"https:\/\/arheo.ffzg.unizg.hr\/wp-content\/uploads\/2014\/10\/mail-logo.jpg\" alt=\"mail-logo\" width=\"19\" height=\"15\" \/><\/a> mail: <a href=\"mailto:mburic@ffzg.hr\">mburic@ffzg.unizg.hr<\/a><\/p>\n<hr \/>\n\n\n<p><strong>Administratori Instagram i Facebook profila Odsjeka:<br><\/strong>Dr. sc. <strong>Mirna Cvetko<\/strong>, doc.; Dr. sc. <strong>Iva Kai\u0107<\/strong>, izv. prof.<br><img loading=\"lazy\" decoding=\"async\" width=\"20\" height=\"20\" class=\"wp-image-377\" style=\"width: 20px;\" src=\"https:\/\/arheo.ffzg.unizg.hr\/wp-content\/uploads\/2014\/10\/teleph_logo.jpg\" alt=\"\"> tel: +385 (1) 6060 785, soba f 6; tel. 00385 1 6060 785, soba f 20                   <img loading=\"lazy\" decoding=\"async\" width=\"20\" height=\"15\" class=\"wp-image-374\" style=\"width: 20px;\" src=\"https:\/\/arheo.ffzg.unizg.hr\/wp-content\/uploads\/2014\/10\/mail-logo.jpg\" alt=\"\"> mail: <a href=\"mailto:mvukov@ffzg.hr\">mvukov@ffzg.unizg.hr<\/a>, <a href=\"mailto:ikaic@ffzg.hr\">ikaic@ffzg.unizg.hr<\/a><\/p>\n\n\n\n<p><\/p>\n","protected":false},"excerpt":{"rendered":"<p>Adresa:Filozofski fakultet Sveu\u010dili\u0161te u ZagrebuOdsjek za arheologijuIvana Lu\u010di\u0107a 310000 Zagreb Tajnica:\u017deljka Vukeli\u0107 mail: arheologija@ffzg.hr tel: +385 (1) 6060 777, soba f 19 Pro\u010delnica:Izv. prof. dr. sc. Iva Kai\u0107 tel. 00385 1 6060 785, soba f 20 mail: procelnik-arheologija@m.ffzg.unizg.hr; ikaic@@ffzg.unizg.hr Zamjenica pro\u010delnika:Doc. dr. sc. Janja Mavrovi\u0107 Mokos tel. 00385 1 6060 785, soba f 20 mail: [&hellip;]<\/p>\n","protected":false},"author":3,"featured_media":0,"parent":0,"menu_order":0,"comment_status":"closed","ping_status":"closed","template":"","meta":{"footnotes":""},"class_list":["post-1005","page","type-page","status-publish","hentry"],"_links":{"self":[{"href":"https:\/\/arheo.ffzg.unizg.hr\/index.php?rest_route=\/wp\/v2\/pages\/1005","targetHints":{"allow":["GET"]}}],"collection":[{"href":"https:\/\/arheo.ffzg.unizg.hr\/index.php?rest_route=\/wp\/v2\/pages"}],"about":[{"href":"https:\/\/arheo.ffzg.unizg.hr\/index.php?rest_route=\/wp\/v2\/types\/page"}],"author":[{"embeddable":true,"href":"https:\/\/arheo.ffzg.unizg.hr\/index.php?rest_route=\/wp\/v2\/users\/3"}],"replies":[{"embeddable":true,"href":"https:\/\/arheo.ffzg.unizg.hr\/index.php?rest_route=%2Fwp%2Fv2%2Fcomments&post=1005"}],"version-history":[{"count":48,"href":"https:\/\/arheo.ffzg.unizg.hr\/index.php?rest_route=\/wp\/v2\/pages\/1005\/revisions"}],"predecessor-version":[{"id":8518,"href":"https:\/\/arheo.ffzg.unizg.hr\/index.php?rest_route=\/wp\/v2\/pages\/1005\/revisions\/8518"}],"wp:attachment":[{"href":"https:\/\/arheo.ffzg.unizg.hr\/index.php?rest_route=%2Fwp%2Fv2%2Fmedia&parent=1005"}],"curies":[{"name":"wp","href":"https:\/\/api.w.org\/{rel}","templated":true}]}}